{"id":107801,"date":"2026-01-15T10:45:00","date_gmt":"2026-01-15T08:45:00","guid":{"rendered":"https:\/\/sezona.lv\/?post_type=product&#038;p=107801"},"modified":"2026-01-26T08:49:33","modified_gmt":"2026-01-26T06:49:33","slug":"norfin-element-xxl-izmers","status":"publish","type":"product","link":"https:\/\/sezona.lv\/en\/products\/norfin-element-xxl-izmers\/","title":{"rendered":"Norfin ELEMENT+ XXL izm\u0113rs"},"content":{"rendered":"<p>Norfin ELEMENT+ XXL izm\u0113rs.<\/p>\n<p>Ziemas kost\u012bms mak\u0161\u0137erniekiem priek\u0161 ekstr\u0113miem laika apst\u0101k\u013ciem.<\/p>\n<p>Siltin\u0101ta kapuce un augsta apkakle aizsarg\u0101s no v\u0113ja un sniega.<\/p>\n<p>Paredz\u0113ts izmanto\u0161anai gaisa temperat\u016br\u0101 l\u012bdz -35C.<\/p>\n<p>\u012apa\u0161i silts kost\u012bms. Siltin\u0101tas roku sild\u0101m\u0101s kabatas. Lakonisks dizains.<\/p>\n<p>JAKA:<\/p>\n<ul>\n<li>Kapuce ar nagu<\/li>\n<li>Augsta apkakle<\/li>\n<li>Dubultais r\u0101v\u0113jsl\u0113dz\u0113js ar atloku<\/li>\n<li>Regul\u0113jams viduk\u013ca apjoms<\/li>\n<li>Divas s\u0101nu un kr\u016b\u0161u kabatas ar atlokiem<\/li>\n<li>Elast\u012bgas iek\u0161\u0113j\u0101s man\u017eetes<\/li>\n<li>Regul\u0113jamas \u0101r\u0113j\u0101s man\u017eetes piedurkn\u0113m<\/li>\n<li>R\u016bp\u012bgi nol\u012bm\u0113tas \u0161uves<\/li>\n<\/ul>\n<p>PUSKOMBINEZONS:<\/p>\n<ul>\n<li>Garum\u0101 regul\u0113jamas, elast\u012bgas lences<\/li>\n<li>Dubultais r\u0101v\u0113jsl\u0113dz\u0113js ar atloku<\/li>\n<li>Divas \u0113rtas, ietilp\u012bgas kabatas<\/li>\n<li>Bik\u0161u staras attais\u0101mas ar r\u0101v\u0113jsl\u0113dz\u0113ju<\/li>\n<li>Cilpas jostas ievilk\u0161anai<\/li>\n<\/ul>\n","protected":false},"excerpt":{"rendered":"<p>Norfin ELEMENT+ XXL izm\u0113rs. Ziemas kost\u012bms mak\u0161\u0137erniekiem priek\u0161 ekstr\u0113miem laika apst\u0101k\u013ciem. Siltin\u0101ta kapuce un augsta apkakle aizsarg\u0101s no v\u0113ja un sniega. Paredz\u0113ts izmanto\u0161anai gaisa temperat\u016br\u0101 l\u012bdz -35C. \u012apa\u0161i silts kost\u012bms. Siltin\u0101tas roku sild\u0101m\u0101s kabatas. Lakonisks dizains. JAKA: Kapuce ar nagu Augsta apkakle Dubultais r\u0101v\u0113jsl\u0113dz\u0113js ar atloku Regul\u0113jams viduk\u013ca apjoms Divas s\u0101nu un kr\u016b\u0161u kabatas ar [&hellip;]<\/p>\n","protected":false},"featured_media":107807,"template":"","meta":[],"product_brand":[899],"product_cat":[2905,3278],"product_tag":[5676],"class_list":{"0":"post-107801","1":"product","2":"type-product","3":"status-publish","4":"has-post-thumbnail","6":"product_brand-norfin","7":"product_cat-norfin-kostimi","8":"product_cat-ziemas-makskeresanas-kostimi","9":"product_tag-norfin-element-xxl-izmers","11":"first","12":"outofstock","13":"sale","14":"shipping-taxable","15":"purchasable","16":"product-type-variable"},"_links":{"self":[{"href":"https:\/\/sezona.lv\/en\/wp-json\/wp\/v2\/product\/107801","targetHints":{"allow":["GET"]}}],"collection":[{"href":"https:\/\/sezona.lv\/en\/wp-json\/wp\/v2\/product"}],"about":[{"href":"https:\/\/sezona.lv\/en\/wp-json\/wp\/v2\/types\/product"}],"wp:featuredmedia":[{"embeddable":true,"href":"https:\/\/sezona.lv\/en\/wp-json\/wp\/v2\/media\/107807"}],"wp:attachment":[{"href":"https:\/\/sezona.lv\/en\/wp-json\/wp\/v2\/media?parent=107801"}],"wp:term":[{"taxonomy":"product_brand","embeddable":true,"href":"https:\/\/sezona.lv\/en\/wp-json\/wp\/v2\/product_brand?post=107801"},{"taxonomy":"product_cat","embeddable":true,"href":"https:\/\/sezona.lv\/en\/wp-json\/wp\/v2\/product_cat?post=107801"},{"taxonomy":"product_tag","embeddable":true,"href":"https:\/\/sezona.lv\/en\/wp-json\/wp\/v2\/product_tag?post=107801"}],"curies":[{"name":"wp","href":"https:\/\/api.w.org\/{rel}","templated":true}]}}