{"id":107952,"date":"2026-01-15T15:19:22","date_gmt":"2026-01-15T13:19:22","guid":{"rendered":"https:\/\/sezona.lv\/?post_type=product&#038;p=107952"},"modified":"2026-01-15T15:24:58","modified_gmt":"2026-01-15T13:24:58","slug":"ziemas-makskere-fin-422-02-kopija-kopija-kopija-kopija-kopija-kopija-2","status":"publish","type":"product","link":"https:\/\/sezona.lv\/en\/products\/ziemas-makskere-fin-422-02-kopija-kopija-kopija-kopija-kopija-kopija-2\/","title":{"rendered":"Ziemas mak\u0161\u0137ere FIN (422-02) (Kopija) (Kopija) (Kopija) (Kopija) (Kopija) (Kopija)"},"content":{"rendered":"<p>Popul\u0101ras, skandin\u0101vu stil\u0101 izgatavotas ziemas mak&scaron;\u0137eres. Spices  komplekt\u0113tas ar gala ri\u0146\u0137iem. Ieteicamas darbam ar vertik\u0101lajiem un  horizont\u0101lajiem ziemas vizu\u013ciem, bet vienl\u012bdz veiksm\u012bgi izmantojamas ar\u012b  citiem \u0137er&scaron;anas veidiem.<\/p>\n<p>-garums 32cm<\/p>\n<p>-spoles diametrs 55mm<\/p>\n","protected":false},"excerpt":{"rendered":"<p>Popul\u0101ras, skandin\u0101vu stil\u0101 izgatavotas ziemas mak&scaron;\u0137eres. Spices komplekt\u0113tas ar gala ri\u0146\u0137iem. Ieteicamas darbam ar vertik\u0101lajiem un horizont\u0101lajiem ziemas vizu\u013ciem, bet vienl\u012bdz veiksm\u012bgi izmantojamas ar\u012b citiem \u0137er&scaron;anas veidiem. -garums 32cm -spoles diametrs 55mm<\/p>\n","protected":false},"featured_media":107953,"template":"","meta":[],"product_brand":[894],"product_cat":[4586],"product_tag":[],"class_list":{"0":"post-107952","1":"product","2":"type-product","3":"status-publish","4":"has-post-thumbnail","6":"product_brand-salmo","7":"product_cat-winter-fishing-rod-winter-fishing-equipment-recreation","9":"first","10":"instock","11":"shipping-taxable","12":"purchasable","13":"product-type-simple"},"_links":{"self":[{"href":"https:\/\/sezona.lv\/en\/wp-json\/wp\/v2\/product\/107952","targetHints":{"allow":["GET"]}}],"collection":[{"href":"https:\/\/sezona.lv\/en\/wp-json\/wp\/v2\/product"}],"about":[{"href":"https:\/\/sezona.lv\/en\/wp-json\/wp\/v2\/types\/product"}],"wp:featuredmedia":[{"embeddable":true,"href":"https:\/\/sezona.lv\/en\/wp-json\/wp\/v2\/media\/107953"}],"wp:attachment":[{"href":"https:\/\/sezona.lv\/en\/wp-json\/wp\/v2\/media?parent=107952"}],"wp:term":[{"taxonomy":"product_brand","embeddable":true,"href":"https:\/\/sezona.lv\/en\/wp-json\/wp\/v2\/product_brand?post=107952"},{"taxonomy":"product_cat","embeddable":true,"href":"https:\/\/sezona.lv\/en\/wp-json\/wp\/v2\/product_cat?post=107952"},{"taxonomy":"product_tag","embeddable":true,"href":"https:\/\/sezona.lv\/en\/wp-json\/wp\/v2\/product_tag?post=107952"}],"curies":[{"name":"wp","href":"https:\/\/api.w.org\/{rel}","templated":true}]}}