{"id":108382,"date":"2026-01-20T09:56:17","date_gmt":"2026-01-20T07:56:17","guid":{"rendered":"https:\/\/sezona.lv\/?post_type=product&#038;p=108382"},"modified":"2026-01-20T14:02:32","modified_gmt":"2026-01-20T12:02:32","slug":"ccm-supertacks-as550-pre-sharpened-slidas","status":"publish","type":"product","link":"https:\/\/sezona.lv\/en\/products\/ccm-supertacks-as550-pre-sharpened-slidas\/","title":{"rendered":"CCM SuperTacks AS550 Pre-Sharpened slidas"},"content":{"rendered":"<p>Super Tacks AS550 hokeja slidas ir paredz\u0113tas sp\u0113l\u0113t\u0101jiem, kas tikai s\u0101k sp\u0113l\u0113t un v\u0113las uzticamas slidas par pie\u0146emamu cenu.<\/p>\n<p>CCM Super Tacks AS550 ir paredz\u0113tas atp\u016btas vai ies\u0101c\u0113ja l\u012bme\u0146a sp\u0113l\u0113t\u0101jiem, kuri slido da\u017eas reizes m\u0113nes\u012b.<\/p>\n<p>\u0160is modelis ir ide\u0101ls b\u0113rniem, kuri sper pirmos so\u013cus uz ledus vai slido atp\u016btas nol\u016bk\u0101, vienlaikus izmantojot Tacks l\u012bnijas stabilit\u0101ti un veiktsp\u0113ju.<\/p>\n<p>3D injekcijas tehnolo\u0123ija nodro\u0161ina ergonomisku formu un dro\u0161u piestiprin\u0101jumu, pal\u012bdzot jaunajiem sp\u0113l\u0113t\u0101jiem saglab\u0101t lab\u0101ku kontroli un l\u012bdzsvaru. \u0160\u012b apavu konstrukcija saglab\u0101 savu formu ilgsto\u0161i, nodro\u0161inot stabilu atbalstu vis\u0101 sezon\u0101.<\/p>\n<p>Iek\u0161pus\u0113 HD mikro\u0161\u0137iedras oder\u0113jums nodro\u0161ina iztur\u012bbu, mitruma vad\u012bbu un papildu komfortu katr\u0101 slido\u0161anas sesij\u0101. Anatomiskais putu polster\u0113jums ap pot\u012bti nodro\u0161ina pareizu p\u0113das novietojumu un uzlabotu stabilit\u0101ti, kas ir b\u016btiski jaunajiem slidot\u0101jiem, kuri apg\u016bst pareizu slido\u0161anas tehniku.<\/p>\n<p>5 mm filca m\u0113le ar ieb\u016bv\u0113tu aizsardz\u012bbu pret auklas iespie\u0161anos aizsarg\u0101 p\u0113das aug\u0161da\u013cu no auklas spiediena un triecieniem, uzlabojot komfortu gar\u0101s treni\u0146os vai sp\u0113l\u0113s.<\/p>\n<p>CCM Footbed stabiliz\u0113 p\u0113du un uzlabo kop\u0113jo slido\u0161anas komfortu, pal\u012bdzot sp\u0113l\u0113t\u0101jiem saglab\u0101t pareizu izvietojumu un efekt\u012bv\u0101k atspiesties.<\/p>\n<p>Slidas ir apr\u012bkotas ar iepriek\u0161 asin\u0101tu ner\u016bs\u0113jo\u0161\u0101 t\u0113rauda asmeni, kas \u013cauj sp\u0113l\u0113t\u0101jiem uzreiz doties uz ledus, bez nepiecie\u0161am\u012bbas asin\u0101t. Kop\u0101 ar CCM SpeedBlade tur\u0113t\u0101ju, paaugstin\u0101tais dizains uzlabo uzbrukuma le\u0146\u0137i un veikl\u012bbu, atvieglojot pagriezienus, pa\u0101trin\u0101jumu un l\u012bdzsvara saglab\u0101\u0161anu.<\/p>\n<p>Izm\u0113ri:<\/p>\n<p>Y- B\u0113rnu<\/p>\n<p>JR- Jaunie\u0161u<\/p>\n<p>SR- Pieaugu\u0161o<\/p>\n<p><iframe loading=\"lazy\" title=\"CCM Tacks AS-550 Skate Review\" width=\"640\" height=\"360\" src=\"https:\/\/www.youtube.com\/embed\/tu_rzoO3b1Y?feature=oembed\" frameborder=\"0\" allow=\"accelerometer; autoplay; clipboard-write; encrypted-media; gyroscope; picture-in-picture; web-share\" referrerpolicy=\"strict-origin-when-cross-origin\" allowfullscreen><\/iframe><\/p>\n<p><img loading=\"lazy\" decoding=\"async\" class=\"alignnone wp-image-108425\" src=\"https:\/\/sezona.lv\/wp-content\/uploads\/2026\/01\/CCM-hokeja-slidu-tabula-132x300.jpeg\" alt=\"\" width=\"503\" height=\"1143\" srcset=\"https:\/\/sezona.lv\/wp-content\/uploads\/2026\/01\/CCM-hokeja-slidu-tabula-132x300.jpeg 132w, https:\/\/sezona.lv\/wp-content\/uploads\/2026\/01\/CCM-hokeja-slidu-tabula-450x1024.jpeg 450w, https:\/\/sezona.lv\/wp-content\/uploads\/2026\/01\/CCM-hokeja-slidu-tabula-150x342.jpeg 150w, https:\/\/sezona.lv\/wp-content\/uploads\/2026\/01\/CCM-hokeja-slidu-tabula-300x683.jpeg 300w\" sizes=\"auto, (max-width: 503px) 100vw, 503px\" \/><\/p>\n","protected":false},"excerpt":{"rendered":"<p>Super Tacks AS550 hokeja slidas ir paredz\u0113tas sp\u0113l\u0113t\u0101jiem, kas tikai s\u0101k sp\u0113l\u0113t un v\u0113las uzticamas slidas par pie\u0146emamu cenu. CCM Super Tacks AS550 ir paredz\u0113tas atp\u016btas vai ies\u0101c\u0113ja l\u012bme\u0146a sp\u0113l\u0113t\u0101jiem, kuri slido da\u017eas reizes m\u0113nes\u012b. \u0160is modelis ir ide\u0101ls b\u0113rniem, kuri sper pirmos so\u013cus uz ledus vai slido atp\u016btas nol\u016bk\u0101, vienlaikus izmantojot Tacks l\u012bnijas stabilit\u0101ti [&hellip;]<\/p>\n","protected":false},"featured_media":108399,"template":"","meta":[],"product_brand":[],"product_cat":[2902],"product_tag":[5748],"class_list":{"0":"post-108382","1":"product","2":"type-product","3":"status-publish","4":"has-post-thumbnail","6":"product_cat-slidas","7":"product_tag-ccm-supertacks-as550-pre-sharpened-slidas","9":"first","10":"instock","11":"shipping-taxable","12":"purchasable","13":"product-type-variable"},"_links":{"self":[{"href":"https:\/\/sezona.lv\/en\/wp-json\/wp\/v2\/product\/108382","targetHints":{"allow":["GET"]}}],"collection":[{"href":"https:\/\/sezona.lv\/en\/wp-json\/wp\/v2\/product"}],"about":[{"href":"https:\/\/sezona.lv\/en\/wp-json\/wp\/v2\/types\/product"}],"wp:featuredmedia":[{"embeddable":true,"href":"https:\/\/sezona.lv\/en\/wp-json\/wp\/v2\/media\/108399"}],"wp:attachment":[{"href":"https:\/\/sezona.lv\/en\/wp-json\/wp\/v2\/media?parent=108382"}],"wp:term":[{"taxonomy":"product_brand","embeddable":true,"href":"https:\/\/sezona.lv\/en\/wp-json\/wp\/v2\/product_brand?post=108382"},{"taxonomy":"product_cat","embeddable":true,"href":"https:\/\/sezona.lv\/en\/wp-json\/wp\/v2\/product_cat?post=108382"},{"taxonomy":"product_tag","embeddable":true,"href":"https:\/\/sezona.lv\/en\/wp-json\/wp\/v2\/product_tag?post=108382"}],"curies":[{"name":"wp","href":"https:\/\/api.w.org\/{rel}","templated":true}]}}