{"id":108604,"date":"2026-03-03T15:08:04","date_gmt":"2026-03-03T13:08:04","guid":{"rendered":"https:\/\/sezona.lv\/?post_type=product&#038;p=108604"},"modified":"2026-03-03T15:12:58","modified_gmt":"2026-03-03T13:12:58","slug":"spole-daiwa-legalis-lt-2500-kopija","status":"publish","type":"product","link":"https:\/\/sezona.lv\/en\/products\/spole-daiwa-legalis-lt-2500-kopija\/","title":{"rendered":"Spole DAIWA LEGALIS LT 2500 (Kopija)"},"content":{"rendered":"<p>DAIWA LEGALIS LT 20 ir atjaunin\u0101ts LEGALIS LT modelis!<\/p>\n<div id=\"cke_pastebin\">Ar &scaron;o spoli un taj\u0101 eso&scaron;aj\u0101m tehnolo\u0123ij\u0101m &#8211; Daiwa pier\u0101da, ka ar\u012b budz\u0113ta klases spol\u0113s ir iesp\u0113jamas visas jaun\u0101k\u0101s tehnolo\u0123ijas.<\/div>\n<div>&nbsp;<\/div>\n<div id=\"cke_pastebin\">20&#8242; Legalis s\u0113rija ir balst\u012bta ar\u012b uz labi izveidoto LT koncepciju un pied\u0101v\u0101 visaugst\u0101kos kvalit\u0101tes standartus ar neticamu cenas un kvalit\u0101tes attiec\u012bbu.&nbsp;<\/div>\n<div>&nbsp;<\/div>\n<div id=\"cke_pastebin\">Samazinot spoles izm\u0113rus un izmantojot jauno un novatorisko Zaion V materi\u0101lu, DAIWA izdev\u0101s v\u0113l vair\u0101k samazin\u0101t spoles svaru &#8211; k\u0101 rezult\u0101t\u0101 20 &#8216;Legalis LT 2500 svars ir tikai 200 grami!&nbsp;<\/div>\n<div>Galven\u0101s LEGALIS LT priek&scaron;roc\u012bbas:<\/div>\n<div id=\"cke_pastebin\">\n<ul>\n<li>LT (Light &amp; Tough) &ndash; jaun\u0101kais Daiwa ra\u017eo&scaron;anas koncepts<\/li>\n<li>Zaion V body &ndash; spoles korpuss ir veidots no jauna kompoz\u012bt materi\u0101la<\/li>\n<li>5 gult\u0146i<\/li>\n<li>Zaion Air rotor &ndash; speci\u0101las formas rotors, kur&scaron; ir veidots no kompoz\u012btmateri\u0101liem<\/li>\n<li>TOUGH DIGIGEAR &ndash; galvenais p\u0101ris, kur&scaron; veidots p\u0113c jaun\u0101kas tehnolo\u0123ijas, ar prec\u012bzi izgrieztiem zobratiem<\/li>\n<li>ATD drag system &ndash; darba brem\u017eu sist\u0113ma, kas nodro&scaron;ina \u013coti prec\u012bzu regul\u0101ciju<\/li>\n<li>Infinite Anti-Reverse&reg;<\/li>\n<li>Cross wrap system &ndash; krusteniska p\u012bt\u0101s auklas uzkl\u0101&scaron;ana<\/li>\n<li>Aluminium Air spool &ndash; alum\u012bnija auklas kasete, speci\u0101las formas, lai atvieglotu auklas not\u012b&scaron;anos<\/li>\n<li>CNC cut aluminum handle &ndash; uz CNC iek\u0101rt\u0101m izgriezts alum\u012bnija spoles rokturis<\/li>\n<li>Hi-Grip handle knob &ndash; \u0113rts un nesl\u012bdo&scaron;s roktura knobs<\/li>\n<li>AIR BAIL &ndash; spoles loci\u0146&scaron; ir no viengabala<\/li>\n<li>Twist Buster II line roller &ndash; speci\u0101las formas auklas uzkl\u0101j\u0113js<\/li>\n<\/ul>\n<\/div>\n<div>\n<table style=\"text-align: center\" border=\"0\">\n<tbody>\n<tr>\n<td>Kods<\/td>\n<td>Svars (g)<\/td>\n<td>Modelis<\/td>\n<td>Gult\u0146i<\/td>\n<td>Auklas ietilp\u012bba mm\/m<\/td>\n<td>Zobratu attiec\u012bba<\/td>\n<\/tr>\n<tr>\n<td>10425-250<\/td>\n<td>205<\/td>\n<td>2500<\/td>\n<td>5<\/td>\n<td>150\/0.20<\/td>\n<td>5.3:1<\/td>\n<\/tr>\n<\/tbody>\n<\/table>\n<\/div>\n","protected":false},"excerpt":{"rendered":"<p>DAIWA LEGALIS LT 20 ir atjaunin\u0101ts LEGALIS LT modelis! Ar &scaron;o spoli un taj\u0101 eso&scaron;aj\u0101m tehnolo\u0123ij\u0101m &#8211; Daiwa pier\u0101da, ka ar\u012b budz\u0113ta klases spol\u0113s ir iesp\u0113jamas visas jaun\u0101k\u0101s tehnolo\u0123ijas. &nbsp; 20&#8242; Legalis s\u0113rija ir balst\u012bta ar\u012b uz labi izveidoto LT koncepciju un pied\u0101v\u0101 visaugst\u0101kos kvalit\u0101tes standartus ar neticamu cenas un kvalit\u0101tes attiec\u012bbu.&nbsp; &nbsp; Samazinot spoles [&hellip;]<\/p>\n","protected":false},"featured_media":108607,"template":"","meta":[],"product_brand":[],"product_cat":[5030],"product_tag":[],"class_list":{"0":"post-108604","1":"product","2":"type-product","3":"status-publish","4":"has-post-thumbnail","6":"product_cat-daiwa-reels-spinning-reels-reels-fishing-equipment-recreation","8":"first","9":"instock","10":"sale","11":"shipping-taxable","12":"purchasable","13":"product-type-simple"},"_links":{"self":[{"href":"https:\/\/sezona.lv\/en\/wp-json\/wp\/v2\/product\/108604","targetHints":{"allow":["GET"]}}],"collection":[{"href":"https:\/\/sezona.lv\/en\/wp-json\/wp\/v2\/product"}],"about":[{"href":"https:\/\/sezona.lv\/en\/wp-json\/wp\/v2\/types\/product"}],"wp:featuredmedia":[{"embeddable":true,"href":"https:\/\/sezona.lv\/en\/wp-json\/wp\/v2\/media\/108607"}],"wp:attachment":[{"href":"https:\/\/sezona.lv\/en\/wp-json\/wp\/v2\/media?parent=108604"}],"wp:term":[{"taxonomy":"product_brand","embeddable":true,"href":"https:\/\/sezona.lv\/en\/wp-json\/wp\/v2\/product_brand?post=108604"},{"taxonomy":"product_cat","embeddable":true,"href":"https:\/\/sezona.lv\/en\/wp-json\/wp\/v2\/product_cat?post=108604"},{"taxonomy":"product_tag","embeddable":true,"href":"https:\/\/sezona.lv\/en\/wp-json\/wp\/v2\/product_tag?post=108604"}],"curies":[{"name":"wp","href":"https:\/\/api.w.org\/{rel}","templated":true}]}}