{"id":108659,"date":"2026-03-04T09:36:50","date_gmt":"2026-03-04T07:36:50","guid":{"rendered":"https:\/\/sezona.lv\/?post_type=product&#038;p=108659"},"modified":"2026-03-04T09:40:02","modified_gmt":"2026-03-04T07:40:02","slug":"deeper-fishfinder-nakts-uzlika-kopija-kopija-kopija-kopija-kopija-kopija-kopija-kopija-kopija","status":"publish","type":"product","link":"https:\/\/sezona.lv\/en\/products\/deeper-fishfinder-nakts-uzlika-kopija-kopija-kopija-kopija-kopija-kopija-kopija-kopija-kopija\/","title":{"rendered":"DEEPER FISHFINDER nakts uzlika (Kopija) (Kopija) (Kopija) (Kopija) (Kopija) (Kopija) (Kopija) (Kopija) (Kopija)"},"content":{"rendered":"<p>DEEPER FISHFINDER nakts uzlika oran\u017e\u0101 kr\u0101s\u0101.<\/p>\n<p>Izm\u0113rs: 7&#215;4.5&#215;9.5cm<\/p>\n<p>Svars: 0.03kg<\/p>\n","protected":false},"excerpt":{"rendered":"<p>DEEPER FISHFINDER nakts uzlika oran\u017e\u0101 kr\u0101s\u0101. Izm\u0113rs: 7&#215;4.5&#215;9.5cm Svars: 0.03kg<\/p>\n","protected":false},"featured_media":108660,"template":"","meta":[],"product_brand":[],"product_cat":[4741,4782],"product_tag":[],"class_list":{"0":"post-108659","1":"product","2":"type-product","3":"status-publish","4":"has-post-thumbnail","6":"product_cat-eholots-navigation-watches-radios","7":"product_cat-navigation-watches-radios-recreation","9":"first","10":"outofstock","11":"shipping-taxable","12":"purchasable","13":"product-type-simple"},"_links":{"self":[{"href":"https:\/\/sezona.lv\/en\/wp-json\/wp\/v2\/product\/108659","targetHints":{"allow":["GET"]}}],"collection":[{"href":"https:\/\/sezona.lv\/en\/wp-json\/wp\/v2\/product"}],"about":[{"href":"https:\/\/sezona.lv\/en\/wp-json\/wp\/v2\/types\/product"}],"wp:featuredmedia":[{"embeddable":true,"href":"https:\/\/sezona.lv\/en\/wp-json\/wp\/v2\/media\/108660"}],"wp:attachment":[{"href":"https:\/\/sezona.lv\/en\/wp-json\/wp\/v2\/media?parent=108659"}],"wp:term":[{"taxonomy":"product_brand","embeddable":true,"href":"https:\/\/sezona.lv\/en\/wp-json\/wp\/v2\/product_brand?post=108659"},{"taxonomy":"product_cat","embeddable":true,"href":"https:\/\/sezona.lv\/en\/wp-json\/wp\/v2\/product_cat?post=108659"},{"taxonomy":"product_tag","embeddable":true,"href":"https:\/\/sezona.lv\/en\/wp-json\/wp\/v2\/product_tag?post=108659"}],"curies":[{"name":"wp","href":"https:\/\/api.w.org\/{rel}","templated":true}]}}