{"id":108858,"date":"2026-03-10T10:35:25","date_gmt":"2026-03-10T08:35:25","guid":{"rendered":"https:\/\/sezona.lv\/?post_type=product&#038;p=108858"},"modified":"2026-03-10T10:37:38","modified_gmt":"2026-03-10T08:37:38","slug":"piepusama-laiva-aqua-storm-stk360-kopija-kopija-kopija-kopija-2","status":"publish","type":"product","link":"https:\/\/sezona.lv\/en\/products\/piepusama-laiva-aqua-storm-stk360-kopija-kopija-kopija-kopija-2\/","title":{"rendered":"Piep\u016b\u0161am\u0101 laiva Aqua-Storm STK360 (Kopija) (Kopija) (Kopija) (Kopija)"},"content":{"rendered":"<p>Augstas kvalit\u0101tes piep\u016b&scaron;am\u0101 laiva, kas ra\u017eota Ukrain\u0101.<\/p>\n<p>\u0136\u012b\u013ca laivas AQUA-STORM no STK l\u012bnijas ir izgatavotas no augstas kvalit\u0101tes PVC auduma 1100 g\/m2 un sast\u0101v no herm\u0113tiskiem nodal\u012bjumiem ar piep\u016b&scaron;amu \u0137\u012bli. T\u0101s ir piem\u0113rotas ar augstu kravnes\u012bbu un pasa\u017eieru ietilp\u012bbu &#8211; STK360 modelis, nodro&scaron;ina \u0113rtu laivo&scaron;anu \u010detriem&nbsp; cilv\u0113kiem, iztur 530 kg slodzi.<\/p>\n<p>Vis\u0101m AQUA-STORM laiv\u0101m no STK l\u012bnijas ir labas peldsp\u0113jas, t\u0101s ir iztur\u012bgas pret vi\u013c\u0146o&scaron;anos, pateicoties piep\u016b&scaron;amo d\u0113\u013cu konstrukcijai, savuk\u0101rt \u0137\u012blis \u013cauj veikt pl\u0101no&scaron;anu un nodro&scaron;ina lielisku vad\u0101m\u012bbu un manevr\u0113tsp\u0113ju.<\/p>\n<p>Laiva ir iepakota ietilp\u012bg\u0101 som\u0101. Pamatkomplekt\u0101cij\u0101 ietilpst airi,&nbsp;cietais kl\u0101js,&nbsp;s\u016bknis, b\u012bd\u0101mie s\u0113dek\u013ci un remontkomplekts. Tie ir iepakoti atsevi&scaron;\u0137i.<\/p>\n<p>&Scaron;\u012b airu laiva ir apr\u012bkota ar saliekamiem herm\u0113tiskajiem airiem ar taisn\u0101m, &scaron;aur\u0101m l\u0101psti\u0146\u0101m galos.<\/p>\n<p class=\"MsoListParagraphCxSpLast\"><span lang=\"FR\"><br \/><\/span><\/p>\n<p><strong>LAIVAS SPECIFIK\u0100CIJA:<\/strong><\/p>\n<p>Garums: 360 cm<\/p>\n<p>Platums: 187 cm<\/p>\n<p>Bortu augstums: 50 cm<\/p>\n<p>Sekciju skaits: 3+1<\/p>\n<p>Lame\u013cu skaits: cietais kl\u0101js<\/p>\n<p>Maksim\u0101lais cilv\u0113ku skaits: 4<\/p>\n<p>Celtsp\u0113ja: 530 kg<\/p>\n<p>Laivas svars (pilna komplekt\u0101cija): 70.0 kg<\/p>\n<p>Dzin\u0113ja jauda: 25.0 zs<\/p>\n<p>Materi\u0101ls: PVC, 1100 g\/m2<\/p>\n<p>Garantija: 5 gadi<\/p>\n<p>Komplekt\u0101 ietipst: Laiva,&nbsp;cietais kl\u0101js,&nbsp;soma, 2 airi, 2 s\u0113dek\u013ci, pumpis, remonta komplekts (iel\u0101pi un l\u012bme ar caurul\u012bti), CE sertifik\u0101ts.<\/p>\n<p>&nbsp;<\/p>\n","protected":false},"excerpt":{"rendered":"<p>Augstas kvalit\u0101tes piep\u016b&scaron;am\u0101 laiva, kas ra\u017eota Ukrain\u0101. \u0136\u012b\u013ca laivas AQUA-STORM no STK l\u012bnijas ir izgatavotas no augstas kvalit\u0101tes PVC auduma 1100 g\/m2 un sast\u0101v no herm\u0113tiskiem nodal\u012bjumiem ar piep\u016b&scaron;amu \u0137\u012bli. T\u0101s ir piem\u0113rotas ar augstu kravnes\u012bbu un pasa\u017eieru ietilp\u012bbu &#8211; STK360 modelis, nodro&scaron;ina \u0113rtu laivo&scaron;anu \u010detriem&nbsp; cilv\u0113kiem, iztur 530 kg slodzi. Vis\u0101m AQUA-STORM laiv\u0101m no [&hellip;]<\/p>\n","protected":false},"featured_media":108866,"template":"","meta":[],"product_brand":[],"product_cat":[4557,4578,5055],"product_tag":[],"class_list":{"0":"post-108858","1":"product","2":"type-product","3":"status-publish","4":"has-post-thumbnail","6":"product_cat-boats-recreation","7":"product_cat-inflatable-boats-boats-recreation","8":"product_cat-aqua-storm-inflatable-boats-boats-recreation","10":"first","11":"instock","12":"shipping-taxable","13":"purchasable","14":"product-type-simple"},"_links":{"self":[{"href":"https:\/\/sezona.lv\/en\/wp-json\/wp\/v2\/product\/108858","targetHints":{"allow":["GET"]}}],"collection":[{"href":"https:\/\/sezona.lv\/en\/wp-json\/wp\/v2\/product"}],"about":[{"href":"https:\/\/sezona.lv\/en\/wp-json\/wp\/v2\/types\/product"}],"wp:featuredmedia":[{"embeddable":true,"href":"https:\/\/sezona.lv\/en\/wp-json\/wp\/v2\/media\/108866"}],"wp:attachment":[{"href":"https:\/\/sezona.lv\/en\/wp-json\/wp\/v2\/media?parent=108858"}],"wp:term":[{"taxonomy":"product_brand","embeddable":true,"href":"https:\/\/sezona.lv\/en\/wp-json\/wp\/v2\/product_brand?post=108858"},{"taxonomy":"product_cat","embeddable":true,"href":"https:\/\/sezona.lv\/en\/wp-json\/wp\/v2\/product_cat?post=108858"},{"taxonomy":"product_tag","embeddable":true,"href":"https:\/\/sezona.lv\/en\/wp-json\/wp\/v2\/product_tag?post=108858"}],"curies":[{"name":"wp","href":"https:\/\/api.w.org\/{rel}","templated":true}]}}