{"id":109054,"date":"2026-03-12T09:23:43","date_gmt":"2026-03-12T07:23:43","guid":{"rendered":"https:\/\/sezona.lv\/?post_type=product&#038;p=109054"},"modified":"2026-04-08T10:14:27","modified_gmt":"2026-04-08T07:14:27","slug":"supultikls-amazonas-silk-traveller-xxl","status":"publish","type":"product","link":"https:\/\/sezona.lv\/en\/products\/supultikls-amazonas-silk-traveller-xxl\/","title":{"rendered":"\u0160\u016bpu\u013ct\u012bkls Amazonas Silk Traveller XXL"},"content":{"rendered":"<p>\u012apa\u0161i liels, viegls \u0161\u016bpu\u013ct\u012bkls. \u0160\u016bpu\u013ct\u012bkls ir izgatavots no izplet\u0146a z\u012bda, t\u0101d\u0113\u013c tas ir \u013coti iztur\u012bgs, ilgm\u016b\u017e\u012bgs, k\u0101 ar\u012b br\u012bni\u0161\u0137\u012bgi m\u012bksts, \u0113rts uz \u0101das un elpojo\u0161s. Komplekt\u0101 bez maksas iek\u013cauts atsl\u0113gu gredzens.<\/p>\n<p>Materi\u0101ls: Neilons<br \/>\nGu\u013cam\u0101 plat\u012bba: Garums x Platums: 320 x 230 cm<br \/>\nCeltsp\u0113ja: 200 kg<br \/>\nSvars: 700 g<br \/>\nIepakojuma izm\u0113rs: 21 x 16 x 7 cm<\/p>\n","protected":false},"excerpt":{"rendered":"<p>\u012apa\u0161i liels, viegls \u0161\u016bpu\u013ct\u012bkls. \u0160\u016bpu\u013ct\u012bkls ir izgatavots no izplet\u0146a z\u012bda, t\u0101d\u0113\u013c tas ir \u013coti iztur\u012bgs, ilgm\u016b\u017e\u012bgs, k\u0101 ar\u012b br\u012bni\u0161\u0137\u012bgi m\u012bksts, \u0113rts uz \u0101das un elpojo\u0161s. Komplekt\u0101 bez maksas iek\u013cauts atsl\u0113gu gredzens. Materi\u0101ls: Neilons Gu\u013cam\u0101 plat\u012bba: Garums x Platums: 320 x 230 cm Celtsp\u0113ja: 200 kg Svars: 700 g Iepakojuma izm\u0113rs: 21 x 16 x 7 [&hellip;]<\/p>\n","protected":false},"featured_media":109055,"template":"","meta":[],"product_brand":[5212],"product_cat":[2843,3193],"product_tag":[5825,5826,5828],"class_list":{"0":"post-109054","1":"product","2":"type-product","3":"status-publish","4":"has-post-thumbnail","6":"product_brand-amazonas","7":"product_cat-turismam","8":"product_cat-supultikli","9":"product_tag-supultikls-amazonas-silk-traveller-xxl","10":"product_tag-supultikls-amazonas","11":"product_tag-amazonas-hammock","13":"first","14":"instock","15":"sale","16":"shipping-taxable","17":"purchasable","18":"product-type-simple"},"_links":{"self":[{"href":"https:\/\/sezona.lv\/en\/wp-json\/wp\/v2\/product\/109054","targetHints":{"allow":["GET"]}}],"collection":[{"href":"https:\/\/sezona.lv\/en\/wp-json\/wp\/v2\/product"}],"about":[{"href":"https:\/\/sezona.lv\/en\/wp-json\/wp\/v2\/types\/product"}],"wp:featuredmedia":[{"embeddable":true,"href":"https:\/\/sezona.lv\/en\/wp-json\/wp\/v2\/media\/109055"}],"wp:attachment":[{"href":"https:\/\/sezona.lv\/en\/wp-json\/wp\/v2\/media?parent=109054"}],"wp:term":[{"taxonomy":"product_brand","embeddable":true,"href":"https:\/\/sezona.lv\/en\/wp-json\/wp\/v2\/product_brand?post=109054"},{"taxonomy":"product_cat","embeddable":true,"href":"https:\/\/sezona.lv\/en\/wp-json\/wp\/v2\/product_cat?post=109054"},{"taxonomy":"product_tag","embeddable":true,"href":"https:\/\/sezona.lv\/en\/wp-json\/wp\/v2\/product_tag?post=109054"}],"curies":[{"name":"wp","href":"https:\/\/api.w.org\/{rel}","templated":true}]}}