{"id":109063,"date":"2026-03-12T09:36:48","date_gmt":"2026-03-12T07:36:48","guid":{"rendered":"https:\/\/sezona.lv\/?post_type=product&#038;p=109063"},"modified":"2026-04-08T10:15:43","modified_gmt":"2026-04-08T07:15:43","slug":"supultikls-amazonas-travel-set","status":"publish","type":"product","link":"https:\/\/sezona.lv\/en\/products\/supultikls-amazonas-travel-set\/","title":{"rendered":"\u0160\u016bpu\u013ct\u012bkls Amazonas Travel Set"},"content":{"rendered":"<p>Regul\u0113jams univers\u0101ls risin\u0101jums! \u012apa\u0161i liels, viegls \u0161\u016bpu\u013ct\u012bkls ar integr\u0113tu virvi un \u0101\u0137i. Vienk\u0101r\u0161i vair\u0101kas reizes apvijiet virvi ap koku ab\u0101s pus\u0113s un piestipriniet to ar \u0101\u0137i. Gatavs! Ide\u0101li piem\u0113rots ce\u013cojumiem un ekskursij\u0101m. \u012apa\u0161i iztur\u012bgs, elpojo\u0161s un \u0101dai draudz\u012bgs materi\u0101ls.<\/p>\n<p>Materi\u0101ls: Poliesters<br \/>\nGu\u013cam\u0101 plat\u012bba: Garums x Platums: 275 x 140 cm<br \/>\nCeltsp\u0113ja: 120 kg<br \/>\nSvars: 450 g<br \/>\nIepakojuma izm\u0113rs: 27 x 7 cm<\/p>\n","protected":false},"excerpt":{"rendered":"<p>Regul\u0113jams univers\u0101ls risin\u0101jums! \u012apa\u0161i liels, viegls \u0161\u016bpu\u013ct\u012bkls ar integr\u0113tu virvi un \u0101\u0137i. Vienk\u0101r\u0161i vair\u0101kas reizes apvijiet virvi ap koku ab\u0101s pus\u0113s un piestipriniet to ar \u0101\u0137i. Gatavs! Ide\u0101li piem\u0113rots ce\u013cojumiem un ekskursij\u0101m. \u012apa\u0161i iztur\u012bgs, elpojo\u0161s un \u0101dai draudz\u012bgs materi\u0101ls. Materi\u0101ls: Poliesters Gu\u013cam\u0101 plat\u012bba: Garums x Platums: 275 x 140 cm Celtsp\u0113ja: 120 kg Svars: 450 [&hellip;]<\/p>\n","protected":false},"featured_media":109075,"template":"","meta":[],"product_brand":[5212],"product_cat":[2843,3193],"product_tag":[5826,5828,5829],"class_list":{"0":"post-109063","1":"product","2":"type-product","3":"status-publish","4":"has-post-thumbnail","6":"product_brand-amazonas","7":"product_cat-turismam","8":"product_cat-supultikli","9":"product_tag-supultikls-amazonas","10":"product_tag-amazonas-hammock","11":"product_tag-supultikls-amazonas-travel-set","13":"first","14":"instock","15":"sale","16":"shipping-taxable","17":"purchasable","18":"product-type-variable"},"_links":{"self":[{"href":"https:\/\/sezona.lv\/en\/wp-json\/wp\/v2\/product\/109063","targetHints":{"allow":["GET"]}}],"collection":[{"href":"https:\/\/sezona.lv\/en\/wp-json\/wp\/v2\/product"}],"about":[{"href":"https:\/\/sezona.lv\/en\/wp-json\/wp\/v2\/types\/product"}],"wp:featuredmedia":[{"embeddable":true,"href":"https:\/\/sezona.lv\/en\/wp-json\/wp\/v2\/media\/109075"}],"wp:attachment":[{"href":"https:\/\/sezona.lv\/en\/wp-json\/wp\/v2\/media?parent=109063"}],"wp:term":[{"taxonomy":"product_brand","embeddable":true,"href":"https:\/\/sezona.lv\/en\/wp-json\/wp\/v2\/product_brand?post=109063"},{"taxonomy":"product_cat","embeddable":true,"href":"https:\/\/sezona.lv\/en\/wp-json\/wp\/v2\/product_cat?post=109063"},{"taxonomy":"product_tag","embeddable":true,"href":"https:\/\/sezona.lv\/en\/wp-json\/wp\/v2\/product_tag?post=109063"}],"curies":[{"name":"wp","href":"https:\/\/api.w.org\/{rel}","templated":true}]}}