{"id":109070,"date":"2026-03-12T09:40:49","date_gmt":"2026-03-12T07:40:49","guid":{"rendered":"https:\/\/sezona.lv\/?post_type=product&#038;p=109070"},"modified":"2026-04-08T10:14:25","modified_gmt":"2026-04-08T07:14:25","slug":"supultikls-amazonas-silk-traveller-xl","status":"publish","type":"product","link":"https:\/\/sezona.lv\/en\/products\/supultikls-amazonas-silk-traveller-xl\/","title":{"rendered":"\u0160\u016bpu\u013ct\u012bkls Amazonas Silk Traveller XL"},"content":{"rendered":"<p>\u012apa\u0161i liels, viegls \u0161\u016bpu\u013ct\u012bkls ir bez tipiskaj\u0101m piek\u0101r\u0161anas aukl\u0101m, t\u0101p\u0113c tam ir \u012bpa\u0161i gara gu\u013camvirsma. \u0160\u016bpu\u013ct\u012bkls ir izgatavots no izplet\u0146a z\u012bda, kas ir \u0101rk\u0101rt\u012bgi iztur\u012bgs un stabils materi\u0101ls, vienlaikus pat\u012bkams uz \u0101das un elpojo\u0161s. Mazs iepakojuma izm\u0113rs un \u0101rk\u0101rt\u012bgi iztur\u012bgs.<\/p>\n<p>Materi\u0101ls: Neilons<br \/>\nGu\u013cam\u0101 plat\u012bba: Garums x Platums: 295 x 150 cm<br \/>\nCeltsp\u0113ja: 200 kg<br \/>\nSvars: 385 g<br \/>\nIepakojuma izm\u0113rs: 20 x 10 cm<\/p>\n","protected":false},"excerpt":{"rendered":"<p>\u012apa\u0161i liels, viegls \u0161\u016bpu\u013ct\u012bkls ir bez tipiskaj\u0101m piek\u0101r\u0161anas aukl\u0101m, t\u0101p\u0113c tam ir \u012bpa\u0161i gara gu\u013camvirsma. \u0160\u016bpu\u013ct\u012bkls ir izgatavots no izplet\u0146a z\u012bda, kas ir \u0101rk\u0101rt\u012bgi iztur\u012bgs un stabils materi\u0101ls, vienlaikus pat\u012bkams uz \u0101das un elpojo\u0161s. Mazs iepakojuma izm\u0113rs un \u0101rk\u0101rt\u012bgi iztur\u012bgs. Materi\u0101ls: Neilons Gu\u013cam\u0101 plat\u012bba: Garums x Platums: 295 x 150 cm Celtsp\u0113ja: 200 kg Svars: [&hellip;]<\/p>\n","protected":false},"featured_media":109093,"template":"","meta":[],"product_brand":[5212],"product_cat":[2843,3193],"product_tag":[5826,5827,5828],"class_list":{"0":"post-109070","1":"product","2":"type-product","3":"status-publish","4":"has-post-thumbnail","6":"product_brand-amazonas","7":"product_cat-turismam","8":"product_cat-supultikli","9":"product_tag-supultikls-amazonas","10":"product_tag-supultikls-amazonas-silk-traveller-xl","11":"product_tag-amazonas-hammock","13":"first","14":"instock","15":"sale","16":"shipping-taxable","17":"purchasable","18":"product-type-simple"},"_links":{"self":[{"href":"https:\/\/sezona.lv\/en\/wp-json\/wp\/v2\/product\/109070","targetHints":{"allow":["GET"]}}],"collection":[{"href":"https:\/\/sezona.lv\/en\/wp-json\/wp\/v2\/product"}],"about":[{"href":"https:\/\/sezona.lv\/en\/wp-json\/wp\/v2\/types\/product"}],"wp:featuredmedia":[{"embeddable":true,"href":"https:\/\/sezona.lv\/en\/wp-json\/wp\/v2\/media\/109093"}],"wp:attachment":[{"href":"https:\/\/sezona.lv\/en\/wp-json\/wp\/v2\/media?parent=109070"}],"wp:term":[{"taxonomy":"product_brand","embeddable":true,"href":"https:\/\/sezona.lv\/en\/wp-json\/wp\/v2\/product_brand?post=109070"},{"taxonomy":"product_cat","embeddable":true,"href":"https:\/\/sezona.lv\/en\/wp-json\/wp\/v2\/product_cat?post=109070"},{"taxonomy":"product_tag","embeddable":true,"href":"https:\/\/sezona.lv\/en\/wp-json\/wp\/v2\/product_tag?post=109070"}],"curies":[{"name":"wp","href":"https:\/\/api.w.org\/{rel}","templated":true}]}}