{"id":109218,"date":"2026-03-24T14:53:57","date_gmt":"2026-03-24T12:53:57","guid":{"rendered":"https:\/\/sezona.lv\/?post_type=product&#038;p=109218"},"modified":"2026-03-24T14:59:40","modified_gmt":"2026-03-24T12:59:40","slug":"spole-prologic-c-series-4000-bf-kopija","status":"publish","type":"product","link":"https:\/\/sezona.lv\/en\/products\/spole-prologic-c-series-4000-bf-kopija\/","title":{"rendered":"Spole Prologic C-Series 4000 BF (Kopija)"},"content":{"rendered":"<p>Spole Prologic C-Series 4000 BF.<\/p>\n<p>Izstr\u0101d\u0101ta karpu mak&scaron;\u0137erniekiem ar augstiem standartiem, kas nev\u0113las lieli izdot naudu.&nbsp;Jums b\u016bs gr\u016bti atrast karpu spoli ar lab\u0101ku kvalit\u0101tes attiec\u012bbu pret cenu.<\/p>\n<p>&#8211; \u0100tr\u0101 pretest\u012bbas sist\u0113ma;<\/p>\n<p>&#8211; Graf\u012bta korpuss un rotors;<\/p>\n<p>&#8211; DuraGrease;<\/p>\n<p>&#8211; 3+1 t\u0113rauda lod\u012b&scaron;u gult\u0146i;<\/p>\n<p>&#8211; EVA roktura rokturis;<\/p>\n<p>&#8211; Rezerves graf\u012bta kasete;<\/p>\n<p>&#8211; Bite &amp; Fight funkcija;<\/p>\n<p>&#8211; Fiks\u0113ta p\u0101rnesumu konstrukcija.<\/p>\n<p>&nbsp;<\/p>\n<p>Izm\u0113rs: 4000;<\/p>\n<p>Bremze: Priek&scaron;\u0113j\u0101 BF;<\/p>\n<p>Gult\u0146u skaits: 3+1;<\/p>\n<p>Spoles Ietilp\u012bba: 0.25 mm\/340 m;<\/p>\n<p>P\u0101rnesums: 5.2:1;<\/p>\n<p>Spoles iztur\u012bba: 8.0 kg;<\/p>\n<p>Svars: 286 g<\/p>\n","protected":false},"excerpt":{"rendered":"<p>Spole Prologic C-Series 4000 BF. Izstr\u0101d\u0101ta karpu mak&scaron;\u0137erniekiem ar augstiem standartiem, kas nev\u0113las lieli izdot naudu.&nbsp;Jums b\u016bs gr\u016bti atrast karpu spoli ar lab\u0101ku kvalit\u0101tes attiec\u012bbu pret cenu. &#8211; \u0100tr\u0101 pretest\u012bbas sist\u0113ma; &#8211; Graf\u012bta korpuss un rotors; &#8211; DuraGrease; &#8211; 3+1 t\u0113rauda lod\u012b&scaron;u gult\u0146i; &#8211; EVA roktura rokturis; &#8211; Rezerves graf\u012bta kasete; &#8211; Bite &amp; Fight [&hellip;]<\/p>\n","protected":false},"featured_media":109219,"template":"","meta":[],"product_brand":[],"product_cat":[4679],"product_tag":[],"class_list":{"0":"post-109218","1":"product","2":"type-product","3":"status-publish","4":"has-post-thumbnail","6":"product_cat-folding-chairs-camp-beds-for-tourism-recreation","8":"first","9":"instock","10":"sale","11":"shipping-taxable","12":"product-type-simple"},"_links":{"self":[{"href":"https:\/\/sezona.lv\/en\/wp-json\/wp\/v2\/product\/109218","targetHints":{"allow":["GET"]}}],"collection":[{"href":"https:\/\/sezona.lv\/en\/wp-json\/wp\/v2\/product"}],"about":[{"href":"https:\/\/sezona.lv\/en\/wp-json\/wp\/v2\/types\/product"}],"wp:featuredmedia":[{"embeddable":true,"href":"https:\/\/sezona.lv\/en\/wp-json\/wp\/v2\/media\/109219"}],"wp:attachment":[{"href":"https:\/\/sezona.lv\/en\/wp-json\/wp\/v2\/media?parent=109218"}],"wp:term":[{"taxonomy":"product_brand","embeddable":true,"href":"https:\/\/sezona.lv\/en\/wp-json\/wp\/v2\/product_brand?post=109218"},{"taxonomy":"product_cat","embeddable":true,"href":"https:\/\/sezona.lv\/en\/wp-json\/wp\/v2\/product_cat?post=109218"},{"taxonomy":"product_tag","embeddable":true,"href":"https:\/\/sezona.lv\/en\/wp-json\/wp\/v2\/product_tag?post=109218"}],"curies":[{"name":"wp","href":"https:\/\/api.w.org\/{rel}","templated":true}]}}