{"id":111594,"date":"2026-05-05T14:58:48","date_gmt":"2026-05-05T11:58:48","guid":{"rendered":"https:\/\/sezona.lv\/?post_type=product&#038;p=111594"},"modified":"2026-05-05T15:08:45","modified_gmt":"2026-05-05T12:08:45","slug":"pokorny-volejbola-tikls-econom-metala-trose-kopija-kopija","status":"publish","type":"product","link":"https:\/\/sezona.lv\/en\/products\/pokorny-volejbola-tikls-econom-metala-trose-kopija-kopija\/","title":{"rendered":"Pokorny Volejbola t\u012bkls Econom, met\u0101la trose (Kopija) (Kopija)"},"content":{"rendered":"<p>Volejbola t\u012bkls Econom, PP, 2.5mm, melns, met\u0101la trose.<\/p>\n","protected":false},"excerpt":{"rendered":"<p>Volejbola t\u012bkls Econom, PP, 2.5mm, melns, met\u0101la trose.<\/p>\n","protected":false},"featured_media":111595,"template":"","meta":[],"product_brand":[],"product_cat":[4602,4669,4925],"product_tag":[],"class_list":{"0":"post-111594","1":"product","2":"type-product","3":"status-publish","4":"has-post-thumbnail","6":"product_cat-summer-sports-sports","7":"product_cat-volleyball-summer-sports-sports","8":"product_cat-volleyball-nets-en-dupcheck-746-volleyball-summer-sports-sports","10":"first","11":"instock","12":"shipping-taxable","13":"purchasable","14":"product-type-simple"},"_links":{"self":[{"href":"https:\/\/sezona.lv\/en\/wp-json\/wp\/v2\/product\/111594","targetHints":{"allow":["GET"]}}],"collection":[{"href":"https:\/\/sezona.lv\/en\/wp-json\/wp\/v2\/product"}],"about":[{"href":"https:\/\/sezona.lv\/en\/wp-json\/wp\/v2\/types\/product"}],"wp:featuredmedia":[{"embeddable":true,"href":"https:\/\/sezona.lv\/en\/wp-json\/wp\/v2\/media\/111595"}],"wp:attachment":[{"href":"https:\/\/sezona.lv\/en\/wp-json\/wp\/v2\/media?parent=111594"}],"wp:term":[{"taxonomy":"product_brand","embeddable":true,"href":"https:\/\/sezona.lv\/en\/wp-json\/wp\/v2\/product_brand?post=111594"},{"taxonomy":"product_cat","embeddable":true,"href":"https:\/\/sezona.lv\/en\/wp-json\/wp\/v2\/product_cat?post=111594"},{"taxonomy":"product_tag","embeddable":true,"href":"https:\/\/sezona.lv\/en\/wp-json\/wp\/v2\/product_tag?post=111594"}],"curies":[{"name":"wp","href":"https:\/\/api.w.org\/{rel}","templated":true}]}}