{"id":111600,"date":"2026-05-05T15:35:12","date_gmt":"2026-05-05T12:35:12","guid":{"rendered":"https:\/\/sezona.lv\/?post_type=product&#038;p=111600"},"modified":"2026-05-05T15:39:30","modified_gmt":"2026-05-05T12:39:30","slug":"pokorny-cehols-volejbola-antennam-2-gab-kopija","status":"publish","type":"product","link":"https:\/\/sezona.lv\/en\/products\/pokorny-cehols-volejbola-antennam-2-gab-kopija\/","title":{"rendered":"Pokorny \u010cehols Volejbola antenn\u0101m, 2 gab. (Kopija)"},"content":{"rendered":"<p>\u010cehols Volejbola antenn\u0101m, 2 gab. ( dzeltens vai balts )<\/p>\n","protected":false},"excerpt":{"rendered":"<p>\u010cehols Volejbola antenn\u0101m, 2 gab. ( dzeltens vai balts )<\/p>\n","protected":false},"featured_media":111601,"template":"","meta":[],"product_brand":[],"product_cat":[4602,4669,4769,4925],"product_tag":[],"class_list":{"0":"post-111600","1":"product","2":"type-product","3":"status-publish","4":"has-post-thumbnail","6":"product_cat-summer-sports-sports","7":"product_cat-volleyball-summer-sports-sports","8":"product_cat-volleyball-nets-beach-volleyball-summer-sports-sports","9":"product_cat-volleyball-nets-en-dupcheck-746-volleyball-summer-sports-sports","11":"first","12":"instock","13":"shipping-taxable","14":"purchasable","15":"product-type-simple"},"_links":{"self":[{"href":"https:\/\/sezona.lv\/en\/wp-json\/wp\/v2\/product\/111600","targetHints":{"allow":["GET"]}}],"collection":[{"href":"https:\/\/sezona.lv\/en\/wp-json\/wp\/v2\/product"}],"about":[{"href":"https:\/\/sezona.lv\/en\/wp-json\/wp\/v2\/types\/product"}],"wp:featuredmedia":[{"embeddable":true,"href":"https:\/\/sezona.lv\/en\/wp-json\/wp\/v2\/media\/111601"}],"wp:attachment":[{"href":"https:\/\/sezona.lv\/en\/wp-json\/wp\/v2\/media?parent=111600"}],"wp:term":[{"taxonomy":"product_brand","embeddable":true,"href":"https:\/\/sezona.lv\/en\/wp-json\/wp\/v2\/product_brand?post=111600"},{"taxonomy":"product_cat","embeddable":true,"href":"https:\/\/sezona.lv\/en\/wp-json\/wp\/v2\/product_cat?post=111600"},{"taxonomy":"product_tag","embeddable":true,"href":"https:\/\/sezona.lv\/en\/wp-json\/wp\/v2\/product_tag?post=111600"}],"curies":[{"name":"wp","href":"https:\/\/api.w.org\/{rel}","templated":true}]}}