{"id":111608,"date":"2026-05-05T15:43:25","date_gmt":"2026-05-05T12:43:25","guid":{"rendered":"https:\/\/sezona.lv\/?post_type=product&#038;p=111608"},"modified":"2026-05-05T15:45:07","modified_gmt":"2026-05-05T12:45:07","slug":"pokorny-pludmales-volejbola-tikls-beach-econom-kopija-2","status":"publish","type":"product","link":"https:\/\/sezona.lv\/en\/products\/pokorny-pludmales-volejbola-tikls-beach-econom-kopija-2\/","title":{"rendered":"Pokorny Pludmales Volejbola t\u012bkls BEACH ECONOM (Kopija)"},"content":{"rendered":"<p>Pludm.Volejbola t\u012bkls BEACH ECONOM,PP,PES lente,2.5mm,4-fiks, met\u0101la trose (oran\u017es,zils)<\/p>\n","protected":false},"excerpt":{"rendered":"<p>Pludm.Volejbola t\u012bkls BEACH ECONOM,PP,PES lente,2.5mm,4-fiks, met\u0101la trose (oran\u017es,zils)<\/p>\n","protected":false},"featured_media":71200,"template":"","meta":[],"product_brand":[],"product_cat":[4602,4767,4769],"product_tag":[],"class_list":{"0":"post-111608","1":"product","2":"type-product","3":"status-publish","4":"has-post-thumbnail","6":"product_cat-summer-sports-sports","7":"product_cat-beach-volleyball-summer-sports-sports","8":"product_cat-volleyball-nets-beach-volleyball-summer-sports-sports","10":"first","11":"instock","12":"shipping-taxable","13":"purchasable","14":"product-type-simple"},"_links":{"self":[{"href":"https:\/\/sezona.lv\/en\/wp-json\/wp\/v2\/product\/111608","targetHints":{"allow":["GET"]}}],"collection":[{"href":"https:\/\/sezona.lv\/en\/wp-json\/wp\/v2\/product"}],"about":[{"href":"https:\/\/sezona.lv\/en\/wp-json\/wp\/v2\/types\/product"}],"wp:featuredmedia":[{"embeddable":true,"href":"https:\/\/sezona.lv\/en\/wp-json\/wp\/v2\/media\/71200"}],"wp:attachment":[{"href":"https:\/\/sezona.lv\/en\/wp-json\/wp\/v2\/media?parent=111608"}],"wp:term":[{"taxonomy":"product_brand","embeddable":true,"href":"https:\/\/sezona.lv\/en\/wp-json\/wp\/v2\/product_brand?post=111608"},{"taxonomy":"product_cat","embeddable":true,"href":"https:\/\/sezona.lv\/en\/wp-json\/wp\/v2\/product_cat?post=111608"},{"taxonomy":"product_tag","embeddable":true,"href":"https:\/\/sezona.lv\/en\/wp-json\/wp\/v2\/product_tag?post=111608"}],"curies":[{"name":"wp","href":"https:\/\/api.w.org\/{rel}","templated":true}]}}