{"id":111615,"date":"2026-05-05T15:56:33","date_gmt":"2026-05-05T12:56:33","guid":{"rendered":"https:\/\/sezona.lv\/?post_type=product&#038;p=111615"},"modified":"2026-05-05T15:59:08","modified_gmt":"2026-05-05T12:59:08","slug":"pokorny-tenisa-tikls-standard-5mm-metala-trose-kopija","status":"publish","type":"product","link":"https:\/\/sezona.lv\/en\/products\/pokorny-tenisa-tikls-standard-5mm-metala-trose-kopija\/","title":{"rendered":"Pokorny Tenisa t\u012bkls STANDARD, 5mm, met\u0101la trose (Kopija)"},"content":{"rendered":"<p>Tenisa t\u012bkls STANDARD, PP, 5mm, melns, met\u0101la trose<\/p>\n","protected":false},"excerpt":{"rendered":"<p>Tenisa t\u012bkls STANDARD, PP, 5mm, melns, met\u0101la trose<\/p>\n","protected":false},"featured_media":111616,"template":"","meta":[],"product_brand":[],"product_cat":[4602,4673,4918],"product_tag":[],"class_list":{"0":"post-111615","1":"product","2":"type-product","3":"status-publish","4":"has-post-thumbnail","6":"product_cat-summer-sports-sports","7":"product_cat-tennis-summer-sports-sports","8":"product_cat-tennis-courts-equipment-tennis-summer-sports-sports","10":"first","11":"instock","12":"shipping-taxable","13":"purchasable","14":"product-type-simple"},"_links":{"self":[{"href":"https:\/\/sezona.lv\/en\/wp-json\/wp\/v2\/product\/111615","targetHints":{"allow":["GET"]}}],"collection":[{"href":"https:\/\/sezona.lv\/en\/wp-json\/wp\/v2\/product"}],"about":[{"href":"https:\/\/sezona.lv\/en\/wp-json\/wp\/v2\/types\/product"}],"wp:featuredmedia":[{"embeddable":true,"href":"https:\/\/sezona.lv\/en\/wp-json\/wp\/v2\/media\/111616"}],"wp:attachment":[{"href":"https:\/\/sezona.lv\/en\/wp-json\/wp\/v2\/media?parent=111615"}],"wp:term":[{"taxonomy":"product_brand","embeddable":true,"href":"https:\/\/sezona.lv\/en\/wp-json\/wp\/v2\/product_brand?post=111615"},{"taxonomy":"product_cat","embeddable":true,"href":"https:\/\/sezona.lv\/en\/wp-json\/wp\/v2\/product_cat?post=111615"},{"taxonomy":"product_tag","embeddable":true,"href":"https:\/\/sezona.lv\/en\/wp-json\/wp\/v2\/product_tag?post=111615"}],"curies":[{"name":"wp","href":"https:\/\/api.w.org\/{rel}","templated":true}]}}