{"id":111619,"date":"2026-05-05T16:01:30","date_gmt":"2026-05-05T13:01:30","guid":{"rendered":"https:\/\/sezona.lv\/?post_type=product&#038;p=111619"},"modified":"2026-05-05T16:02:52","modified_gmt":"2026-05-05T13:02:52","slug":"pokorny-tenisa-centrala-lente-econom-kopija","status":"publish","type":"product","link":"https:\/\/sezona.lv\/en\/products\/pokorny-tenisa-centrala-lente-econom-kopija\/","title":{"rendered":"Pokorny Tenisa centr\u0101l\u0101 lente ECONOM (Kopija)"},"content":{"rendered":"<p>Tenisa centr\u0101l\u0101 lente ECONOM<\/p>\n","protected":false},"excerpt":{"rendered":"<p>Tenisa centr\u0101l\u0101 lente ECONOM<\/p>\n","protected":false},"featured_media":111620,"template":"","meta":[],"product_brand":[],"product_cat":[4602,4673,4918],"product_tag":[],"class_list":{"0":"post-111619","1":"product","2":"type-product","3":"status-publish","4":"has-post-thumbnail","6":"product_cat-summer-sports-sports","7":"product_cat-tennis-summer-sports-sports","8":"product_cat-tennis-courts-equipment-tennis-summer-sports-sports","10":"first","11":"instock","12":"shipping-taxable","13":"purchasable","14":"product-type-simple"},"_links":{"self":[{"href":"https:\/\/sezona.lv\/en\/wp-json\/wp\/v2\/product\/111619","targetHints":{"allow":["GET"]}}],"collection":[{"href":"https:\/\/sezona.lv\/en\/wp-json\/wp\/v2\/product"}],"about":[{"href":"https:\/\/sezona.lv\/en\/wp-json\/wp\/v2\/types\/product"}],"wp:featuredmedia":[{"embeddable":true,"href":"https:\/\/sezona.lv\/en\/wp-json\/wp\/v2\/media\/111620"}],"wp:attachment":[{"href":"https:\/\/sezona.lv\/en\/wp-json\/wp\/v2\/media?parent=111619"}],"wp:term":[{"taxonomy":"product_brand","embeddable":true,"href":"https:\/\/sezona.lv\/en\/wp-json\/wp\/v2\/product_brand?post=111619"},{"taxonomy":"product_cat","embeddable":true,"href":"https:\/\/sezona.lv\/en\/wp-json\/wp\/v2\/product_cat?post=111619"},{"taxonomy":"product_tag","embeddable":true,"href":"https:\/\/sezona.lv\/en\/wp-json\/wp\/v2\/product_tag?post=111619"}],"curies":[{"name":"wp","href":"https:\/\/api.w.org\/{rel}","templated":true}]}}