{"id":111624,"date":"2026-05-05T16:03:31","date_gmt":"2026-05-05T13:03:31","guid":{"rendered":"https:\/\/sezona.lv\/?post_type=product&#038;p=111624"},"modified":"2026-05-05T16:06:25","modified_gmt":"2026-05-05T13:06:25","slug":"pokorny-tenisa-tikls-super-kopija-2","status":"publish","type":"product","link":"https:\/\/sezona.lv\/en\/products\/pokorny-tenisa-tikls-super-kopija-2\/","title":{"rendered":"Pokorny Tenisa t\u012bkls SUPER (Kopija)"},"content":{"rendered":"<p>Tenisa t\u012bkls SUPER, double, 4mm, met\u0101la trose<\/p>\n","protected":false},"excerpt":{"rendered":"<p>Tenisa t\u012bkls SUPER, double, 4mm, met\u0101la trose<\/p>\n","protected":false},"featured_media":111625,"template":"","meta":[],"product_brand":[],"product_cat":[4602,4980],"product_tag":[],"class_list":{"0":"post-111624","1":"product","2":"type-product","3":"status-publish","4":"has-post-thumbnail","6":"product_cat-summer-sports-sports","7":"product_cat-badminton-summer-sports-sports","9":"first","10":"instock","11":"shipping-taxable","12":"purchasable","13":"product-type-simple"},"_links":{"self":[{"href":"https:\/\/sezona.lv\/en\/wp-json\/wp\/v2\/product\/111624","targetHints":{"allow":["GET"]}}],"collection":[{"href":"https:\/\/sezona.lv\/en\/wp-json\/wp\/v2\/product"}],"about":[{"href":"https:\/\/sezona.lv\/en\/wp-json\/wp\/v2\/types\/product"}],"wp:featuredmedia":[{"embeddable":true,"href":"https:\/\/sezona.lv\/en\/wp-json\/wp\/v2\/media\/111625"}],"wp:attachment":[{"href":"https:\/\/sezona.lv\/en\/wp-json\/wp\/v2\/media?parent=111624"}],"wp:term":[{"taxonomy":"product_brand","embeddable":true,"href":"https:\/\/sezona.lv\/en\/wp-json\/wp\/v2\/product_brand?post=111624"},{"taxonomy":"product_cat","embeddable":true,"href":"https:\/\/sezona.lv\/en\/wp-json\/wp\/v2\/product_cat?post=111624"},{"taxonomy":"product_tag","embeddable":true,"href":"https:\/\/sezona.lv\/en\/wp-json\/wp\/v2\/product_tag?post=111624"}],"curies":[{"name":"wp","href":"https:\/\/api.w.org\/{rel}","templated":true}]}}