{"id":111628,"date":"2026-05-05T16:06:38","date_gmt":"2026-05-05T13:06:38","guid":{"rendered":"https:\/\/sezona.lv\/?post_type=product&#038;p=111628"},"modified":"2026-05-05T16:08:22","modified_gmt":"2026-05-05T13:08:22","slug":"pokorny-tenisa-tikls-super-kopija-3","status":"publish","type":"product","link":"https:\/\/sezona.lv\/en\/products\/pokorny-tenisa-tikls-super-kopija-3\/","title":{"rendered":"Pokorny Tenisa t\u012bkls SUPER (Kopija)"},"content":{"rendered":"<p>Tenisa t\u012bkls SUPER, double, 4mm, met\u0101la trose<\/p>\n","protected":false},"excerpt":{"rendered":"<p>Tenisa t\u012bkls SUPER, double, 4mm, met\u0101la trose<\/p>\n","protected":false},"featured_media":111629,"template":"","meta":[],"product_brand":[],"product_cat":[4602,4633,4643],"product_tag":[],"class_list":{"0":"post-111628","1":"product","2":"type-product","3":"status-publish","4":"has-post-thumbnail","6":"product_cat-summer-sports-sports","7":"product_cat-floorball-summer-sports-sports","8":"product_cat-floorball-accessories-floorball-summer-sports-sports","10":"first","11":"instock","12":"shipping-taxable","13":"purchasable","14":"product-type-simple"},"_links":{"self":[{"href":"https:\/\/sezona.lv\/en\/wp-json\/wp\/v2\/product\/111628","targetHints":{"allow":["GET"]}}],"collection":[{"href":"https:\/\/sezona.lv\/en\/wp-json\/wp\/v2\/product"}],"about":[{"href":"https:\/\/sezona.lv\/en\/wp-json\/wp\/v2\/types\/product"}],"wp:featuredmedia":[{"embeddable":true,"href":"https:\/\/sezona.lv\/en\/wp-json\/wp\/v2\/media\/111629"}],"wp:attachment":[{"href":"https:\/\/sezona.lv\/en\/wp-json\/wp\/v2\/media?parent=111628"}],"wp:term":[{"taxonomy":"product_brand","embeddable":true,"href":"https:\/\/sezona.lv\/en\/wp-json\/wp\/v2\/product_brand?post=111628"},{"taxonomy":"product_cat","embeddable":true,"href":"https:\/\/sezona.lv\/en\/wp-json\/wp\/v2\/product_cat?post=111628"},{"taxonomy":"product_tag","embeddable":true,"href":"https:\/\/sezona.lv\/en\/wp-json\/wp\/v2\/product_tag?post=111628"}],"curies":[{"name":"wp","href":"https:\/\/api.w.org\/{rel}","templated":true}]}}