{"id":111743,"date":"2026-05-15T13:01:42","date_gmt":"2026-05-15T10:01:42","guid":{"rendered":"https:\/\/sezona.lv\/?post_type=product&#038;p=111743"},"modified":"2026-05-15T13:12:12","modified_gmt":"2026-05-15T10:12:12","slug":"odu-atbaiditajs-thermacell-mr300l-xix","status":"publish","type":"product","link":"https:\/\/sezona.lv\/en\/products\/odu-atbaiditajs-thermacell-mr300l-xix\/","title":{"rendered":"Odu atbaid\u012bt\u0101js Thermacell MR300L-XIX"},"content":{"rendered":"<p>Thermacell pretodu l\u012bdzeklis b\u016bs noder\u012bgs ce\u013cojumos, dz\u012bvo\u0161anai kempingos, med\u012bb\u0101s, mak\u0161\u0137er\u0113jot vai taisot piknika vakaru, vai ar\u012b jebkuras citas nodarbes laik\u0101, atrodoties br\u012bv\u0101 dab\u0101.<\/p>\n<p>\u013boti labi atbaida odus, mu\u0161as un citus kukai\u0146us.<\/p>\n<p>&#8211; praktiski bez smar\u017eas;<\/p>\n<p>&#8211; iek\u0101rtai darbojoties, tiek izveidota no odiem un citiem kukai\u0146iem br\u012bva zona (apm\u0113ram l\u012bdz 20 m2);<\/p>\n<p>&#8211; nedarbojas ar atkl\u0101tu liesmu;<\/p>\n<p>&#8211; nedarbojas k\u0101 smar\u017e\u012bgs losjons, izsmidzin\u0101t\u0101js vai e\u013c\u013ca;<\/p>\n<p>&#8211; \u013coti kompakts, viegli p\u0101rn\u0113s\u0101jams;<\/p>\n<p>&#8211; svars 0.3 kg;<\/p>\n<p>&#8211; darbojas ar vienu g\u0101zes baloni\u0146u (but\u0101na);<\/p>\n<p>&#8211; kluss iesl\u0113g\u0161anas\/izsl\u0113g\u0161anas sl\u0113dzis.<\/p>\n<p>&nbsp;<\/p>\n<p>Komplekt\u0101: 1 pretodu iek\u0101rta, 1 g\u0101zes (but\u0101na) patrona (darbojas l\u012bdz pat 12 stund\u0101m), 3 pretodu ielikt\u0146i (katrs darbojas l\u012bdz pat 4 stund\u0101m).<\/p>\n<p>&nbsp;<\/p>\n<p>Papildus rekomend\u0113jam ieg\u0101d\u0101ties:<\/p>\n<p>&#8211; pretodu mai\u0146as ielikt\u0146u un g\u0101zes baloni\u0146u komplektu;<\/p>\n<p>&#8211; maci\u0146u (\u010deholu) iek\u0101rtai ar klipsi;<\/p>\n<p>&#8211; maci\u0146u (\u010deholu) iek\u0101rtai ar siksnu un spr\u0101dzi;<\/p>\n<p>&#8211; univers\u0101lu gaismas luktur\u012bti, groz\u0101mu un uzkabin\u0101mu uz iek\u0101rtas.<\/p>\n<p>&nbsp;<\/p>\n<p>Svars: <span class=\"font-medium\">0.2 kg<\/span><\/p>\n<p>Svars ar iepakojumu: <span class=\"font-medium\">0.3 kg<\/span><\/p>\n<p>Izm\u0113ri (ar iepakojumu): <span class=\"font-medium\">16 x 6 x 27 cm<\/span><\/p>\n<p>GTIN\/EAN: <span class=\"font-medium\">843654011530<\/span><\/p>\n<p>Ra\u017eot\u0101ja preces kods: <span class=\"font-medium\">MR300L-XIX<\/span><\/p>\n<p>&nbsp;<\/p>\n<div>Inform\u0101cija (angliski):\u00a0<a href=\"https:\/\/www.thermacell.com\/how-it-works\">https:\/\/www.thermacell.com\/how-it-works<\/a><\/div>\n","protected":false},"excerpt":{"rendered":"<p>Thermacell pretodu l\u012bdzeklis b\u016bs noder\u012bgs ce\u013cojumos, dz\u012bvo\u0161anai kempingos, med\u012bb\u0101s, mak\u0161\u0137er\u0113jot vai taisot piknika vakaru, vai ar\u012b jebkuras citas nodarbes laik\u0101, atrodoties br\u012bv\u0101 dab\u0101. \u013boti labi atbaida odus, mu\u0161as un citus kukai\u0146us. &#8211; praktiski bez smar\u017eas; &#8211; iek\u0101rtai darbojoties, tiek izveidota no odiem un citiem kukai\u0146iem br\u012bva zona (apm\u0113ram l\u012bdz 20 m2); &#8211; nedarbojas ar atkl\u0101tu [&hellip;]<\/p>\n","protected":false},"featured_media":111744,"template":"","meta":[],"product_brand":[],"product_cat":[3293],"product_tag":[5083,5084,6026],"class_list":{"0":"post-111743","1":"product","2":"type-product","3":"status-publish","4":"has-post-thumbnail","6":"product_cat-aizsarglidzekli","7":"product_tag-thermacell","8":"product_tag-odu-atbaiditajs","9":"product_tag-odu-atbaiditajs-thermacell-mr300l-xix","11":"first","12":"instock","13":"sale","14":"shipping-taxable","15":"purchasable","16":"product-type-simple"},"_links":{"self":[{"href":"https:\/\/sezona.lv\/en\/wp-json\/wp\/v2\/product\/111743","targetHints":{"allow":["GET"]}}],"collection":[{"href":"https:\/\/sezona.lv\/en\/wp-json\/wp\/v2\/product"}],"about":[{"href":"https:\/\/sezona.lv\/en\/wp-json\/wp\/v2\/types\/product"}],"wp:featuredmedia":[{"embeddable":true,"href":"https:\/\/sezona.lv\/en\/wp-json\/wp\/v2\/media\/111744"}],"wp:attachment":[{"href":"https:\/\/sezona.lv\/en\/wp-json\/wp\/v2\/media?parent=111743"}],"wp:term":[{"taxonomy":"product_brand","embeddable":true,"href":"https:\/\/sezona.lv\/en\/wp-json\/wp\/v2\/product_brand?post=111743"},{"taxonomy":"product_cat","embeddable":true,"href":"https:\/\/sezona.lv\/en\/wp-json\/wp\/v2\/product_cat?post=111743"},{"taxonomy":"product_tag","embeddable":true,"href":"https:\/\/sezona.lv\/en\/wp-json\/wp\/v2\/product_tag?post=111743"}],"curies":[{"name":"wp","href":"https:\/\/api.w.org\/{rel}","templated":true}]}}