{"id":63673,"date":"2025-07-11T15:59:57","date_gmt":"2025-07-11T12:59:57","guid":{"rendered":"https:\/\/demo8.ecube.lv\/sezona.lv\/products\/manucroche-specials-savienojuma-elements-karabine-metala-caurulem-petzl\/"},"modified":"2025-07-11T15:59:57","modified_gmt":"2025-07-11T12:59:57","slug":"manucroche-specials-savienojuma-elements-karabine-metala-caurulem-petzl","status":"publish","type":"product","link":"https:\/\/sezona.lv\/en\/products\/manucroche-specials-savienojuma-elements-karabine-metala-caurulem-petzl\/","title":{"rendered":"MANUCROCHE Speci\u0101ls savienojuma elements\/karab\u012bne met\u0101la caurul\u0113m Petzl"},"content":{"rendered":"<p><span>MANUCROCHE&nbsp;<\/span>Speci\u0101ls savienojuma elements\/karab\u012bne met\u0101la caurul\u0113m Petzl<\/p>\n","protected":false},"excerpt":{"rendered":"<p>MANUCROCHE&nbsp;Speci\u0101ls savienojuma elements\/karab\u012bne met\u0101la caurul\u0113m Petzl<\/p>\n","protected":false},"featured_media":63671,"template":"","meta":[],"product_brand":[957],"product_cat":[3160,3165,3136],"product_tag":[],"class_list":{"0":"post-63673","1":"product","2":"type-product","3":"status-publish","4":"has-post-thumbnail","6":"product_brand-petzl","7":"product_cat-darbam-augstuma","8":"product_cat-karabines-un-savienojumi-darbam-augstuma","9":"product_cat-alpinisma-inventars","11":"first","12":"instock","13":"shipping-taxable","14":"purchasable","15":"product-type-simple"},"_links":{"self":[{"href":"https:\/\/sezona.lv\/en\/wp-json\/wp\/v2\/product\/63673","targetHints":{"allow":["GET"]}}],"collection":[{"href":"https:\/\/sezona.lv\/en\/wp-json\/wp\/v2\/product"}],"about":[{"href":"https:\/\/sezona.lv\/en\/wp-json\/wp\/v2\/types\/product"}],"wp:featuredmedia":[{"embeddable":true,"href":"https:\/\/sezona.lv\/en\/wp-json\/wp\/v2\/media\/63671"}],"wp:attachment":[{"href":"https:\/\/sezona.lv\/en\/wp-json\/wp\/v2\/media?parent=63673"}],"wp:term":[{"taxonomy":"product_brand","embeddable":true,"href":"https:\/\/sezona.lv\/en\/wp-json\/wp\/v2\/product_brand?post=63673"},{"taxonomy":"product_cat","embeddable":true,"href":"https:\/\/sezona.lv\/en\/wp-json\/wp\/v2\/product_cat?post=63673"},{"taxonomy":"product_tag","embeddable":true,"href":"https:\/\/sezona.lv\/en\/wp-json\/wp\/v2\/product_tag?post=63673"}],"curies":[{"name":"wp","href":"https:\/\/api.w.org\/{rel}","templated":true}]}}