{"id":75857,"date":"2025-07-11T15:32:56","date_gmt":"2025-07-11T12:32:56","guid":{"rendered":"https:\/\/demo8.ecube.lv\/sezona.lv\/products\/salmo-diamond-trophy-6120fd\/"},"modified":"2025-07-14T14:41:48","modified_gmt":"2025-07-14T11:41:48","slug":"salmo-diamond-trophy-6120fd","status":"publish","type":"product","link":"https:\/\/sezona.lv\/en\/products\/salmo-diamond-trophy-6120fd\/","title":{"rendered":"Salmo Diamond TROPHY (6120FD)"},"content":{"rendered":"<p>Univers\u0101la pielietojuma vid\u0113ji \u0101tra bezinerces spole, kuras iztur\u012bgais<\/p>\n<p>korpuss un rotors izgatavoti no graf\u012bta kompoz\u012btmateri\u0101la.  Pamatkasete veidota no alum\u012bnija sakaus\u0113jumiem. Lai palielin\u0101tu lod\u012b&scaron;u  gult\u0146u nodilumiztur\u012bbu, tie p\u0101rkl\u0101ti ar hromu. Kvalitat\u012bvi balans\u0113ts  meh\u0101nisms.<\/p>\n<p>&bull; Priek&scaron;\u0113j\u0101 bremze<\/p>\n<p>&bull; 2 lod\u012b&scaron;u gult\u0146i<\/p>\n<p>&bull; 1 rull\u012b&scaron;u gultnis<\/p>\n<p>&bull; Moment\u0101nas iedarb\u012bbas antireversa sist\u0113ma<\/p>\n<p>&bull; Ergonomisks antireversa sist\u0113mas p\u0101rsl\u0113gs<\/p>\n<p>&bull; Korpuss no oglek\u013ca kompoz\u012btmateri\u0101la<\/p>\n<p>&bull; Pamatkasete no alum\u012bnija (atvieglota)<\/p>\n<p>&bull; Papildu kasete no oglek\u013ca kompoz\u012btmateri\u0101la<\/p>\n<p>&bull; Palielin\u0101ts konusveida uzt\u012b&scaron;anas rull\u012btis, kas pasarg\u0101 auklu no<\/p>\n<p>sav\u0113rp&scaron;an\u0101s<\/p>\n<p>&bull; Iztur\u012bgs auklas uzkl\u0101&scaron;anas loci\u0146&scaron; ar tuk&scaron;u vidu (atvieglots), kas<\/p>\n<p>nodro&scaron;ina augst\u0101ku meh\u0101nisko iztur\u012bbu pie maz\u0101ka loci\u0146a svara<\/p>\n<p>&bull; Nodilumiztur\u012bgs tit\u0101na nitr\u012bda p\u0101rkl\u0101jums:<\/p>\n<p>&#8211; auklas uzt\u012b&scaron;anas rull\u012btim<\/p>\n<p>&bull; Nodilumiztur\u012bgs hroma p\u0101rkl\u0101jums:<\/p>\n<p>&ndash; lod\u012b&scaron;u gult\u0146iem<\/p>\n<p>&bull; Rokturis:<\/p>\n<p>&#8211; ar ergonomisku gumijas uzgali<\/p>\n<p>&#8211; skr\u016bves tipa fiks\u0101cija<\/p>\n<p>&#8211; abpus\u0113ji main\u0101ms<\/p>\n<table id=\"product-properties\" class=\"table-display\" border=\"0\">\n<tbody>\n<tr>\n<td class=\"title\">TOP<\/td>\n<td>Y<\/td>\n<\/tr>\n<tr>\n<td class=\"title\">Z\u012bmols<\/td>\n<td>SALMO<\/td>\n<\/tr>\n<tr>\n<td class=\"title\">Svars (g)<\/td>\n<td>230<\/td>\n<\/tr>\n<tr>\n<td class=\"title\">Ietilp\u012bba (m\/mm)<\/td>\n<td>180 \/ 0,25<\/td>\n<\/tr>\n<tr>\n<td class=\"title\">Rull\u012b&scaron;u gult\u0146u sk.<\/td>\n<td>1<\/td>\n<\/tr>\n<tr>\n<td class=\"title\">Lod\u012b&scaron;u gult\u0146u sk.<\/td>\n<td>2<\/td>\n<\/tr>\n<tr>\n<td class=\"title\">Modelis<\/td>\n<td>TROPHY<\/td>\n<\/tr>\n<tr>\n<td class=\"title\">P\u0101rnesums<\/td>\n<td>5,1 : 1<\/td>\n<\/tr>\n<\/tbody>\n<\/table>\n","protected":false},"excerpt":{"rendered":"<p>Univers\u0101la pielietojuma vid\u0113ji \u0101tra bezinerces spole, kuras iztur\u012bgais korpuss un rotors izgatavoti no graf\u012bta kompoz\u012btmateri\u0101la. Pamatkasete veidota no alum\u012bnija sakaus\u0113jumiem. Lai palielin\u0101tu lod\u012b&scaron;u gult\u0146u nodilumiztur\u012bbu, tie p\u0101rkl\u0101ti ar hromu. Kvalitat\u012bvi balans\u0113ts meh\u0101nisms. &bull; Priek&scaron;\u0113j\u0101 bremze &bull; 2 lod\u012b&scaron;u gult\u0146i &bull; 1 rull\u012b&scaron;u gultnis &bull; Moment\u0101nas iedarb\u012bbas antireversa sist\u0113ma &bull; Ergonomisks antireversa sist\u0113mas p\u0101rsl\u0113gs &bull; Korpuss [&hellip;]<\/p>\n","protected":false},"featured_media":0,"template":"","meta":[],"product_brand":[],"product_cat":[4538],"product_tag":[],"class_list":{"0":"post-75857","1":"product","2":"type-product","3":"status-publish","5":"product_cat-fishing-equipment-recreation","7":"first","8":"instock","9":"shipping-taxable","10":"purchasable","11":"product-type-simple"},"_links":{"self":[{"href":"https:\/\/sezona.lv\/en\/wp-json\/wp\/v2\/product\/75857","targetHints":{"allow":["GET"]}}],"collection":[{"href":"https:\/\/sezona.lv\/en\/wp-json\/wp\/v2\/product"}],"about":[{"href":"https:\/\/sezona.lv\/en\/wp-json\/wp\/v2\/types\/product"}],"wp:attachment":[{"href":"https:\/\/sezona.lv\/en\/wp-json\/wp\/v2\/media?parent=75857"}],"wp:term":[{"taxonomy":"product_brand","embeddable":true,"href":"https:\/\/sezona.lv\/en\/wp-json\/wp\/v2\/product_brand?post=75857"},{"taxonomy":"product_cat","embeddable":true,"href":"https:\/\/sezona.lv\/en\/wp-json\/wp\/v2\/product_cat?post=75857"},{"taxonomy":"product_tag","embeddable":true,"href":"https:\/\/sezona.lv\/en\/wp-json\/wp\/v2\/product_tag?post=75857"}],"curies":[{"name":"wp","href":"https:\/\/api.w.org\/{rel}","templated":true}]}}