{"id":75859,"date":"2025-07-11T15:32:58","date_gmt":"2025-07-11T12:32:58","guid":{"rendered":"https:\/\/demo8.ecube.lv\/sezona.lv\/products\/piepusama-laiva-dulkan-amata-400\/"},"modified":"2025-07-14T14:41:50","modified_gmt":"2025-07-14T11:41:50","slug":"piepusama-laiva-dulkan-amata-400","status":"publish","type":"product","link":"https:\/\/sezona.lv\/en\/products\/piepusama-laiva-dulkan-amata-400\/","title":{"rendered":"Piep\u016b\u0161am\u0101 laiva Dulkan Amata 400"},"content":{"rendered":"<p><strong>Apraksts:<\/strong><br \/>Viegla, kompakta laiva mak&scaron;\u0137er\u0113&scaron;anai, med\u012bb\u0101m un \u016bdens braucieniem pa iek&scaron;\u0113jiem \u016bdens tilpn\u0113m un up\u0113m. <br \/>Laiva ir ar labu notur\u012bbu un manevr\u0113&scaron;anas sp\u0113ju. Laivas apmales sast\u0101v no diviem izol\u0113tiem nodal\u012bjumiem.&nbsp; <br \/>Piep\u016b&scaron;am\u0101 pamatne sniedz laivai papildus izol\u0113to nodal\u012bjumu, k\u0101 ar\u012b kalpo siltuma izol\u0101cijai.<br \/>Mode\u013ca priek&scaron;roc\u012bbas: neliels svars, laivas salik&scaron;anas \u0101trums, kompakts iepakojums \u013cauj pa\u0146emt laivu l\u012bdzi jebkur\u0101 pastaig\u0101.<\/p>\n<p><strong>Komplekt\u0101cija:<\/strong><br \/>1. Laiva 1 gab.<br \/>2. S\u016bknis 1 gab.<br \/>3. Airis 2 gab.<br \/>4. Remonta komplekts 1 gab.<br \/>5. Laivas soma&nbsp; 1 gab.<br \/>6. S\u0113deklis 2 gab<\/p>\n<table border=\"1\">\n<tbody>\n<tr style=\"text-align: left\">\n<td style=\"text-align: left\">&nbsp;<\/td>\n<td style=\"text-align: left\"><span style=\"font-size: x-small\"><span style=\"font-size: small\">Garums, m<\/span><br \/><\/span><\/td>\n<td style=\"text-align: left\"><span style=\"font-size: small\">4.00<\/span><\/td>\n<\/tr>\n<tr style=\"text-align: left\">\n<td style=\"text-align: left\">&nbsp;<\/td>\n<td style=\"text-align: left\"><span style=\"font-size: x-small\"><span style=\"font-size: small\">Platums, m<\/span><br \/><\/span><\/td>\n<td style=\"text-align: left\"><span style=\"font-size: small\">1.15<\/span><\/td>\n<\/tr>\n<tr style=\"text-align: left\">\n<td style=\"text-align: left\">&nbsp;<\/td>\n<td style=\"text-align: left\"><span style=\"font-size: small\">Iek&scaron;\u0113jais garums, m<\/span><\/td>\n<td style=\"text-align: left\"><span style=\"font-size: small\">3.25<\/span><\/td>\n<\/tr>\n<tr style=\"text-align: left\">\n<td style=\"text-align: left\">&nbsp;<\/td>\n<td style=\"text-align: left\"><span style=\"font-size: small\">Iek&scaron;\u0113jais platums, m<\/span><\/td>\n<td style=\"text-align: left\"><span style=\"font-size: small\">0.43<\/span><\/td>\n<\/tr>\n<tr style=\"text-align: left\">\n<td style=\"text-align: left\">&nbsp;<\/td>\n<td style=\"text-align: left\"><span style=\"font-size: small\">Balona diametrs, m<\/span><\/td>\n<td style=\"text-align: left\"><span style=\"font-size: small\">0.36<\/span><\/td>\n<\/tr>\n<tr style=\"text-align: left\">\n<td style=\"text-align: left\">&nbsp;<\/td>\n<td style=\"text-align: left\"><span style=\"font-size: small\">Kolektoru skaits<\/span><\/td>\n<td style=\"text-align: left\"><span style=\"font-size: small\">2+1<\/span><\/td>\n<\/tr>\n<tr style=\"text-align: left\">\n<td style=\"text-align: left\">&nbsp;<\/td>\n<td style=\"text-align: left\"><span style=\"font-size: small\">Cilv\u0113ku skaits<\/span><\/td>\n<td style=\"text-align: left\"><span style=\"font-size: small\">3<\/span><\/td>\n<\/tr>\n<tr style=\"text-align: left\">\n<td style=\"text-align: left\">&nbsp;<\/td>\n<td style=\"text-align: left\"><span style=\"font-size: small\">Celtsp\u0113ja, kg<\/span><\/td>\n<td style=\"text-align: left\"><span style=\"font-size: small\">400<\/span><\/td>\n<\/tr>\n<tr style=\"text-align: left\">\n<td style=\"text-align: left\">&nbsp;<\/td>\n<td style=\"text-align: left\"><span style=\"font-size: small\">Svars, kg<\/span><\/td>\n<td style=\"text-align: left\"><span style=\"font-size: small\">19<\/span><\/td>\n<\/tr>\n<tr style=\"text-align: left\">\n<td style=\"text-align: left\">&nbsp;<\/td>\n<td style=\"text-align: left\"><span style=\"font-size: small\">Iepakojuma gabar\u012bti<br \/><\/span><\/td>\n<td style=\"text-align: left\"><span style=\"font-size: small\">1.00&#215;0.40&#215;0.40<\/span><\/td>\n<\/tr>\n<\/tbody>\n<\/table>\n","protected":false},"excerpt":{"rendered":"<p>Apraksts:Viegla, kompakta laiva mak&scaron;\u0137er\u0113&scaron;anai, med\u012bb\u0101m un \u016bdens braucieniem pa iek&scaron;\u0113jiem \u016bdens tilpn\u0113m un up\u0113m. Laiva ir ar labu notur\u012bbu un manevr\u0113&scaron;anas sp\u0113ju. Laivas apmales sast\u0101v no diviem izol\u0113tiem nodal\u012bjumiem.&nbsp; Piep\u016b&scaron;am\u0101 pamatne sniedz laivai papildus izol\u0113to nodal\u012bjumu, k\u0101 ar\u012b kalpo siltuma izol\u0101cijai.Mode\u013ca priek&scaron;roc\u012bbas: neliels svars, laivas salik&scaron;anas \u0101trums, kompakts iepakojums \u013cauj pa\u0146emt laivu l\u012bdzi jebkur\u0101 pastaig\u0101. [&hellip;]<\/p>\n","protected":false},"featured_media":59277,"template":"","meta":[],"product_brand":[],"product_cat":[4557,4578,4946],"product_tag":[],"class_list":{"0":"post-75859","1":"product","2":"type-product","3":"status-publish","4":"has-post-thumbnail","6":"product_cat-boats-recreation","7":"product_cat-inflatable-boats-boats-recreation","8":"product_cat-dulkan-2-inflatable-boats-boats-recreation","10":"first","11":"instock","12":"shipping-taxable","13":"purchasable","14":"product-type-simple"},"_links":{"self":[{"href":"https:\/\/sezona.lv\/en\/wp-json\/wp\/v2\/product\/75859","targetHints":{"allow":["GET"]}}],"collection":[{"href":"https:\/\/sezona.lv\/en\/wp-json\/wp\/v2\/product"}],"about":[{"href":"https:\/\/sezona.lv\/en\/wp-json\/wp\/v2\/types\/product"}],"wp:featuredmedia":[{"embeddable":true,"href":"https:\/\/sezona.lv\/en\/wp-json\/wp\/v2\/media\/59277"}],"wp:attachment":[{"href":"https:\/\/sezona.lv\/en\/wp-json\/wp\/v2\/media?parent=75859"}],"wp:term":[{"taxonomy":"product_brand","embeddable":true,"href":"https:\/\/sezona.lv\/en\/wp-json\/wp\/v2\/product_brand?post=75859"},{"taxonomy":"product_cat","embeddable":true,"href":"https:\/\/sezona.lv\/en\/wp-json\/wp\/v2\/product_cat?post=75859"},{"taxonomy":"product_tag","embeddable":true,"href":"https:\/\/sezona.lv\/en\/wp-json\/wp\/v2\/product_tag?post=75859"}],"curies":[{"name":"wp","href":"https:\/\/api.w.org\/{rel}","templated":true}]}}