{"id":75861,"date":"2025-07-11T15:33:00","date_gmt":"2025-07-11T12:33:00","guid":{"rendered":"https:\/\/demo8.ecube.lv\/sezona.lv\/products\/piepusama-laiva-dulkan-gauja-240p\/"},"modified":"2025-07-14T14:41:52","modified_gmt":"2025-07-14T11:41:52","slug":"piepusama-laiva-dulkan-gauja-240p","status":"publish","type":"product","link":"https:\/\/sezona.lv\/en\/products\/piepusama-laiva-dulkan-gauja-240p\/","title":{"rendered":"Piep\u016b\u0161am\u0101 laiva Dulkan Gauja 240P"},"content":{"rendered":"<p><strong>Apraksts:<\/strong><br \/>&ldquo;GAUJA&rdquo; mode\u013cu s\u0113rija ir br\u012bni&scaron;\u0137\u012bga laiva  mak&scaron;\u0137er\u0113&scaron;anai, med\u012bb\u0101m, k\u0101 ar\u012b atp\u016btai uz \u016bdens. T\u0101 nav d\u0101rga laiva,  tiek izlaista da\u017e\u0101d\u0101 izpild\u012bjum\u0101: ar piep\u016b&scaron;amo, d\u0113\u013cu vai parasto  pamatni. Laivas konstrukcija nodro&scaron;ina vieglo g\u0101jienu un lielisku  d\u012bdz\u012bbu uz vi\u013c\u0146a. Piest\u0101tnes brusa aizsarg\u0101 bortus no dil&scaron;anas, dibens  ir pastiprin\u0101ts. <br \/>Laivai nav no\u0146emama tur\u0113t\u0101ja nelielam piekarin\u0101mam motoram (benz\u012bna, elektriskajam), bet ja klients v\u0113las to var uzst\u0101d\u012bt.<br \/><strong><br \/>Komplekt\u0101cija:<\/strong><br \/>1. Laiva 1 gab.<br \/>2. S\u016bknis 1 gab.<br \/>3. Airis 2 gab.<br \/>4. Remonta komplekts 1 gab.<br \/>5. Laivas soma&nbsp; 1 gab.<br \/>6. S\u0113deklis 2 gab<\/p>\n<table border=\"1\">\n<tbody>\n<tr style=\"text-align: left\">\n<td style=\"text-align: left\"><\/td>\n<td style=\"text-align: left\"><span style=\"font-size: x-small\"><span style=\"font-size: small\">Garums, m<\/span><br \/><\/span><\/td>\n<td style=\"text-align: left\"><span style=\"font-size: small\">2.40<\/span><\/td>\n<\/tr>\n<tr style=\"text-align: left\">\n<td style=\"text-align: left\"><\/td>\n<td style=\"text-align: left\"><span style=\"font-size: x-small\"><span style=\"font-size: small\">Platums, m<\/span><br \/><\/span><\/td>\n<td style=\"text-align: left\"><span style=\"font-size: small\">1.27<\/span><\/td>\n<\/tr>\n<tr style=\"text-align: left\">\n<td style=\"text-align: left\"><\/td>\n<td style=\"text-align: left\"><span style=\"font-size: small\">Iek&scaron;\u0113jais garums, m<\/span><\/td>\n<td style=\"text-align: left\"><span style=\"font-size: small\">1.70<\/span><\/td>\n<\/tr>\n<tr style=\"text-align: left\">\n<td style=\"text-align: left\"><\/td>\n<td style=\"text-align: left\"><span style=\"font-size: small\">Iek&scaron;\u0113jais platums, m<\/span><\/td>\n<td style=\"text-align: left\"><span style=\"font-size: small\">0.55<\/span><\/td>\n<\/tr>\n<tr style=\"text-align: left\">\n<td style=\"text-align: left\"><\/td>\n<td style=\"text-align: left\"><span style=\"font-size: small\">Balona diametrs, m<\/span><\/td>\n<td style=\"text-align: left\"><span style=\"font-size: small\">0.36<\/span><\/td>\n<\/tr>\n<tr style=\"text-align: left\">\n<td style=\"text-align: left\"><\/td>\n<td style=\"text-align: left\"><span style=\"font-size: small\">Kolektoru skaits<\/span><\/td>\n<td style=\"text-align: left\"><span style=\"font-size: small\">2<\/span><\/td>\n<\/tr>\n<tr style=\"text-align: left\">\n<td style=\"text-align: left\"><\/td>\n<td style=\"text-align: left\"><span style=\"font-size: small\">Cilv\u0113ku skaits<\/span><\/td>\n<td style=\"text-align: left\"><span style=\"font-size: small\">2<\/span><\/td>\n<\/tr>\n<tr style=\"text-align: left\">\n<td style=\"text-align: left\"><\/td>\n<td style=\"text-align: left\"><span style=\"font-size: small\">Celtsp\u0113ja, kg<\/span><\/td>\n<td style=\"text-align: left\"><span style=\"font-size: small\">300<\/span><\/td>\n<\/tr>\n<tr style=\"text-align: left\">\n<td style=\"text-align: left\"><\/td>\n<td style=\"text-align: left\"><span style=\"font-size: small\">Svars, kg<\/span><\/td>\n<td style=\"text-align: left\"><span style=\"font-size: small\">19<\/span><\/td>\n<\/tr>\n<tr style=\"text-align: left\">\n<td style=\"text-align: left\"><\/td>\n<td style=\"text-align: left\"><span style=\"font-size: small\">Iepakojuma gabar\u012bti<br \/><\/span><\/td>\n<td style=\"text-align: left\"><span style=\"font-size: small\">1.00&#215;0.40&#215;0.35<\/span><\/td>\n<\/tr>\n<\/tbody>\n<\/table>\n","protected":false},"excerpt":{"rendered":"<p>Apraksts:&ldquo;GAUJA&rdquo; mode\u013cu s\u0113rija ir br\u012bni&scaron;\u0137\u012bga laiva mak&scaron;\u0137er\u0113&scaron;anai, med\u012bb\u0101m, k\u0101 ar\u012b atp\u016btai uz \u016bdens. T\u0101 nav d\u0101rga laiva, tiek izlaista da\u017e\u0101d\u0101 izpild\u012bjum\u0101: ar piep\u016b&scaron;amo, d\u0113\u013cu vai parasto pamatni. Laivas konstrukcija nodro&scaron;ina vieglo g\u0101jienu un lielisku d\u012bdz\u012bbu uz vi\u013c\u0146a. Piest\u0101tnes brusa aizsarg\u0101 bortus no dil&scaron;anas, dibens ir pastiprin\u0101ts. Laivai nav no\u0146emama tur\u0113t\u0101ja nelielam piekarin\u0101mam motoram (benz\u012bna, elektriskajam), [&hellip;]<\/p>\n","protected":false},"featured_media":59285,"template":"","meta":[],"product_brand":[],"product_cat":[4557,4578,4946],"product_tag":[],"class_list":{"0":"post-75861","1":"product","2":"type-product","3":"status-publish","4":"has-post-thumbnail","6":"product_cat-boats-recreation","7":"product_cat-inflatable-boats-boats-recreation","8":"product_cat-dulkan-2-inflatable-boats-boats-recreation","10":"first","11":"instock","12":"shipping-taxable","13":"purchasable","14":"product-type-simple"},"_links":{"self":[{"href":"https:\/\/sezona.lv\/en\/wp-json\/wp\/v2\/product\/75861","targetHints":{"allow":["GET"]}}],"collection":[{"href":"https:\/\/sezona.lv\/en\/wp-json\/wp\/v2\/product"}],"about":[{"href":"https:\/\/sezona.lv\/en\/wp-json\/wp\/v2\/types\/product"}],"wp:featuredmedia":[{"embeddable":true,"href":"https:\/\/sezona.lv\/en\/wp-json\/wp\/v2\/media\/59285"}],"wp:attachment":[{"href":"https:\/\/sezona.lv\/en\/wp-json\/wp\/v2\/media?parent=75861"}],"wp:term":[{"taxonomy":"product_brand","embeddable":true,"href":"https:\/\/sezona.lv\/en\/wp-json\/wp\/v2\/product_brand?post=75861"},{"taxonomy":"product_cat","embeddable":true,"href":"https:\/\/sezona.lv\/en\/wp-json\/wp\/v2\/product_cat?post=75861"},{"taxonomy":"product_tag","embeddable":true,"href":"https:\/\/sezona.lv\/en\/wp-json\/wp\/v2\/product_tag?post=75861"}],"curies":[{"name":"wp","href":"https:\/\/api.w.org\/{rel}","templated":true}]}}