{"id":75866,"date":"2025-07-11T15:33:10","date_gmt":"2025-07-11T12:33:10","guid":{"rendered":"https:\/\/demo8.ecube.lv\/sezona.lv\/products\/piepusama-laiva-dulkan-gauja-xl-d\/"},"modified":"2025-07-14T14:41:57","modified_gmt":"2025-07-14T11:41:57","slug":"piepusama-laiva-dulkan-gauja-xl-d","status":"publish","type":"product","link":"https:\/\/sezona.lv\/en\/products\/piepusama-laiva-dulkan-gauja-xl-d\/","title":{"rendered":"Piep\u016b\u0161am\u0101 laiva Dulkan Gauja XL-D"},"content":{"rendered":"<p><strong>Apraksts:<\/strong><br \/>&ldquo;GAUJA&rdquo; mode\u013cu s\u0113rija ir br\u012bni&scaron;\u0137\u012bga laiva mak&scaron;\u0137er\u0113&scaron;anai, med\u012bb\u0101m, k\u0101 ar\u012b atp\u016btai uz \u016bdens. <br \/>Laiva &bdquo;GAUJA XL-D&rdquo; ir vien\u012bg\u0101 laiva no mode\u013cu &ldquo;GAUJA&rdquo; virknes, kurai pamatne ir no \u016bdens notur\u012bga, lamin\u0113t\u0101 finiera.<br \/>Laivas  konstrukcija nodro&scaron;ina vieglo g\u0101jienu un lielisku d\u012bdz\u012bbu uz vi\u013c\u0146a.  Piest\u0101tnes brusa aizsarg\u0101 bortus no dil&scaron;anas, dibens ir pastiprin\u0101ts. <br \/>Laivai ir no\u0146emamais tur\u0113t\u0101js nelielam piekarin\u0101mam motoram (benz\u012bna, elektriskajam).<\/p>\n<p><strong>Komplekt\u0101cija:<\/strong><br \/>1. Laiva 1 gab.<br \/>2. S\u016bknis 1 gab.<br \/>3. Airis 2 gab.<br \/>4. Remonta komplekts 1 gab.<br \/>5. Laivas soma &nbsp;2 gab.<br \/>6. S\u0113deklis 2 gab<br \/>7. Motora tur\u0113t\u0101js 1 gab<br \/>8. Finiera pamatnes kl\u0101jums 4 gab.<br \/>9. S\u0101nu savienojumi (stringeris) 2gab.<\/p>\n<table border=\"1\">\n<tbody>\n<tr style=\"text-align: left\">\n<td style=\"text-align: left\"><\/td>\n<td style=\"text-align: left\"><span style=\"font-size: x-small\"><span style=\"font-size: small\">Garums, m<\/span><br \/><\/span><\/td>\n<td style=\"text-align: left\"><span style=\"font-size: small\">3.50<\/span><\/td>\n<\/tr>\n<tr style=\"text-align: left\">\n<td style=\"text-align: left\"><\/td>\n<td style=\"text-align: left\"><span style=\"font-size: x-small\"><span style=\"font-size: small\">Platums, m<\/span><br \/><\/span><\/td>\n<td style=\"text-align: left\"><span style=\"font-size: small\">1.55<\/span><\/td>\n<\/tr>\n<tr style=\"text-align: left\">\n<td style=\"text-align: left\"><\/td>\n<td style=\"text-align: left\"><span style=\"font-size: small\">Iek&scaron;\u0113jais garums, m<\/span><\/td>\n<td style=\"text-align: left\"><span style=\"font-size: small\">2.70<\/span><\/td>\n<\/tr>\n<tr style=\"text-align: left\">\n<td style=\"text-align: left\"><\/td>\n<td style=\"text-align: left\"><span style=\"font-size: small\">Iek&scaron;\u0113jais platums, m<\/span><\/td>\n<td style=\"text-align: left\"><span style=\"font-size: small\">0.73<\/span><\/td>\n<\/tr>\n<tr style=\"text-align: left\">\n<td style=\"text-align: left\"><\/td>\n<td style=\"text-align: left\"><span style=\"font-size: small\">Balona diametrs, m<\/span><\/td>\n<td style=\"text-align: left\"><span style=\"font-size: small\">0.41<\/span><\/td>\n<\/tr>\n<tr style=\"text-align: left\">\n<td style=\"text-align: left\"><\/td>\n<td style=\"text-align: left\"><span style=\"font-size: small\">Kolektoru skaits<\/span><\/td>\n<td style=\"text-align: left\"><span style=\"font-size: small\">2+\u0136\u012aLIS<\/span><\/td>\n<\/tr>\n<tr style=\"text-align: left\">\n<td style=\"text-align: left\"><\/td>\n<td style=\"text-align: left\"><span style=\"font-size: small\">Cilv\u0113ku skaits<\/span><\/td>\n<td style=\"text-align: left\"><span style=\"font-size: small\">4<\/span><\/td>\n<\/tr>\n<tr style=\"text-align: left\">\n<td style=\"text-align: left\"><\/td>\n<td style=\"text-align: left\"><span style=\"font-size: small\">Celtsp\u0113ja, kg<\/span><\/td>\n<td style=\"text-align: left\"><span style=\"font-size: small\">650<\/span><\/td>\n<\/tr>\n<tr style=\"text-align: left\">\n<td style=\"text-align: left\"><\/td>\n<td style=\"text-align: left\"><span style=\"font-size: small\">Svars, kg<\/span><\/td>\n<td style=\"text-align: left\"><span style=\"font-size: small\">50<\/span><\/td>\n<\/tr>\n<tr style=\"text-align: left\">\n<td style=\"text-align: left\"><\/td>\n<td style=\"text-align: left\"><span style=\"font-size: small\">Iepakojuma gabar\u012bti<br \/><\/span><\/td>\n<td style=\"text-align: left\"><span style=\"font-size: small\">1,15\u04450,45\u04450,40<br \/>0,86&#215;0,84&#215;0,07<\/span><\/td>\n<\/tr>\n<tr style=\"text-align: left\">\n<td style=\"text-align: left\"><\/td>\n<td style=\"text-align: left\"><span style=\"font-size: small\">\u041c\u043etors<\/span><\/td>\n<td style=\"text-align: left\"><span style=\"font-size: small\">1,6\/2,2<\/span><\/td>\n<\/tr>\n<\/tbody>\n<\/table>\n","protected":false},"excerpt":{"rendered":"<p>Apraksts:&ldquo;GAUJA&rdquo; mode\u013cu s\u0113rija ir br\u012bni&scaron;\u0137\u012bga laiva mak&scaron;\u0137er\u0113&scaron;anai, med\u012bb\u0101m, k\u0101 ar\u012b atp\u016btai uz \u016bdens. Laiva &bdquo;GAUJA XL-D&rdquo; ir vien\u012bg\u0101 laiva no mode\u013cu &ldquo;GAUJA&rdquo; virknes, kurai pamatne ir no \u016bdens notur\u012bga, lamin\u0113t\u0101 finiera.Laivas konstrukcija nodro&scaron;ina vieglo g\u0101jienu un lielisku d\u012bdz\u012bbu uz vi\u013c\u0146a. Piest\u0101tnes brusa aizsarg\u0101 bortus no dil&scaron;anas, dibens ir pastiprin\u0101ts. Laivai ir no\u0146emamais tur\u0113t\u0101js nelielam piekarin\u0101mam [&hellip;]<\/p>\n","protected":false},"featured_media":0,"template":"","meta":[],"product_brand":[],"product_cat":[4557,4578,4946],"product_tag":[],"class_list":{"0":"post-75866","1":"product","2":"type-product","3":"status-publish","5":"product_cat-boats-recreation","6":"product_cat-inflatable-boats-boats-recreation","7":"product_cat-dulkan-2-inflatable-boats-boats-recreation","9":"first","10":"instock","11":"shipping-taxable","12":"purchasable","13":"product-type-simple"},"_links":{"self":[{"href":"https:\/\/sezona.lv\/en\/wp-json\/wp\/v2\/product\/75866","targetHints":{"allow":["GET"]}}],"collection":[{"href":"https:\/\/sezona.lv\/en\/wp-json\/wp\/v2\/product"}],"about":[{"href":"https:\/\/sezona.lv\/en\/wp-json\/wp\/v2\/types\/product"}],"wp:attachment":[{"href":"https:\/\/sezona.lv\/en\/wp-json\/wp\/v2\/media?parent=75866"}],"wp:term":[{"taxonomy":"product_brand","embeddable":true,"href":"https:\/\/sezona.lv\/en\/wp-json\/wp\/v2\/product_brand?post=75866"},{"taxonomy":"product_cat","embeddable":true,"href":"https:\/\/sezona.lv\/en\/wp-json\/wp\/v2\/product_cat?post=75866"},{"taxonomy":"product_tag","embeddable":true,"href":"https:\/\/sezona.lv\/en\/wp-json\/wp\/v2\/product_tag?post=75866"}],"curies":[{"name":"wp","href":"https:\/\/api.w.org\/{rel}","templated":true}]}}