{"id":75874,"date":"2025-07-11T15:33:35","date_gmt":"2025-07-11T12:33:35","guid":{"rendered":"https:\/\/demo8.ecube.lv\/sezona.lv\/products\/piepusama-laiva-dulkan290r\/"},"modified":"2025-07-14T14:42:09","modified_gmt":"2025-07-14T11:42:09","slug":"piepusama-laiva-dulkan290r","status":"publish","type":"product","link":"https:\/\/sezona.lv\/en\/products\/piepusama-laiva-dulkan290r\/","title":{"rendered":"Piep\u016b\u0161am\u0101 laiva  Dulkan290R"},"content":{"rendered":"<p><strong>Apraksts:<\/strong><br \/>P\u0101rbaud\u012bt\u0101 un gadiem izm\u0113\u0123in\u0101t\u0101 &laquo;DULKAN&raquo;  piep\u016b&scaron;amo laivu s\u0113rija &ndash; ir lielisk\u0101 un pareiz\u0101 izv\u0113le atp\u016btai pie  dabas, mak&scaron;\u0137er\u0113&scaron;anai un med\u012bb\u0101m.  <br \/>&Scaron;\u012bs s\u0113rijas laivas ir popul\u0101r\u0101k\u0101s  p\u0113c tehnisk\u0101 raksturojuma, ar garumu no 2,20 m l\u012bdz 4,00m. Klasisk\u0101  korpusa apvilk&scaron;ana, ietilp\u012bgs kokpits, kl\u0101js no \u016bdens notur\u012bga, laim\u0113t\u0101  finiera, piep\u016b&scaron;amo balonu palielin\u0101tais diametrs, labas j\u016bras sp\u0113jas,  stabilit\u0101tes uz kursa, viegla vad\u012b&scaron;an\u0101 &ndash; tas viss padar\u012bs J\u016bsu atp\u016btu,  mak&scaron;\u0137er\u0113&scaron;anu vai med\u012bbas ne tikai  par pat\u012bkamu laika pavad\u012b&scaron;anu, bet  ar\u012b par dro&scaron;u. <br \/>&laquo;DULKAN&raquo; piep\u016b&scaron;am\u0101 laiva var tikt izmantota k\u0101 borta pal\u012bgl\u012bdzeklis uz jahtas. <\/p>\n<p><strong>Komplekt\u0101cija:<\/strong><br \/>1. Laiva 1 gab.<br \/>2. S\u016bknis 1 gab.<br \/>3. Airis 2 gab.<br \/>4. Remonta komplekts 1 gab.<br \/>5. Laivas soma  1 gab.<br \/>6. S\u0113deklis 2 gab<br \/>7. Gr\u012bdas  de\u013ci 4 gab<\/p>\n<table border=\"1\">\n<tbody>\n<tr style=\"text-align: left\">\n<td style=\"text-align: left\"><\/td>\n<td style=\"text-align: left\"><span style=\"font-size: x-small\"><span style=\"font-size: small\">&nbsp;Garums, m<\/span><br \/><\/span><\/td>\n<td style=\"text-align: left\"><span style=\"font-size: small\">&nbsp;2.90<\/span><\/td>\n<\/tr>\n<tr style=\"text-align: left\">\n<td style=\"text-align: left\"><\/td>\n<td style=\"text-align: left\"><span style=\"font-size: x-small\"><span style=\"font-size: small\">&nbsp;Platums, m<\/span><br \/><\/span><\/td>\n<td style=\"text-align: left\"><span style=\"font-size: small\">&nbsp;1.37<\/span><\/td>\n<\/tr>\n<tr style=\"text-align: left\">\n<td style=\"text-align: left\"><\/td>\n<td style=\"text-align: left\"><span style=\"font-size: small\">&nbsp;Iek&scaron;\u0113jais garums, m<\/span><\/td>\n<td style=\"text-align: left\"><span style=\"font-size: small\">&nbsp;2.10<\/span><\/td>\n<\/tr>\n<tr style=\"text-align: left\">\n<td style=\"text-align: left\"><\/td>\n<td style=\"text-align: left\"><span style=\"font-size: small\">&nbsp;Iek&scaron;\u0113jais platums, m<\/span><\/td>\n<td style=\"text-align: left\"><span style=\"font-size: small\">&nbsp;0.65<\/span><\/td>\n<\/tr>\n<tr style=\"text-align: left\">\n<td style=\"text-align: left\"><\/td>\n<td style=\"text-align: left\"><span style=\"font-size: small\">&nbsp;Balona diametrs, m<\/span><\/td>\n<td style=\"text-align: left\"><span style=\"font-size: small\">&nbsp;0.36<\/span><\/td>\n<\/tr>\n<tr style=\"text-align: left\">\n<td style=\"text-align: left\"><\/td>\n<td style=\"text-align: left\"><span style=\"font-size: small\">&nbsp;Kolektoru skaits<\/span><\/td>\n<td style=\"text-align: left\"><span style=\"font-size: small\">&nbsp;3<\/span><\/td>\n<\/tr>\n<tr style=\"text-align: left\">\n<td style=\"text-align: left\"><\/td>\n<td style=\"text-align: left\"><span style=\"font-size: small\">&nbsp;Cilv\u0113ku skaits<\/span><\/td>\n<td style=\"text-align: left\"><span style=\"font-size: small\">&nbsp;3<\/span><\/td>\n<\/tr>\n<tr style=\"text-align: left\">\n<td style=\"text-align: left\"><\/td>\n<td style=\"text-align: left\"><span style=\"font-size: small\">&nbsp;Celtsp\u0113ja, kg<\/span><\/td>\n<td style=\"text-align: left\"><span style=\"font-size: small\">&nbsp;400<\/span><\/td>\n<\/tr>\n<tr style=\"text-align: left\">\n<td style=\"text-align: left\"><\/td>\n<td style=\"text-align: left\"><span style=\"font-size: small\">&nbsp;Svars, kg<\/span><\/td>\n<td style=\"text-align: left\"><span style=\"font-size: small\">&nbsp;27<\/span><\/td>\n<\/tr>\n<tr style=\"text-align: left\">\n<td style=\"text-align: left\"><\/td>\n<td style=\"text-align: left\"><span style=\"font-size: small\">&nbsp;Iepakojuma gabar\u012bti<br \/><\/span><\/td>\n<td style=\"text-align: left\">\n<p><span style=\"font-size: small\">&nbsp;1,15\u04450,45\u04450,40<\/span><\/p>\n<\/td>\n<\/tr>\n<tr style=\"text-align: left\">\n<td style=\"text-align: left\"><\/td>\n<td style=\"text-align: left\"><span style=\"font-size: small\">&nbsp;\u041c\u043etors<\/span><\/td>\n<td style=\"text-align: left\"><span style=\"font-size: small\">&nbsp;3.7\/5<\/span><\/td>\n<\/tr>\n<\/tbody>\n<\/table>\n","protected":false},"excerpt":{"rendered":"<p>Apraksts:P\u0101rbaud\u012bt\u0101 un gadiem izm\u0113\u0123in\u0101t\u0101 &laquo;DULKAN&raquo; piep\u016b&scaron;amo laivu s\u0113rija &ndash; ir lielisk\u0101 un pareiz\u0101 izv\u0113le atp\u016btai pie dabas, mak&scaron;\u0137er\u0113&scaron;anai un med\u012bb\u0101m. &Scaron;\u012bs s\u0113rijas laivas ir popul\u0101r\u0101k\u0101s p\u0113c tehnisk\u0101 raksturojuma, ar garumu no 2,20 m l\u012bdz 4,00m. Klasisk\u0101 korpusa apvilk&scaron;ana, ietilp\u012bgs kokpits, kl\u0101js no \u016bdens notur\u012bga, laim\u0113t\u0101 finiera, piep\u016b&scaron;amo balonu palielin\u0101tais diametrs, labas j\u016bras sp\u0113jas, stabilit\u0101tes uz [&hellip;]<\/p>\n","protected":false},"featured_media":59372,"template":"","meta":[],"product_brand":[],"product_cat":[4557,4578,4946],"product_tag":[],"class_list":{"0":"post-75874","1":"product","2":"type-product","3":"status-publish","4":"has-post-thumbnail","6":"product_cat-boats-recreation","7":"product_cat-inflatable-boats-boats-recreation","8":"product_cat-dulkan-2-inflatable-boats-boats-recreation","10":"first","11":"instock","12":"shipping-taxable","13":"purchasable","14":"product-type-simple"},"_links":{"self":[{"href":"https:\/\/sezona.lv\/en\/wp-json\/wp\/v2\/product\/75874","targetHints":{"allow":["GET"]}}],"collection":[{"href":"https:\/\/sezona.lv\/en\/wp-json\/wp\/v2\/product"}],"about":[{"href":"https:\/\/sezona.lv\/en\/wp-json\/wp\/v2\/types\/product"}],"wp:featuredmedia":[{"embeddable":true,"href":"https:\/\/sezona.lv\/en\/wp-json\/wp\/v2\/media\/59372"}],"wp:attachment":[{"href":"https:\/\/sezona.lv\/en\/wp-json\/wp\/v2\/media?parent=75874"}],"wp:term":[{"taxonomy":"product_brand","embeddable":true,"href":"https:\/\/sezona.lv\/en\/wp-json\/wp\/v2\/product_brand?post=75874"},{"taxonomy":"product_cat","embeddable":true,"href":"https:\/\/sezona.lv\/en\/wp-json\/wp\/v2\/product_cat?post=75874"},{"taxonomy":"product_tag","embeddable":true,"href":"https:\/\/sezona.lv\/en\/wp-json\/wp\/v2\/product_tag?post=75874"}],"curies":[{"name":"wp","href":"https:\/\/api.w.org\/{rel}","templated":true}]}}