{"id":75876,"date":"2025-07-11T15:33:38","date_gmt":"2025-07-11T12:33:38","guid":{"rendered":"https:\/\/demo8.ecube.lv\/sezona.lv\/products\/piepusama-laiva-dulkan-raft-330\/"},"modified":"2025-07-14T14:42:11","modified_gmt":"2025-07-14T11:42:11","slug":"piepusama-laiva-dulkan-raft-330","status":"publish","type":"product","link":"https:\/\/sezona.lv\/en\/products\/piepusama-laiva-dulkan-raft-330\/","title":{"rendered":"Piep\u016b\u0161am\u0101 laiva  Dulkan Raft 330"},"content":{"rendered":"<p><strong>Apraksts:<\/strong><\/p>\n<p>Raft- ir pla&scaron;i izplat\u012bts ku\u0123a tips  pasaul\u0113,  kuru izmanto braucieniem pa kalnu up\u0113m, k\u0101 ar\u012b med\u012bb\u0101m,  mak&scaron;\u0137er\u0113&scaron;anai  un \u0123imenes atp\u016btai. <\/p>\n<p><strong>Komplekt\u0101cija:<\/strong><br \/>1. Laiva 1 gab.<br \/>2. S\u016bknis 1 gab.<br \/>3. Airis 2 gab.<br \/>4. Remonta komplekts 1 gab.<br \/>5. Laivas soma  1 gab.<br \/>6.  S\u0113deklis &nbsp;2 gab<\/p>\n<p>&nbsp;<\/p>\n<table border=\"1\">\n<tbody>\n<tr style=\"text-align: left\">\n<td style=\"text-align: left\"><\/td>\n<td style=\"text-align: left\"><span style=\"font-size: x-small\"><span style=\"font-size: small\">&nbsp;Garums, m<\/span><br \/><\/span><\/td>\n<td style=\"text-align: left\"><span style=\"font-size: small\">&nbsp;3.30<\/span><\/td>\n<\/tr>\n<tr style=\"text-align: left\">\n<td style=\"text-align: left\"><\/td>\n<td style=\"text-align: left\"><span style=\"font-size: x-small\"><span style=\"font-size: small\">&nbsp;Platums, m<\/span><br \/><\/span><\/td>\n<td style=\"text-align: left\"><span style=\"font-size: small\">&nbsp;1.50<\/span><\/td>\n<\/tr>\n<tr style=\"text-align: left\">\n<td style=\"text-align: left\"><\/td>\n<td style=\"text-align: left\"><span style=\"font-size: small\">&nbsp;Iek&scaron;\u0113jais garums, m<\/span><\/td>\n<td style=\"text-align: left\"><span style=\"font-size: small\">&nbsp;2.46<\/span><\/td>\n<\/tr>\n<tr style=\"text-align: left\">\n<td style=\"text-align: left\"><\/td>\n<td style=\"text-align: left\"><span style=\"font-size: small\">&nbsp;Iek&scaron;\u0113jais platums, m<\/span><\/td>\n<td style=\"text-align: left\"><span style=\"font-size: small\">&nbsp;0.70<\/span><\/td>\n<\/tr>\n<tr style=\"text-align: left\">\n<td style=\"text-align: left\"><\/td>\n<td style=\"text-align: left\"><span style=\"font-size: small\">&nbsp;Balona diametrs, m<\/span><\/td>\n<td style=\"text-align: left\"><span style=\"font-size: small\">&nbsp;0.40<\/span><\/td>\n<\/tr>\n<tr style=\"text-align: left\">\n<td style=\"text-align: left\"><\/td>\n<td style=\"text-align: left\"><span style=\"font-size: small\">&nbsp;Kolektoru skaits<\/span><\/td>\n<td style=\"text-align: left\"><span style=\"font-size: small\">&nbsp;2+1<\/span><\/td>\n<\/tr>\n<tr style=\"text-align: left\">\n<td style=\"text-align: left\"><\/td>\n<td style=\"text-align: left\"><span style=\"font-size: small\">&nbsp;Cilv\u0113ku skaits<\/span><\/td>\n<td style=\"text-align: left\"><span style=\"font-size: small\">&nbsp;5<\/span><\/td>\n<\/tr>\n<tr style=\"text-align: left\">\n<td style=\"text-align: left\"><\/td>\n<td style=\"text-align: left\"><span style=\"font-size: small\">&nbsp;Celtsp\u0113ja, kg<\/span><\/td>\n<td style=\"text-align: left\"><span style=\"font-size: small\">&nbsp;650<\/span><\/td>\n<\/tr>\n<tr style=\"text-align: left\">\n<td style=\"text-align: left\"><\/td>\n<td style=\"text-align: left\"><span style=\"font-size: small\">&nbsp;Svars, kg<\/span><\/td>\n<td style=\"text-align: left\"><span style=\"font-size: small\">&nbsp;32<\/span><\/td>\n<\/tr>\n<tr style=\"text-align: left\">\n<td style=\"text-align: left\"><\/td>\n<td style=\"text-align: left\"><span style=\"font-size: small\">&nbsp;Iepakojuma gabar\u012bti<br \/><\/span><\/td>\n<td style=\"text-align: left\">\n<p><span style=\"font-size: small\">&nbsp;1.15\u04450.45\u04450.40<\/span><\/p>\n<\/td>\n<\/tr>\n<tr style=\"text-align: left\">\n<td style=\"text-align: left\"><\/td>\n<td style=\"text-align: left\"><span style=\"font-size: small\">&nbsp;\u041c\u043etors<\/span><\/td>\n<td style=\"text-align: left\"><span style=\"font-size: small\">&nbsp;1.6\/2\/2<\/span><\/td>\n<\/tr>\n<\/tbody>\n<\/table>\n","protected":false},"excerpt":{"rendered":"<p>Apraksts: Raft- ir pla&scaron;i izplat\u012bts ku\u0123a tips pasaul\u0113, kuru izmanto braucieniem pa kalnu up\u0113m, k\u0101 ar\u012b med\u012bb\u0101m, mak&scaron;\u0137er\u0113&scaron;anai un \u0123imenes atp\u016btai. Komplekt\u0101cija:1. Laiva 1 gab.2. S\u016bknis 1 gab.3. Airis 2 gab.4. Remonta komplekts 1 gab.5. Laivas soma 1 gab.6. S\u0113deklis &nbsp;2 gab &nbsp; &nbsp;Garums, m &nbsp;3.30 &nbsp;Platums, m &nbsp;1.50 &nbsp;Iek&scaron;\u0113jais garums, m &nbsp;2.46 &nbsp;Iek&scaron;\u0113jais platums, [&hellip;]<\/p>\n","protected":false},"featured_media":59386,"template":"","meta":[],"product_brand":[],"product_cat":[4557,4578,4946],"product_tag":[],"class_list":{"0":"post-75876","1":"product","2":"type-product","3":"status-publish","4":"has-post-thumbnail","6":"product_cat-boats-recreation","7":"product_cat-inflatable-boats-boats-recreation","8":"product_cat-dulkan-2-inflatable-boats-boats-recreation","10":"first","11":"instock","12":"shipping-taxable","13":"purchasable","14":"product-type-simple"},"_links":{"self":[{"href":"https:\/\/sezona.lv\/en\/wp-json\/wp\/v2\/product\/75876","targetHints":{"allow":["GET"]}}],"collection":[{"href":"https:\/\/sezona.lv\/en\/wp-json\/wp\/v2\/product"}],"about":[{"href":"https:\/\/sezona.lv\/en\/wp-json\/wp\/v2\/types\/product"}],"wp:featuredmedia":[{"embeddable":true,"href":"https:\/\/sezona.lv\/en\/wp-json\/wp\/v2\/media\/59386"}],"wp:attachment":[{"href":"https:\/\/sezona.lv\/en\/wp-json\/wp\/v2\/media?parent=75876"}],"wp:term":[{"taxonomy":"product_brand","embeddable":true,"href":"https:\/\/sezona.lv\/en\/wp-json\/wp\/v2\/product_brand?post=75876"},{"taxonomy":"product_cat","embeddable":true,"href":"https:\/\/sezona.lv\/en\/wp-json\/wp\/v2\/product_cat?post=75876"},{"taxonomy":"product_tag","embeddable":true,"href":"https:\/\/sezona.lv\/en\/wp-json\/wp\/v2\/product_tag?post=75876"}],"curies":[{"name":"wp","href":"https:\/\/api.w.org\/{rel}","templated":true}]}}