{"id":75879,"date":"2025-07-11T15:33:43","date_gmt":"2025-07-11T12:33:43","guid":{"rendered":"https:\/\/demo8.ecube.lv\/sezona.lv\/products\/uztveramais-tiklins-7503-250\/"},"modified":"2025-07-14T14:42:16","modified_gmt":"2025-07-14T11:42:16","slug":"uztveramais-tiklins-7503-250","status":"publish","type":"product","link":"https:\/\/sezona.lv\/en\/products\/uztveramais-tiklins-7503-250\/","title":{"rendered":"Uztveramais t\u012bkli\u0146\u0161 (7503-250)"},"content":{"rendered":"<p>Cope, piecirtiens &ndash; un IR! T\u0101 tik ir zivs! P\u0113c stundu ilgas c\u012b\u0146as virs \u016bdens<\/p>\n<p>par\u0101d\u0101s pats brek&scaron;u vect\u0113ti\u0146&scaron;, un, kad tas nogu\u013cas uz s\u0101na, visa upe k\u013c\u016bst<\/p>\n<p>gai&scaron;a. Savi desmit kilogrami k\u0101 likts, bet krasts ir augsts, l\u012bdz \u016bdenim<\/p>\n<p>vismaz divi metri, izmis\u012bgi paskat\u0101ties apk\u0101rt, samoc\u012bt\u0101 bals\u012b pat kliedzat &ndash;<\/p>\n<p>&ldquo;Pal\u012bg\u0101, t\u012bkli\u0146u!&rdquo; Tuvum\u0101 nav nevienas dz\u012bvas dv\u0113seles&hellip; Izmis\u012bgi cen&scaron;aties<\/p>\n<p>pievilkt breksi tuv\u0101k un&#8230;Teiksiet, ka t\u0101 nem\u0113dz b\u016bt un jums t\u012bkli\u0146&scaron; nav<\/p>\n<p>vajadz\u012bgs? Nu, nu&hellip; Ja tom\u0113r p\u0101rdom\u0101siet, tad ziniet &ndash; SALMO pied\u0101v\u0101<\/p>\n<p>daudzus labus zivju uztveramo un uzglab\u0101jamo t\u012bkli\u0146u mode\u013cus.<\/p>\n<table id=\"product-properties\" class=\"table-display\" border=\"0\">\n<tbody>\n<tr>\n<td class=\"title\">TOP<\/td>\n<td>Y<\/td>\n<\/tr>\n<tr>\n<td class=\"title\">Z\u012bmols<\/td>\n<td>SALMO<\/td>\n<\/tr>\n<tr>\n<td class=\"title\">Diametrs (\u0441\u043c)<\/td>\n<td>77&#215;64<\/td>\n<\/tr>\n<tr>\n<td class=\"title\">Garums (\u0441\u043c)<\/td>\n<td>250<\/td>\n<\/tr>\n<tr>\n<td class=\"title\">Transp. garums (cm)<\/td>\n<td>115<\/td>\n<\/tr>\n<\/tbody>\n<\/table>\n","protected":false},"excerpt":{"rendered":"<p>Cope, piecirtiens &ndash; un IR! T\u0101 tik ir zivs! P\u0113c stundu ilgas c\u012b\u0146as virs \u016bdens par\u0101d\u0101s pats brek&scaron;u vect\u0113ti\u0146&scaron;, un, kad tas nogu\u013cas uz s\u0101na, visa upe k\u013c\u016bst gai&scaron;a. Savi desmit kilogrami k\u0101 likts, bet krasts ir augsts, l\u012bdz \u016bdenim vismaz divi metri, izmis\u012bgi paskat\u0101ties apk\u0101rt, samoc\u012bt\u0101 bals\u012b pat kliedzat &ndash; &ldquo;Pal\u012bg\u0101, t\u012bkli\u0146u!&rdquo; Tuvum\u0101 nav [&hellip;]<\/p>\n","protected":false},"featured_media":0,"template":"","meta":[],"product_brand":[],"product_cat":[4538,4555],"product_tag":[],"class_list":{"0":"post-75879","1":"product","2":"type-product","3":"status-publish","5":"product_cat-fishing-equipment-recreation","6":"product_cat-landing-nets-fishing-equipment-recreation","8":"first","9":"instock","10":"shipping-taxable","11":"purchasable","12":"product-type-simple"},"_links":{"self":[{"href":"https:\/\/sezona.lv\/en\/wp-json\/wp\/v2\/product\/75879","targetHints":{"allow":["GET"]}}],"collection":[{"href":"https:\/\/sezona.lv\/en\/wp-json\/wp\/v2\/product"}],"about":[{"href":"https:\/\/sezona.lv\/en\/wp-json\/wp\/v2\/types\/product"}],"wp:attachment":[{"href":"https:\/\/sezona.lv\/en\/wp-json\/wp\/v2\/media?parent=75879"}],"wp:term":[{"taxonomy":"product_brand","embeddable":true,"href":"https:\/\/sezona.lv\/en\/wp-json\/wp\/v2\/product_brand?post=75879"},{"taxonomy":"product_cat","embeddable":true,"href":"https:\/\/sezona.lv\/en\/wp-json\/wp\/v2\/product_cat?post=75879"},{"taxonomy":"product_tag","embeddable":true,"href":"https:\/\/sezona.lv\/en\/wp-json\/wp\/v2\/product_tag?post=75879"}],"curies":[{"name":"wp","href":"https:\/\/api.w.org\/{rel}","templated":true}]}}