{"id":75884,"date":"2025-07-11T15:33:59","date_gmt":"2025-07-11T12:33:59","guid":{"rendered":"https:\/\/demo8.ecube.lv\/sezona.lv\/products\/uztveramais-tiklins-453-070\/"},"modified":"2025-07-14T14:42:22","modified_gmt":"2025-07-14T11:42:22","slug":"uztveramais-tiklins-453-070","status":"publish","type":"product","link":"https:\/\/sezona.lv\/en\/products\/uztveramais-tiklins-453-070\/","title":{"rendered":"Uztveramais t\u012bkli\u0146\u0161 (453-070)"},"content":{"rendered":"<p>Cope, piecirtiens &ndash; un IR! T\u0101 tik ir zivs! P\u0113c stundu ilgas c\u012b\u0146as virs \u016bdens<\/p>\n<p>par\u0101d\u0101s pats brek&scaron;u vect\u0113ti\u0146&scaron;, un, kad tas nogu\u013cas uz s\u0101na, visa upe k\u013c\u016bst<\/p>\n<p>gai&scaron;a. Savi desmit kilogrami k\u0101 likts, bet krasts ir augsts, l\u012bdz \u016bdenim<\/p>\n<p>vismaz divi metri, izmis\u012bgi paskat\u0101ties apk\u0101rt, samoc\u012bt\u0101 bals\u012b pat kliedzat &ndash;<\/p>\n<p>&ldquo;Pal\u012bg\u0101, t\u012bkli\u0146u!&rdquo; Tuvum\u0101 nav nevienas dz\u012bvas dv\u0113seles&hellip; Izmis\u012bgi cen&scaron;aties<\/p>\n<p>pievilkt breksi tuv\u0101k un&#8230;Teiksiet, ka t\u0101 nem\u0113dz b\u016bt un jums t\u012bkli\u0146&scaron; nav<\/p>\n<p>vajadz\u012bgs? Nu, nu&hellip; Ja tom\u0113r p\u0101rdom\u0101siet, tad ziniet &ndash; SALMO pied\u0101v\u0101<\/p>\n<p>daudzus labus zivju uztveramo un uzglab\u0101jamo t\u012bkli\u0146u mode\u013cus.<\/p>\n<table id=\"product-properties\" class=\"table-display\" border=\"0\">\n<tbody>\n<tr>\n<td class=\"title\">Z\u012bmols<\/td>\n<td>SALMO<\/td>\n<\/tr>\n<tr>\n<td class=\"title\">Diametrs (\u0441\u043c)<\/td>\n<td>40 x 35<\/td>\n<\/tr>\n<tr>\n<td class=\"title\">Garums (\u0441\u043c)<\/td>\n<td>70<\/td>\n<\/tr>\n<\/tbody>\n<\/table>\n","protected":false},"excerpt":{"rendered":"<p>Cope, piecirtiens &ndash; un IR! T\u0101 tik ir zivs! P\u0113c stundu ilgas c\u012b\u0146as virs \u016bdens par\u0101d\u0101s pats brek&scaron;u vect\u0113ti\u0146&scaron;, un, kad tas nogu\u013cas uz s\u0101na, visa upe k\u013c\u016bst gai&scaron;a. Savi desmit kilogrami k\u0101 likts, bet krasts ir augsts, l\u012bdz \u016bdenim vismaz divi metri, izmis\u012bgi paskat\u0101ties apk\u0101rt, samoc\u012bt\u0101 bals\u012b pat kliedzat &ndash; &ldquo;Pal\u012bg\u0101, t\u012bkli\u0146u!&rdquo; Tuvum\u0101 nav [&hellip;]<\/p>\n","protected":false},"featured_media":59428,"template":"","meta":[],"product_brand":[894],"product_cat":[4538,4555],"product_tag":[],"class_list":{"0":"post-75884","1":"product","2":"type-product","3":"status-publish","4":"has-post-thumbnail","6":"product_brand-salmo","7":"product_cat-fishing-equipment-recreation","8":"product_cat-landing-nets-fishing-equipment-recreation","10":"first","11":"instock","12":"shipping-taxable","13":"purchasable","14":"product-type-simple"},"_links":{"self":[{"href":"https:\/\/sezona.lv\/en\/wp-json\/wp\/v2\/product\/75884","targetHints":{"allow":["GET"]}}],"collection":[{"href":"https:\/\/sezona.lv\/en\/wp-json\/wp\/v2\/product"}],"about":[{"href":"https:\/\/sezona.lv\/en\/wp-json\/wp\/v2\/types\/product"}],"wp:featuredmedia":[{"embeddable":true,"href":"https:\/\/sezona.lv\/en\/wp-json\/wp\/v2\/media\/59428"}],"wp:attachment":[{"href":"https:\/\/sezona.lv\/en\/wp-json\/wp\/v2\/media?parent=75884"}],"wp:term":[{"taxonomy":"product_brand","embeddable":true,"href":"https:\/\/sezona.lv\/en\/wp-json\/wp\/v2\/product_brand?post=75884"},{"taxonomy":"product_cat","embeddable":true,"href":"https:\/\/sezona.lv\/en\/wp-json\/wp\/v2\/product_cat?post=75884"},{"taxonomy":"product_tag","embeddable":true,"href":"https:\/\/sezona.lv\/en\/wp-json\/wp\/v2\/product_tag?post=75884"}],"curies":[{"name":"wp","href":"https:\/\/api.w.org\/{rel}","templated":true}]}}