{"id":75886,"date":"2025-07-11T15:34:04","date_gmt":"2025-07-11T12:34:04","guid":{"rendered":"https:\/\/demo8.ecube.lv\/sezona.lv\/products\/esmas-zivtinu-tiklins-7100-100\/"},"modified":"2025-07-14T14:42:23","modified_gmt":"2025-07-14T11:42:23","slug":"esmas-zivtinu-tiklins-7100-100","status":"publish","type":"product","link":"https:\/\/sezona.lv\/en\/products\/esmas-zivtinu-tiklins-7100-100\/","title":{"rendered":"\u0112smas zivti\u0146u t\u012bkli\u0146\u0161 (7100-100)"},"content":{"rendered":"","protected":false},"excerpt":{"rendered":"","protected":false},"featured_media":0,"template":"","meta":[],"product_brand":[894],"product_cat":[4538,4555],"product_tag":[],"class_list":{"0":"post-75886","1":"product","2":"type-product","3":"status-publish","5":"product_brand-salmo","6":"product_cat-fishing-equipment-recreation","7":"product_cat-landing-nets-fishing-equipment-recreation","9":"first","10":"instock","11":"shipping-taxable","12":"purchasable","13":"product-type-simple"},"_links":{"self":[{"href":"https:\/\/sezona.lv\/en\/wp-json\/wp\/v2\/product\/75886","targetHints":{"allow":["GET"]}}],"collection":[{"href":"https:\/\/sezona.lv\/en\/wp-json\/wp\/v2\/product"}],"about":[{"href":"https:\/\/sezona.lv\/en\/wp-json\/wp\/v2\/types\/product"}],"wp:attachment":[{"href":"https:\/\/sezona.lv\/en\/wp-json\/wp\/v2\/media?parent=75886"}],"wp:term":[{"taxonomy":"product_brand","embeddable":true,"href":"https:\/\/sezona.lv\/en\/wp-json\/wp\/v2\/product_brand?post=75886"},{"taxonomy":"product_cat","embeddable":true,"href":"https:\/\/sezona.lv\/en\/wp-json\/wp\/v2\/product_cat?post=75886"},{"taxonomy":"product_tag","embeddable":true,"href":"https:\/\/sezona.lv\/en\/wp-json\/wp\/v2\/product_tag?post=75886"}],"curies":[{"name":"wp","href":"https:\/\/api.w.org\/{rel}","templated":true}]}}