{"id":75887,"date":"2025-07-11T15:34:05","date_gmt":"2025-07-11T12:34:05","guid":{"rendered":"https:\/\/demo8.ecube.lv\/sezona.lv\/products\/esmas-zivtinu-tiklins-7200-100\/"},"modified":"2025-07-14T14:42:24","modified_gmt":"2025-07-14T11:42:24","slug":"esmas-zivtinu-tiklins-7200-100","status":"publish","type":"product","link":"https:\/\/sezona.lv\/en\/products\/esmas-zivtinu-tiklins-7200-100\/","title":{"rendered":"\u0112smas zivti\u0146u t\u012bkli\u0146\u0161 (7200-100)"},"content":{"rendered":"<p>\u0112smas zivti\u0146u \u0137er&scaron;anai paredz\u0113ts pace\u013cams t\u012bkli\u0146&scaron;.<\/p>\n<table id=\"product-properties\" class=\"table-display\" border=\"0\">\n<tbody>\n<tr>\n<td class=\"title\">TOP<\/td>\n<td>Y<\/td>\n<\/tr>\n<tr>\n<td class=\"title\">Z\u012bmols<\/td>\n<td>SALMO<\/td>\n<\/tr>\n<tr>\n<td class=\"title\"><\/td>\n<td><\/td>\n<\/tr>\n<tr>\n<td class=\"title\"><\/td>\n<td><\/td>\n<\/tr>\n<tr>\n<td class=\"title\">Izm\u0113rs (cm)<\/td>\n<td>100 x 100<\/td>\n<\/tr>\n<\/tbody>\n<\/table>\n","protected":false},"excerpt":{"rendered":"<p>\u0112smas zivti\u0146u \u0137er&scaron;anai paredz\u0113ts pace\u013cams t\u012bkli\u0146&scaron;. TOP Y Z\u012bmols SALMO Izm\u0113rs (cm) 100 x 100<\/p>\n","protected":false},"featured_media":0,"template":"","meta":[],"product_brand":[894],"product_cat":[4538,4555],"product_tag":[],"class_list":{"0":"post-75887","1":"product","2":"type-product","3":"status-publish","5":"product_brand-salmo","6":"product_cat-fishing-equipment-recreation","7":"product_cat-landing-nets-fishing-equipment-recreation","9":"first","10":"instock","11":"shipping-taxable","12":"purchasable","13":"product-type-simple"},"_links":{"self":[{"href":"https:\/\/sezona.lv\/en\/wp-json\/wp\/v2\/product\/75887","targetHints":{"allow":["GET"]}}],"collection":[{"href":"https:\/\/sezona.lv\/en\/wp-json\/wp\/v2\/product"}],"about":[{"href":"https:\/\/sezona.lv\/en\/wp-json\/wp\/v2\/types\/product"}],"wp:attachment":[{"href":"https:\/\/sezona.lv\/en\/wp-json\/wp\/v2\/media?parent=75887"}],"wp:term":[{"taxonomy":"product_brand","embeddable":true,"href":"https:\/\/sezona.lv\/en\/wp-json\/wp\/v2\/product_brand?post=75887"},{"taxonomy":"product_cat","embeddable":true,"href":"https:\/\/sezona.lv\/en\/wp-json\/wp\/v2\/product_cat?post=75887"},{"taxonomy":"product_tag","embeddable":true,"href":"https:\/\/sezona.lv\/en\/wp-json\/wp\/v2\/product_tag?post=75887"}],"curies":[{"name":"wp","href":"https:\/\/api.w.org\/{rel}","templated":true}]}}