{"id":75888,"date":"2025-07-11T15:34:06","date_gmt":"2025-07-11T12:34:06","guid":{"rendered":"https:\/\/demo8.ecube.lv\/sezona.lv\/products\/uzglabajamais-tiklins-ut14150\/"},"modified":"2025-07-14T14:42:25","modified_gmt":"2025-07-14T11:42:25","slug":"uzglabajamais-tiklins-ut14150","status":"publish","type":"product","link":"https:\/\/sezona.lv\/en\/products\/uzglabajamais-tiklins-ut14150\/","title":{"rendered":"Uzglab\u0101jamais t\u012bkli\u0146\u0161 (UT14150)"},"content":{"rendered":"<p>Liela izm\u0113ra auduma uzglab\u0101jamais t\u012bkli\u0146&scaron;. Komplekt\u0101 nav iek\u013cauts stiprin\u0101jums, t\u012bkli\u0146a nostiprin\u0101&scaron;anai krast\u0101.<\/p>\n<table id=\"product-properties\" class=\"table-display\" border=\"0\">\n<tbody>\n<tr>\n<td class=\"title\">Z\u012bmols<\/td>\n<td>SALMO<\/td>\n<\/tr>\n<tr>\n<td class=\"title\">Diametrs (\u0441\u043c)<\/td>\n<td>45<\/td>\n<\/tr>\n<tr>\n<td class=\"title\">Garums (\u0441\u043c)<\/td>\n<td>200<\/td>\n<\/tr>\n<tr>\n<td class=\"title\">Modelis<\/td>\n<td>MAT\/SCREEN<\/td>\n<\/tr>\n<tr>\n<td class=\"title\"><\/td>\n<td><\/td>\n<\/tr>\n<tr>\n<td class=\"title\">Nodal\u012bjumi<\/td>\n<td>5<\/td>\n<\/tr>\n<\/tbody>\n<\/table>\n","protected":false},"excerpt":{"rendered":"<p>Liela izm\u0113ra auduma uzglab\u0101jamais t\u012bkli\u0146&scaron;. Komplekt\u0101 nav iek\u013cauts stiprin\u0101jums, t\u012bkli\u0146a nostiprin\u0101&scaron;anai krast\u0101. Z\u012bmols SALMO Diametrs (\u0441\u043c) 45 Garums (\u0441\u043c) 200 Modelis MAT\/SCREEN Nodal\u012bjumi 5<\/p>\n","protected":false},"featured_media":59440,"template":"","meta":[],"product_brand":[894],"product_cat":[4538,4555],"product_tag":[],"class_list":{"0":"post-75888","1":"product","2":"type-product","3":"status-publish","4":"has-post-thumbnail","6":"product_brand-salmo","7":"product_cat-fishing-equipment-recreation","8":"product_cat-landing-nets-fishing-equipment-recreation","10":"first","11":"instock","12":"shipping-taxable","13":"purchasable","14":"product-type-simple"},"_links":{"self":[{"href":"https:\/\/sezona.lv\/en\/wp-json\/wp\/v2\/product\/75888","targetHints":{"allow":["GET"]}}],"collection":[{"href":"https:\/\/sezona.lv\/en\/wp-json\/wp\/v2\/product"}],"about":[{"href":"https:\/\/sezona.lv\/en\/wp-json\/wp\/v2\/types\/product"}],"wp:featuredmedia":[{"embeddable":true,"href":"https:\/\/sezona.lv\/en\/wp-json\/wp\/v2\/media\/59440"}],"wp:attachment":[{"href":"https:\/\/sezona.lv\/en\/wp-json\/wp\/v2\/media?parent=75888"}],"wp:term":[{"taxonomy":"product_brand","embeddable":true,"href":"https:\/\/sezona.lv\/en\/wp-json\/wp\/v2\/product_brand?post=75888"},{"taxonomy":"product_cat","embeddable":true,"href":"https:\/\/sezona.lv\/en\/wp-json\/wp\/v2\/product_cat?post=75888"},{"taxonomy":"product_tag","embeddable":true,"href":"https:\/\/sezona.lv\/en\/wp-json\/wp\/v2\/product_tag?post=75888"}],"curies":[{"name":"wp","href":"https:\/\/api.w.org\/{rel}","templated":true}]}}