{"id":75890,"date":"2025-07-11T15:34:09","date_gmt":"2025-07-11T12:34:09","guid":{"rendered":"https:\/\/demo8.ecube.lv\/sezona.lv\/products\/uzglabajamais-tiklins-ut51835\/"},"modified":"2025-07-14T14:42:27","modified_gmt":"2025-07-14T11:42:27","slug":"uzglabajamais-tiklins-ut51835","status":"publish","type":"product","link":"https:\/\/sezona.lv\/en\/products\/uzglabajamais-tiklins-ut51835\/","title":{"rendered":"Uzglab\u0101jamais t\u012bkli\u0146\u0161 (UT51835)"},"content":{"rendered":"<p>\u0112smas zivti\u0146u \u0137er&scaron;anai paredz\u0113ts pace\u013camais t\u012bkli\u0146&scaron;.<\/p>\n<table id=\"product-properties\" class=\"table-display\" border=\"0\">\n<tbody>\n<tr>\n<td class=\"title\">Z\u012bmols<\/td>\n<td>SALMO<\/td>\n<\/tr>\n<tr>\n<td class=\"title\">Diametrs (\u0441\u043c)<\/td>\n<td>35<\/td>\n<\/tr>\n<tr>\n<td class=\"title\">Garums (\u0441\u043c)<\/td>\n<td>180<\/td>\n<\/tr>\n<tr>\n<td class=\"title\">Modelis<\/td>\n<td>MAT\/ROD<\/td>\n<\/tr>\n<tr>\n<td class=\"title\"><\/td>\n<td><\/td>\n<\/tr>\n<tr>\n<td class=\"title\">Nodal\u012bjumi<\/td>\n<td>5<\/td>\n<\/tr>\n<\/tbody>\n<\/table>\n","protected":false},"excerpt":{"rendered":"<p>\u0112smas zivti\u0146u \u0137er&scaron;anai paredz\u0113ts pace\u013camais t\u012bkli\u0146&scaron;. Z\u012bmols SALMO Diametrs (\u0441\u043c) 35 Garums (\u0441\u043c) 180 Modelis MAT\/ROD Nodal\u012bjumi 5<\/p>\n","protected":false},"featured_media":59446,"template":"","meta":[],"product_brand":[894],"product_cat":[4538,4555],"product_tag":[],"class_list":{"0":"post-75890","1":"product","2":"type-product","3":"status-publish","4":"has-post-thumbnail","6":"product_brand-salmo","7":"product_cat-fishing-equipment-recreation","8":"product_cat-landing-nets-fishing-equipment-recreation","10":"first","11":"instock","12":"shipping-taxable","13":"purchasable","14":"product-type-simple"},"_links":{"self":[{"href":"https:\/\/sezona.lv\/en\/wp-json\/wp\/v2\/product\/75890","targetHints":{"allow":["GET"]}}],"collection":[{"href":"https:\/\/sezona.lv\/en\/wp-json\/wp\/v2\/product"}],"about":[{"href":"https:\/\/sezona.lv\/en\/wp-json\/wp\/v2\/types\/product"}],"wp:featuredmedia":[{"embeddable":true,"href":"https:\/\/sezona.lv\/en\/wp-json\/wp\/v2\/media\/59446"}],"wp:attachment":[{"href":"https:\/\/sezona.lv\/en\/wp-json\/wp\/v2\/media?parent=75890"}],"wp:term":[{"taxonomy":"product_brand","embeddable":true,"href":"https:\/\/sezona.lv\/en\/wp-json\/wp\/v2\/product_brand?post=75890"},{"taxonomy":"product_cat","embeddable":true,"href":"https:\/\/sezona.lv\/en\/wp-json\/wp\/v2\/product_cat?post=75890"},{"taxonomy":"product_tag","embeddable":true,"href":"https:\/\/sezona.lv\/en\/wp-json\/wp\/v2\/product_tag?post=75890"}],"curies":[{"name":"wp","href":"https:\/\/api.w.org\/{rel}","templated":true}]}}