{"id":75891,"date":"2025-07-11T15:34:10","date_gmt":"2025-07-11T12:34:10","guid":{"rendered":"https:\/\/demo8.ecube.lv\/sezona.lv\/products\/kastite-210x130x35\/"},"modified":"2025-07-14T14:42:28","modified_gmt":"2025-07-14T11:42:28","slug":"kastite-210x130x35","status":"publish","type":"product","link":"https:\/\/sezona.lv\/en\/products\/kastite-210x130x35\/","title":{"rendered":"Kast\u012bte 210x130x35"},"content":{"rendered":"<p>Neliela vienpus\u0113j\u0101 kast\u012bte mak&scaron;\u0137er\u0113&scaron;anas s\u012bkumu glab\u0101&scaron;anai. 10 no\u0146emam\u0101s starpsienas.<\/p>\n<table id=\"product-properties\" class=\"table-display\" border=\"0\">\n<tbody>\n<tr>\n<td class=\"title\">TOP<\/td>\n<td>Y<\/td>\n<\/tr>\n<tr>\n<td class=\"title\">Z\u012bmols<\/td>\n<td>SALMO<\/td>\n<\/tr>\n<tr>\n<td class=\"title\">&nbsp;<\/td>\n<td>&nbsp;<\/td>\n<\/tr>\n<tr>\n<td class=\"title\">&nbsp;<\/td>\n<td>&nbsp;<\/td>\n<\/tr>\n<tr>\n<td class=\"title\">Izm\u0113rs (mm)<\/td>\n<td>210 x 130 x 35<\/td>\n<\/tr>\n<\/tbody>\n<\/table>\n","protected":false},"excerpt":{"rendered":"<p>Neliela vienpus\u0113j\u0101 kast\u012bte mak&scaron;\u0137er\u0113&scaron;anas s\u012bkumu glab\u0101&scaron;anai. 10 no\u0146emam\u0101s starpsienas. TOP Y Z\u012bmols SALMO &nbsp; &nbsp; &nbsp; &nbsp; Izm\u0113rs (mm) 210 x 130 x 35<\/p>\n","protected":false},"featured_media":0,"template":"","meta":[],"product_brand":[894],"product_cat":[4538,4556],"product_tag":[],"class_list":{"0":"post-75891","1":"product","2":"type-product","3":"status-publish","5":"product_brand-salmo","6":"product_cat-fishing-equipment-recreation","7":"product_cat-bags-boxes-fishing-equipment-recreation","9":"first","10":"instock","11":"shipping-taxable","12":"purchasable","13":"product-type-simple"},"_links":{"self":[{"href":"https:\/\/sezona.lv\/en\/wp-json\/wp\/v2\/product\/75891","targetHints":{"allow":["GET"]}}],"collection":[{"href":"https:\/\/sezona.lv\/en\/wp-json\/wp\/v2\/product"}],"about":[{"href":"https:\/\/sezona.lv\/en\/wp-json\/wp\/v2\/types\/product"}],"wp:attachment":[{"href":"https:\/\/sezona.lv\/en\/wp-json\/wp\/v2\/media?parent=75891"}],"wp:term":[{"taxonomy":"product_brand","embeddable":true,"href":"https:\/\/sezona.lv\/en\/wp-json\/wp\/v2\/product_brand?post=75891"},{"taxonomy":"product_cat","embeddable":true,"href":"https:\/\/sezona.lv\/en\/wp-json\/wp\/v2\/product_cat?post=75891"},{"taxonomy":"product_tag","embeddable":true,"href":"https:\/\/sezona.lv\/en\/wp-json\/wp\/v2\/product_tag?post=75891"}],"curies":[{"name":"wp","href":"https:\/\/api.w.org\/{rel}","templated":true}]}}