{"id":75892,"date":"2025-07-11T15:34:11","date_gmt":"2025-07-11T12:34:11","guid":{"rendered":"https:\/\/demo8.ecube.lv\/sezona.lv\/products\/kaste-double-sided-290x210x60\/"},"modified":"2025-07-14T14:42:29","modified_gmt":"2025-07-14T11:42:29","slug":"kaste-double-sided-290x210x60","status":"publish","type":"product","link":"https:\/\/sezona.lv\/en\/products\/kaste-double-sided-290x210x60\/","title":{"rendered":"Kaste DOUBLE SIDED 290x210x60"},"content":{"rendered":"<p>Liela divpus\u0113ja kast\u012bte ar nodal\u012bjumiem mak&scaron;\u0137er\u0113&scaron;anas s\u012bkumu glab\u0101&scaron;anai. Ir p\u0101rn\u0113s\u0101&scaron;anas rokturis.<\/p>\n<table id=\"product-properties\" class=\"table-display\" border=\"0\">\n<tbody>\n<tr>\n<td class=\"title\">TOP<\/td>\n<td>Y<\/td>\n<\/tr>\n<tr>\n<td class=\"title\">Z\u012bmols<\/td>\n<td>SALMO<\/td>\n<\/tr>\n<tr>\n<td class=\"title\"><\/td>\n<td><\/td>\n<\/tr>\n<tr>\n<td class=\"title\"><\/td>\n<td><\/td>\n<\/tr>\n<tr>\n<td class=\"title\">Izm\u0113rs (mm)<\/td>\n<td>290 x 210x 60<\/td>\n<\/tr>\n<\/tbody>\n<\/table>\n","protected":false},"excerpt":{"rendered":"<p>Liela divpus\u0113ja kast\u012bte ar nodal\u012bjumiem mak&scaron;\u0137er\u0113&scaron;anas s\u012bkumu glab\u0101&scaron;anai. Ir p\u0101rn\u0113s\u0101&scaron;anas rokturis. TOP Y Z\u012bmols SALMO Izm\u0113rs (mm) 290 x 210x 60<\/p>\n","protected":false},"featured_media":0,"template":"","meta":[],"product_brand":[],"product_cat":[4538,4556],"product_tag":[],"class_list":{"0":"post-75892","1":"product","2":"type-product","3":"status-publish","5":"product_cat-fishing-equipment-recreation","6":"product_cat-bags-boxes-fishing-equipment-recreation","8":"first","9":"instock","10":"shipping-taxable","11":"purchasable","12":"product-type-simple"},"_links":{"self":[{"href":"https:\/\/sezona.lv\/en\/wp-json\/wp\/v2\/product\/75892","targetHints":{"allow":["GET"]}}],"collection":[{"href":"https:\/\/sezona.lv\/en\/wp-json\/wp\/v2\/product"}],"about":[{"href":"https:\/\/sezona.lv\/en\/wp-json\/wp\/v2\/types\/product"}],"wp:attachment":[{"href":"https:\/\/sezona.lv\/en\/wp-json\/wp\/v2\/media?parent=75892"}],"wp:term":[{"taxonomy":"product_brand","embeddable":true,"href":"https:\/\/sezona.lv\/en\/wp-json\/wp\/v2\/product_brand?post=75892"},{"taxonomy":"product_cat","embeddable":true,"href":"https:\/\/sezona.lv\/en\/wp-json\/wp\/v2\/product_cat?post=75892"},{"taxonomy":"product_tag","embeddable":true,"href":"https:\/\/sezona.lv\/en\/wp-json\/wp\/v2\/product_tag?post=75892"}],"curies":[{"name":"wp","href":"https:\/\/api.w.org\/{rel}","templated":true}]}}