{"id":75893,"date":"2025-07-11T15:34:12","date_gmt":"2025-07-11T12:34:12","guid":{"rendered":"https:\/\/demo8.ecube.lv\/sezona.lv\/products\/kastite-215x120x45-7100\/"},"modified":"2025-07-14T14:42:30","modified_gmt":"2025-07-14T11:42:30","slug":"kastite-215x120x45-7100","status":"publish","type":"product","link":"https:\/\/sezona.lv\/en\/products\/kastite-215x120x45-7100\/","title":{"rendered":"Kast\u012bte 215x120x45 (7100)"},"content":{"rendered":"<p>Vid\u0113j\u0101 vienpus\u0113j\u0101 kast\u012bte ar b\u012bd\u0101mo plauktu mak&scaron;\u0137er\u0113&scaron;anas s\u012bkumu glab\u0101&scaron;anai.<\/p>\n<table id=\"product-properties\" class=\"table-display\" border=\"0\">\n<tbody>\n<tr>\n<td class=\"title\">TOP<\/td>\n<td>Y<\/td>\n<\/tr>\n<tr>\n<td class=\"title\">Z\u012bmols<\/td>\n<td>SALMO<\/td>\n<\/tr>\n<tr>\n<td class=\"title\"><\/td>\n<td><\/td>\n<\/tr>\n<tr>\n<td class=\"title\"><\/td>\n<td><\/td>\n<\/tr>\n<tr>\n<td class=\"title\">Izm\u0113rs (mm)<\/td>\n<td>215 x 120 x 45<\/td>\n<\/tr>\n<\/tbody>\n<\/table>\n","protected":false},"excerpt":{"rendered":"<p>Vid\u0113j\u0101 vienpus\u0113j\u0101 kast\u012bte ar b\u012bd\u0101mo plauktu mak&scaron;\u0137er\u0113&scaron;anas s\u012bkumu glab\u0101&scaron;anai. TOP Y Z\u012bmols SALMO Izm\u0113rs (mm) 215 x 120 x 45<\/p>\n","protected":false},"featured_media":0,"template":"","meta":[],"product_brand":[894],"product_cat":[4538,4556],"product_tag":[],"class_list":{"0":"post-75893","1":"product","2":"type-product","3":"status-publish","5":"product_brand-salmo","6":"product_cat-fishing-equipment-recreation","7":"product_cat-bags-boxes-fishing-equipment-recreation","9":"first","10":"instock","11":"shipping-taxable","12":"purchasable","13":"product-type-simple"},"_links":{"self":[{"href":"https:\/\/sezona.lv\/en\/wp-json\/wp\/v2\/product\/75893","targetHints":{"allow":["GET"]}}],"collection":[{"href":"https:\/\/sezona.lv\/en\/wp-json\/wp\/v2\/product"}],"about":[{"href":"https:\/\/sezona.lv\/en\/wp-json\/wp\/v2\/types\/product"}],"wp:attachment":[{"href":"https:\/\/sezona.lv\/en\/wp-json\/wp\/v2\/media?parent=75893"}],"wp:term":[{"taxonomy":"product_brand","embeddable":true,"href":"https:\/\/sezona.lv\/en\/wp-json\/wp\/v2\/product_brand?post=75893"},{"taxonomy":"product_cat","embeddable":true,"href":"https:\/\/sezona.lv\/en\/wp-json\/wp\/v2\/product_cat?post=75893"},{"taxonomy":"product_tag","embeddable":true,"href":"https:\/\/sezona.lv\/en\/wp-json\/wp\/v2\/product_tag?post=75893"}],"curies":[{"name":"wp","href":"https:\/\/api.w.org\/{rel}","templated":true}]}}