{"id":75894,"date":"2025-07-11T15:34:13","date_gmt":"2025-07-11T12:34:13","guid":{"rendered":"https:\/\/demo8.ecube.lv\/sezona.lv\/products\/kaste-double-sided-278x170x78\/"},"modified":"2025-07-14T14:42:31","modified_gmt":"2025-07-14T11:42:31","slug":"kaste-double-sided-278x170x78","status":"publish","type":"product","link":"https:\/\/sezona.lv\/en\/products\/kaste-double-sided-278x170x78\/","title":{"rendered":"Kaste DOUBLE SIDED 278x170x78"},"content":{"rendered":"<p>Vid\u0113j\u0101 divpus\u0113j\u0101 kast\u012bte ar nodal\u012bjumiem mak&scaron;\u0137er\u0113&scaron;anas s\u012bkumu glab\u0101&scaron;anai. Ir p\u0101rn\u0113s\u0101&scaron;anas rokturis.<\/p>\n<table id=\"product-properties\" class=\"table-display\" border=\"0\">\n<tbody>\n<tr>\n<td class=\"title\">TOP<\/td>\n<td>Y<\/td>\n<\/tr>\n<tr>\n<td class=\"title\">Z\u012bmols<\/td>\n<td>SALMO<\/td>\n<\/tr>\n<tr>\n<td class=\"title\">&nbsp;<\/td>\n<td>&nbsp;<\/td>\n<\/tr>\n<tr>\n<td class=\"title\">&nbsp;<\/td>\n<td>&nbsp;<\/td>\n<\/tr>\n<tr>\n<td class=\"title\">Izm\u0113rs (mm)<\/td>\n<td>278 x 170 x 78<\/td>\n<\/tr>\n<\/tbody>\n<\/table>\n","protected":false},"excerpt":{"rendered":"<p>Vid\u0113j\u0101 divpus\u0113j\u0101 kast\u012bte ar nodal\u012bjumiem mak&scaron;\u0137er\u0113&scaron;anas s\u012bkumu glab\u0101&scaron;anai. Ir p\u0101rn\u0113s\u0101&scaron;anas rokturis. TOP Y Z\u012bmols SALMO &nbsp; &nbsp; &nbsp; &nbsp; Izm\u0113rs (mm) 278 x 170 x 78<\/p>\n","protected":false},"featured_media":0,"template":"","meta":[],"product_brand":[894],"product_cat":[4538,4556],"product_tag":[],"class_list":{"0":"post-75894","1":"product","2":"type-product","3":"status-publish","5":"product_brand-salmo","6":"product_cat-fishing-equipment-recreation","7":"product_cat-bags-boxes-fishing-equipment-recreation","9":"first","10":"instock","11":"shipping-taxable","12":"purchasable","13":"product-type-simple"},"_links":{"self":[{"href":"https:\/\/sezona.lv\/en\/wp-json\/wp\/v2\/product\/75894","targetHints":{"allow":["GET"]}}],"collection":[{"href":"https:\/\/sezona.lv\/en\/wp-json\/wp\/v2\/product"}],"about":[{"href":"https:\/\/sezona.lv\/en\/wp-json\/wp\/v2\/types\/product"}],"wp:attachment":[{"href":"https:\/\/sezona.lv\/en\/wp-json\/wp\/v2\/media?parent=75894"}],"wp:term":[{"taxonomy":"product_brand","embeddable":true,"href":"https:\/\/sezona.lv\/en\/wp-json\/wp\/v2\/product_brand?post=75894"},{"taxonomy":"product_cat","embeddable":true,"href":"https:\/\/sezona.lv\/en\/wp-json\/wp\/v2\/product_cat?post=75894"},{"taxonomy":"product_tag","embeddable":true,"href":"https:\/\/sezona.lv\/en\/wp-json\/wp\/v2\/product_tag?post=75894"}],"curies":[{"name":"wp","href":"https:\/\/api.w.org\/{rel}","templated":true}]}}