{"id":75896,"date":"2025-07-11T15:34:15","date_gmt":"2025-07-11T12:34:15","guid":{"rendered":"https:\/\/demo8.ecube.lv\/sezona.lv\/products\/kaste-double-sided-155x95x45\/"},"modified":"2025-07-14T14:42:34","modified_gmt":"2025-07-14T11:42:34","slug":"kaste-double-sided-155x95x45","status":"publish","type":"product","link":"https:\/\/sezona.lv\/en\/products\/kaste-double-sided-155x95x45\/","title":{"rendered":"Kaste DOUBLE SIDED 155x95x45"},"content":{"rendered":"<p>Divpus\u0113j\u0101 kast\u012bte ar nodal\u012bjumiem mak&scaron;\u0137er\u0113&scaron;anas s\u012bkumu glab\u0101&scaron;anai. Ir p\u0101rn\u0113s\u0101&scaron;anas &scaron;\u0146ore.<\/p>\n<table id=\"product-properties\" class=\"table-display\" border=\"0\">\n<tbody>\n<tr>\n<td class=\"title\">Z\u012bmols<\/td>\n<td>SALMO<\/td>\n<\/tr>\n<tr>\n<td class=\"title\">Modelis<\/td>\n<td>DOUBLE SIDED<\/td>\n<\/tr>\n<tr>\n<td class=\"title\"><\/td>\n<td><\/td>\n<\/tr>\n<tr>\n<td class=\"title\">Izm\u0113rs (mm)<\/td>\n<td>155 x 95 x 45<\/td>\n<\/tr>\n<\/tbody>\n<\/table>\n","protected":false},"excerpt":{"rendered":"<p>Divpus\u0113j\u0101 kast\u012bte ar nodal\u012bjumiem mak&scaron;\u0137er\u0113&scaron;anas s\u012bkumu glab\u0101&scaron;anai. Ir p\u0101rn\u0113s\u0101&scaron;anas &scaron;\u0146ore. Z\u012bmols SALMO Modelis DOUBLE SIDED Izm\u0113rs (mm) 155 x 95 x 45<\/p>\n","protected":false},"featured_media":59464,"template":"","meta":[],"product_brand":[894],"product_cat":[4538,4556],"product_tag":[],"class_list":{"0":"post-75896","1":"product","2":"type-product","3":"status-publish","4":"has-post-thumbnail","6":"product_brand-salmo","7":"product_cat-fishing-equipment-recreation","8":"product_cat-bags-boxes-fishing-equipment-recreation","10":"first","11":"instock","12":"shipping-taxable","13":"purchasable","14":"product-type-simple"},"_links":{"self":[{"href":"https:\/\/sezona.lv\/en\/wp-json\/wp\/v2\/product\/75896","targetHints":{"allow":["GET"]}}],"collection":[{"href":"https:\/\/sezona.lv\/en\/wp-json\/wp\/v2\/product"}],"about":[{"href":"https:\/\/sezona.lv\/en\/wp-json\/wp\/v2\/types\/product"}],"wp:featuredmedia":[{"embeddable":true,"href":"https:\/\/sezona.lv\/en\/wp-json\/wp\/v2\/media\/59464"}],"wp:attachment":[{"href":"https:\/\/sezona.lv\/en\/wp-json\/wp\/v2\/media?parent=75896"}],"wp:term":[{"taxonomy":"product_brand","embeddable":true,"href":"https:\/\/sezona.lv\/en\/wp-json\/wp\/v2\/product_brand?post=75896"},{"taxonomy":"product_cat","embeddable":true,"href":"https:\/\/sezona.lv\/en\/wp-json\/wp\/v2\/product_cat?post=75896"},{"taxonomy":"product_tag","embeddable":true,"href":"https:\/\/sezona.lv\/en\/wp-json\/wp\/v2\/product_tag?post=75896"}],"curies":[{"name":"wp","href":"https:\/\/api.w.org\/{rel}","templated":true}]}}