{"id":75899,"date":"2025-07-11T15:34:18","date_gmt":"2025-07-11T12:34:18","guid":{"rendered":"https:\/\/demo8.ecube.lv\/sezona.lv\/products\/kastite-130x65x25\/"},"modified":"2025-07-14T14:42:40","modified_gmt":"2025-07-14T11:42:40","slug":"kastite-130x65x25","status":"publish","type":"product","link":"https:\/\/sezona.lv\/en\/products\/kastite-130x65x25\/","title":{"rendered":"Kast\u012bte 130x65x25"},"content":{"rendered":"<p>Neliela vienpus\u0113ja kast\u012bte ar fiks\u0113t\u0101m starpsien\u0101m mak&scaron;\u0137er\u0113&scaron;anas s\u012bkumu glab\u0101&scaron;anai.<\/p>\n<table id=\"product-properties\" class=\"table-display\" border=\"0\">\n<tbody>\n<tr>\n<td class=\"title\">Z\u012bmols<\/td>\n<td>SALMO<\/td>\n<\/tr>\n<tr>\n<td class=\"title\"><\/td>\n<td><\/td>\n<\/tr>\n<tr>\n<td class=\"title\"><\/td>\n<td><\/td>\n<\/tr>\n<tr>\n<td class=\"title\">Izm\u0113rs (mm)<\/td>\n<td>130 x 65 x 25<\/td>\n<\/tr>\n<\/tbody>\n<\/table>\n","protected":false},"excerpt":{"rendered":"<p>Neliela vienpus\u0113ja kast\u012bte ar fiks\u0113t\u0101m starpsien\u0101m mak&scaron;\u0137er\u0113&scaron;anas s\u012bkumu glab\u0101&scaron;anai. Z\u012bmols SALMO Izm\u0113rs (mm) 130 x 65 x 25<\/p>\n","protected":false},"featured_media":0,"template":"","meta":[],"product_brand":[894],"product_cat":[4538,4556],"product_tag":[],"class_list":{"0":"post-75899","1":"product","2":"type-product","3":"status-publish","5":"product_brand-salmo","6":"product_cat-fishing-equipment-recreation","7":"product_cat-bags-boxes-fishing-equipment-recreation","9":"first","10":"instock","11":"shipping-taxable","12":"purchasable","13":"product-type-simple"},"_links":{"self":[{"href":"https:\/\/sezona.lv\/en\/wp-json\/wp\/v2\/product\/75899","targetHints":{"allow":["GET"]}}],"collection":[{"href":"https:\/\/sezona.lv\/en\/wp-json\/wp\/v2\/product"}],"about":[{"href":"https:\/\/sezona.lv\/en\/wp-json\/wp\/v2\/types\/product"}],"wp:attachment":[{"href":"https:\/\/sezona.lv\/en\/wp-json\/wp\/v2\/media?parent=75899"}],"wp:term":[{"taxonomy":"product_brand","embeddable":true,"href":"https:\/\/sezona.lv\/en\/wp-json\/wp\/v2\/product_brand?post=75899"},{"taxonomy":"product_cat","embeddable":true,"href":"https:\/\/sezona.lv\/en\/wp-json\/wp\/v2\/product_cat?post=75899"},{"taxonomy":"product_tag","embeddable":true,"href":"https:\/\/sezona.lv\/en\/wp-json\/wp\/v2\/product_tag?post=75899"}],"curies":[{"name":"wp","href":"https:\/\/api.w.org\/{rel}","templated":true}]}}