{"id":75900,"date":"2025-07-11T15:34:18","date_gmt":"2025-07-11T12:34:18","guid":{"rendered":"https:\/\/demo8.ecube.lv\/sezona.lv\/products\/esmu-kaste-120x90x55\/"},"modified":"2025-07-14T14:42:41","modified_gmt":"2025-07-14T11:42:41","slug":"esmu-kaste-120x90x55","status":"publish","type":"product","link":"https:\/\/sezona.lv\/en\/products\/esmu-kaste-120x90x55\/","title":{"rendered":"\u0112smu kaste 120x90x55"},"content":{"rendered":"<p>Kast\u012bte dz\u012bvai \u0113smai ar viegli no\u0146emamu stiprin\u0101jumu pie mak&scaron;\u0137ernieka jostas.<\/p>\n<table id=\"product-properties\" class=\"table-display\" border=\"0\">\n<tbody>\n<tr>\n<td class=\"title\">Z\u012bmols<\/td>\n<td>SALMO<\/td>\n<\/tr>\n<tr>\n<td class=\"title\">Modelis<\/td>\n<td>WORM BOX<\/td>\n<\/tr>\n<tr>\n<td class=\"title\"><\/td>\n<td><\/td>\n<\/tr>\n<tr>\n<td class=\"title\">Izm\u0113rs (mm)<\/td>\n<td>120 x 90 x 55<\/td>\n<\/tr>\n<\/tbody>\n<\/table>\n","protected":false},"excerpt":{"rendered":"<p>Kast\u012bte dz\u012bvai \u0113smai ar viegli no\u0146emamu stiprin\u0101jumu pie mak&scaron;\u0137ernieka jostas. Z\u012bmols SALMO Modelis WORM BOX Izm\u0113rs (mm) 120 x 90 x 55<\/p>\n","protected":false},"featured_media":0,"template":"","meta":[],"product_brand":[894],"product_cat":[4538,4556],"product_tag":[],"class_list":{"0":"post-75900","1":"product","2":"type-product","3":"status-publish","5":"product_brand-salmo","6":"product_cat-fishing-equipment-recreation","7":"product_cat-bags-boxes-fishing-equipment-recreation","9":"first","10":"instock","11":"shipping-taxable","12":"purchasable","13":"product-type-simple"},"_links":{"self":[{"href":"https:\/\/sezona.lv\/en\/wp-json\/wp\/v2\/product\/75900","targetHints":{"allow":["GET"]}}],"collection":[{"href":"https:\/\/sezona.lv\/en\/wp-json\/wp\/v2\/product"}],"about":[{"href":"https:\/\/sezona.lv\/en\/wp-json\/wp\/v2\/types\/product"}],"wp:attachment":[{"href":"https:\/\/sezona.lv\/en\/wp-json\/wp\/v2\/media?parent=75900"}],"wp:term":[{"taxonomy":"product_brand","embeddable":true,"href":"https:\/\/sezona.lv\/en\/wp-json\/wp\/v2\/product_brand?post=75900"},{"taxonomy":"product_cat","embeddable":true,"href":"https:\/\/sezona.lv\/en\/wp-json\/wp\/v2\/product_cat?post=75900"},{"taxonomy":"product_tag","embeddable":true,"href":"https:\/\/sezona.lv\/en\/wp-json\/wp\/v2\/product_tag?post=75900"}],"curies":[{"name":"wp","href":"https:\/\/api.w.org\/{rel}","templated":true}]}}