{"id":75902,"date":"2025-07-11T15:34:21","date_gmt":"2025-07-11T12:34:21","guid":{"rendered":"https:\/\/demo8.ecube.lv\/sezona.lv\/products\/magnetiska-aku-kaste-145x115x20\/"},"modified":"2025-07-14T14:42:43","modified_gmt":"2025-07-14T11:42:43","slug":"magnetiska-aku-kaste-145x115x20","status":"publish","type":"product","link":"https:\/\/sezona.lv\/en\/products\/magnetiska-aku-kaste-145x115x20\/","title":{"rendered":"Magn\u0113tisk\u0101 \u0101\u0137u kaste 145x115x20"},"content":{"rendered":"<p>Divpus\u0113j\u0101 kast\u012bte ar vair\u0101k\u0101m sekcij\u0101m \u0101\u0137u glab\u0101&scaron;anai. Lai  nesajauktos da\u017e\u0101da izm\u0113ra  un pielietojuma \u0101\u0137i, sekciju pam\u0101ts ir  magn\u0113tisks. Komplekt\u0101 ietilpst speci\u0101ls stien\u012btis.<\/p>\n<table id=\"product-properties\" class=\"table-display\" border=\"0\">\n<tbody>\n<tr>\n<td class=\"title\">Z\u012bmols<\/td>\n<td>SALMO<\/td>\n<\/tr>\n<tr>\n<td class=\"title\"><\/td>\n<td><\/td>\n<\/tr>\n<tr>\n<td class=\"title\"><\/td>\n<td><\/td>\n<\/tr>\n<tr>\n<td class=\"title\">Izm\u0113rs (mm)<\/td>\n<td>145 x 115 x 20<\/td>\n<\/tr>\n<\/tbody>\n<\/table>\n","protected":false},"excerpt":{"rendered":"<p>Divpus\u0113j\u0101 kast\u012bte ar vair\u0101k\u0101m sekcij\u0101m \u0101\u0137u glab\u0101&scaron;anai. Lai nesajauktos da\u017e\u0101da izm\u0113ra un pielietojuma \u0101\u0137i, sekciju pam\u0101ts ir magn\u0113tisks. Komplekt\u0101 ietilpst speci\u0101ls stien\u012btis. Z\u012bmols SALMO Izm\u0113rs (mm) 145 x 115 x 20<\/p>\n","protected":false},"featured_media":59481,"template":"","meta":[],"product_brand":[894],"product_cat":[4538,4556],"product_tag":[],"class_list":{"0":"post-75902","1":"product","2":"type-product","3":"status-publish","4":"has-post-thumbnail","6":"product_brand-salmo","7":"product_cat-fishing-equipment-recreation","8":"product_cat-bags-boxes-fishing-equipment-recreation","10":"first","11":"instock","12":"shipping-taxable","13":"purchasable","14":"product-type-simple"},"_links":{"self":[{"href":"https:\/\/sezona.lv\/en\/wp-json\/wp\/v2\/product\/75902","targetHints":{"allow":["GET"]}}],"collection":[{"href":"https:\/\/sezona.lv\/en\/wp-json\/wp\/v2\/product"}],"about":[{"href":"https:\/\/sezona.lv\/en\/wp-json\/wp\/v2\/types\/product"}],"wp:featuredmedia":[{"embeddable":true,"href":"https:\/\/sezona.lv\/en\/wp-json\/wp\/v2\/media\/59481"}],"wp:attachment":[{"href":"https:\/\/sezona.lv\/en\/wp-json\/wp\/v2\/media?parent=75902"}],"wp:term":[{"taxonomy":"product_brand","embeddable":true,"href":"https:\/\/sezona.lv\/en\/wp-json\/wp\/v2\/product_brand?post=75902"},{"taxonomy":"product_cat","embeddable":true,"href":"https:\/\/sezona.lv\/en\/wp-json\/wp\/v2\/product_cat?post=75902"},{"taxonomy":"product_tag","embeddable":true,"href":"https:\/\/sezona.lv\/en\/wp-json\/wp\/v2\/product_tag?post=75902"}],"curies":[{"name":"wp","href":"https:\/\/api.w.org\/{rel}","templated":true}]}}