{"id":75903,"date":"2025-07-11T15:34:26","date_gmt":"2025-07-11T12:34:26","guid":{"rendered":"https:\/\/demo8.ecube.lv\/sezona.lv\/products\/somina-manekliem-160x120x45\/"},"modified":"2025-07-14T14:42:44","modified_gmt":"2025-07-14T11:42:44","slug":"somina-manekliem-160x120x45","status":"publish","type":"product","link":"https:\/\/sezona.lv\/en\/products\/somina-manekliem-160x120x45\/","title":{"rendered":"Somi\u0146a m\u0101nek\u013ciem 160x120x45"},"content":{"rendered":"<p>Kompakta somi\u0146a m\u0101nek\u013ciem.<\/p>\n<p>&bull; Izgatavota no iztur\u012bga neilona.<\/p>\n<p>&bull; Iek&scaron;puse &#8211; profil\u0113ts neopr\u0113ns.<\/p>\n<p>&bull; Ar r\u0101v\u0113jsl\u0113dz\u0113ju.<\/p>\n<p>Izm\u0113rs: 16 \u0445 12 \u0445 4,5 (cm).<\/p>\n<table id=\"product-properties\" class=\"table-display\" border=\"0\">\n<tbody>\n<tr>\n<td class=\"title\">Z\u012bmols<\/td>\n<td>SALMO<\/td>\n<\/tr>\n<tr>\n<td class=\"title\">Modelis<\/td>\n<td>LUREBAG<\/td>\n<\/tr>\n<\/tbody>\n<\/table>\n","protected":false},"excerpt":{"rendered":"<p>Kompakta somi\u0146a m\u0101nek\u013ciem. &bull; Izgatavota no iztur\u012bga neilona. &bull; Iek&scaron;puse &#8211; profil\u0113ts neopr\u0113ns. &bull; Ar r\u0101v\u0113jsl\u0113dz\u0113ju. Izm\u0113rs: 16 \u0445 12 \u0445 4,5 (cm). Z\u012bmols SALMO Modelis LUREBAG<\/p>\n","protected":false},"featured_media":0,"template":"","meta":[],"product_brand":[894],"product_cat":[4538,4556],"product_tag":[],"class_list":{"0":"post-75903","1":"product","2":"type-product","3":"status-publish","5":"product_brand-salmo","6":"product_cat-fishing-equipment-recreation","7":"product_cat-bags-boxes-fishing-equipment-recreation","9":"first","10":"instock","11":"shipping-taxable","12":"purchasable","13":"product-type-simple"},"_links":{"self":[{"href":"https:\/\/sezona.lv\/en\/wp-json\/wp\/v2\/product\/75903","targetHints":{"allow":["GET"]}}],"collection":[{"href":"https:\/\/sezona.lv\/en\/wp-json\/wp\/v2\/product"}],"about":[{"href":"https:\/\/sezona.lv\/en\/wp-json\/wp\/v2\/types\/product"}],"wp:attachment":[{"href":"https:\/\/sezona.lv\/en\/wp-json\/wp\/v2\/media?parent=75903"}],"wp:term":[{"taxonomy":"product_brand","embeddable":true,"href":"https:\/\/sezona.lv\/en\/wp-json\/wp\/v2\/product_brand?post=75903"},{"taxonomy":"product_cat","embeddable":true,"href":"https:\/\/sezona.lv\/en\/wp-json\/wp\/v2\/product_cat?post=75903"},{"taxonomy":"product_tag","embeddable":true,"href":"https:\/\/sezona.lv\/en\/wp-json\/wp\/v2\/product_tag?post=75903"}],"curies":[{"name":"wp","href":"https:\/\/api.w.org\/{rel}","templated":true}]}}