{"id":75904,"date":"2025-07-11T15:34:29","date_gmt":"2025-07-11T12:34:29","guid":{"rendered":"https:\/\/demo8.ecube.lv\/sezona.lv\/products\/ellas-radiators-comfort-c319-9\/"},"modified":"2025-07-14T14:42:45","modified_gmt":"2025-07-14T11:42:45","slug":"ellas-radiators-comfort-c319-9","status":"publish","type":"product","link":"https:\/\/sezona.lv\/en\/products\/ellas-radiators-comfort-c319-9\/","title":{"rendered":"E\u013c\u013cas radiators Comfort C319-9"},"content":{"rendered":"<p>Z\u012bmols: Comfort<br \/>Modelis: C319-9<br \/>Jauda: 1000W<br \/>Apsildes plat\u012bba: 35m3<br \/>Termostats: Ieb\u016bv\u0113ts<br \/>Sekciju skaits: 9<br \/>Izm\u0113rs: 44x14x46.5cm<\/p>\n","protected":false},"excerpt":{"rendered":"<p>Z\u012bmols: ComfortModelis: C319-9Jauda: 1000WApsildes plat\u012bba: 35m3Termostats: Ieb\u016bv\u0113tsSekciju skaits: 9Izm\u0113rs: 44x14x46.5cm<\/p>\n","protected":false},"featured_media":0,"template":"","meta":[],"product_brand":[],"product_cat":[4580,4581],"product_tag":[],"class_list":{"0":"post-75904","1":"product","2":"type-product","3":"status-publish","5":"product_cat-your-warmth-winter","6":"product_cat-oil-burners-your-warmth-winter","8":"first","9":"instock","10":"shipping-taxable","11":"purchasable","12":"product-type-simple"},"_links":{"self":[{"href":"https:\/\/sezona.lv\/en\/wp-json\/wp\/v2\/product\/75904","targetHints":{"allow":["GET"]}}],"collection":[{"href":"https:\/\/sezona.lv\/en\/wp-json\/wp\/v2\/product"}],"about":[{"href":"https:\/\/sezona.lv\/en\/wp-json\/wp\/v2\/types\/product"}],"wp:attachment":[{"href":"https:\/\/sezona.lv\/en\/wp-json\/wp\/v2\/media?parent=75904"}],"wp:term":[{"taxonomy":"product_brand","embeddable":true,"href":"https:\/\/sezona.lv\/en\/wp-json\/wp\/v2\/product_brand?post=75904"},{"taxonomy":"product_cat","embeddable":true,"href":"https:\/\/sezona.lv\/en\/wp-json\/wp\/v2\/product_cat?post=75904"},{"taxonomy":"product_tag","embeddable":true,"href":"https:\/\/sezona.lv\/en\/wp-json\/wp\/v2\/product_tag?post=75904"}],"curies":[{"name":"wp","href":"https:\/\/api.w.org\/{rel}","templated":true}]}}