{"id":75907,"date":"2025-07-11T15:34:32","date_gmt":"2025-07-11T12:34:32","guid":{"rendered":"https:\/\/demo8.ecube.lv\/sezona.lv\/products\/ellas-radiators-comfort-c307-11\/"},"modified":"2025-07-14T14:42:48","modified_gmt":"2025-07-14T11:42:48","slug":"ellas-radiators-comfort-c307-11","status":"publish","type":"product","link":"https:\/\/sezona.lv\/en\/products\/ellas-radiators-comfort-c307-11\/","title":{"rendered":"E\u013c\u013cas radiators Comfort C307-11"},"content":{"rendered":"<p>Z\u012bmols: Comfort<br \/> Modelis: C307-11<br \/> Jauda: 2500W<br \/> Re\u017e\u012bmi: 1000\/1500\/2500W<br \/> Apsildes plat\u012bba: 85m3<br \/> Termostats: Ieb\u016bv\u0113ts<br \/> Sekciju skaits: 11<br \/> Izm\u0113rs: 69x17x58cm<\/p>\n","protected":false},"excerpt":{"rendered":"<p>Z\u012bmols: Comfort Modelis: C307-11 Jauda: 2500W Re\u017e\u012bmi: 1000\/1500\/2500W Apsildes plat\u012bba: 85m3 Termostats: Ieb\u016bv\u0113ts Sekciju skaits: 11 Izm\u0113rs: 69x17x58cm<\/p>\n","protected":false},"featured_media":0,"template":"","meta":[],"product_brand":[],"product_cat":[4580,4581],"product_tag":[],"class_list":{"0":"post-75907","1":"product","2":"type-product","3":"status-publish","5":"product_cat-your-warmth-winter","6":"product_cat-oil-burners-your-warmth-winter","8":"first","9":"instock","10":"shipping-taxable","11":"purchasable","12":"product-type-simple"},"_links":{"self":[{"href":"https:\/\/sezona.lv\/en\/wp-json\/wp\/v2\/product\/75907","targetHints":{"allow":["GET"]}}],"collection":[{"href":"https:\/\/sezona.lv\/en\/wp-json\/wp\/v2\/product"}],"about":[{"href":"https:\/\/sezona.lv\/en\/wp-json\/wp\/v2\/types\/product"}],"wp:attachment":[{"href":"https:\/\/sezona.lv\/en\/wp-json\/wp\/v2\/media?parent=75907"}],"wp:term":[{"taxonomy":"product_brand","embeddable":true,"href":"https:\/\/sezona.lv\/en\/wp-json\/wp\/v2\/product_brand?post=75907"},{"taxonomy":"product_cat","embeddable":true,"href":"https:\/\/sezona.lv\/en\/wp-json\/wp\/v2\/product_cat?post=75907"},{"taxonomy":"product_tag","embeddable":true,"href":"https:\/\/sezona.lv\/en\/wp-json\/wp\/v2\/product_tag?post=75907"}],"curies":[{"name":"wp","href":"https:\/\/api.w.org\/{rel}","templated":true}]}}