{"id":75908,"date":"2025-07-11T15:34:33","date_gmt":"2025-07-11T12:34:33","guid":{"rendered":"https:\/\/demo8.ecube.lv\/sezona.lv\/products\/ellas-radiators-comfort-c309-9v\/"},"modified":"2025-07-14T14:42:49","modified_gmt":"2025-07-14T11:42:49","slug":"ellas-radiators-comfort-c309-9v","status":"publish","type":"product","link":"https:\/\/sezona.lv\/en\/products\/ellas-radiators-comfort-c309-9v\/","title":{"rendered":"E\u013c\u013cas radiators Comfort C309-9V"},"content":{"rendered":"<p>Z\u012bmols: Comfort<br \/> Modelis: C309-9V<br \/> Jauda: 2000W<br \/> Re\u017e\u012bmi: 800\/1200\/2000W<br \/> Apsildes plat\u012bba: 70m3<br \/> Termostats: Ieb\u016bv\u0113ts<br \/> Sekciju skaits: 9<br \/> Izm\u0113rs: 69x17x50cm<\/p>\n","protected":false},"excerpt":{"rendered":"<p>Z\u012bmols: Comfort Modelis: C309-9V Jauda: 2000W Re\u017e\u012bmi: 800\/1200\/2000W Apsildes plat\u012bba: 70m3 Termostats: Ieb\u016bv\u0113ts Sekciju skaits: 9 Izm\u0113rs: 69x17x50cm<\/p>\n","protected":false},"featured_media":0,"template":"","meta":[],"product_brand":[],"product_cat":[4580,4581],"product_tag":[],"class_list":{"0":"post-75908","1":"product","2":"type-product","3":"status-publish","5":"product_cat-your-warmth-winter","6":"product_cat-oil-burners-your-warmth-winter","8":"first","9":"instock","10":"shipping-taxable","11":"purchasable","12":"product-type-simple"},"_links":{"self":[{"href":"https:\/\/sezona.lv\/en\/wp-json\/wp\/v2\/product\/75908","targetHints":{"allow":["GET"]}}],"collection":[{"href":"https:\/\/sezona.lv\/en\/wp-json\/wp\/v2\/product"}],"about":[{"href":"https:\/\/sezona.lv\/en\/wp-json\/wp\/v2\/types\/product"}],"wp:attachment":[{"href":"https:\/\/sezona.lv\/en\/wp-json\/wp\/v2\/media?parent=75908"}],"wp:term":[{"taxonomy":"product_brand","embeddable":true,"href":"https:\/\/sezona.lv\/en\/wp-json\/wp\/v2\/product_brand?post=75908"},{"taxonomy":"product_cat","embeddable":true,"href":"https:\/\/sezona.lv\/en\/wp-json\/wp\/v2\/product_cat?post=75908"},{"taxonomy":"product_tag","embeddable":true,"href":"https:\/\/sezona.lv\/en\/wp-json\/wp\/v2\/product_tag?post=75908"}],"curies":[{"name":"wp","href":"https:\/\/api.w.org\/{rel}","templated":true}]}}