{"id":75910,"date":"2025-07-14T14:42:51","date_gmt":"2025-07-14T11:42:51","guid":{"rendered":"https:\/\/demo8.ecube.lv\/sezona.lv\/products\/apavu-zavetajs-alpenheat-circulation\/"},"modified":"2025-07-14T14:42:51","modified_gmt":"2025-07-14T11:42:51","slug":"apavu-zavetajs-alpenheat-circulation","status":"publish","type":"product","link":"https:\/\/sezona.lv\/en\/products\/apavu-zavetajs-alpenheat-circulation\/","title":{"rendered":"Apavu \u017e\u0101v\u0113t\u0101js ALPENHEAT CIRCULATION"},"content":{"rendered":"<ul>\n<li>nedzirdami uzsilda p\u0101ris min\u016b&scaron;u laik\u0101 un iz\u017e\u0101v\u0113 da\u017eu stundu laik\u0101 (apavu \u017e\u0101v\u0113t\u0101js un sild\u012bt\u0101js vienlaikus);<\/li>\n<li>viegli ievietojams z\u0101bakos, kurp\u0113s, slid\u0101s, gumijas z\u0101b\u0101kos (..);<\/li>\n<li>\u017e\u0101v\u0113jot samazin\u0101s bakt\u0113riju skaits;<\/li>\n<li>nov\u0113r&scaron; nepat\u012bkamo arom\u0101tu;<\/li>\n<li>kompakts, portat\u012bvs, viegls. <\/li>\n<li>atveres gaisa cirkul\u0101cijai;<\/li>\n<li>230V \/ 50Hz vai 12V;<\/li>\n<li>jauda: 230 W;<\/li>\n<li>svars: 220 g;<\/li>\n<\/ul>\n<p>Pieejamas ar\u012b sekojo&scaron;as versijas:<\/p>\n<ul>\n<li>Circulation Green &#8211; elegant\u0101 za\u013c\u0101 kr\u0101s\u0101;<\/li>\n<li>Circulation UV &#8211; ieb\u016bv\u0113t\u0101s UV gaismas samazina bakt\u0113riju skaitu;<\/li>\n<li>Circulation Car adapter &#8211; darbojas no automa&scaron;\u012bnas &#8220;piep\u012bp\u0113t\u0101ja&#8221;.<\/li>\n<\/ul>\n","protected":false},"excerpt":{"rendered":"<p>nedzirdami uzsilda p\u0101ris min\u016b&scaron;u laik\u0101 un iz\u017e\u0101v\u0113 da\u017eu stundu laik\u0101 (apavu \u017e\u0101v\u0113t\u0101js un sild\u012bt\u0101js vienlaikus); viegli ievietojams z\u0101bakos, kurp\u0113s, slid\u0101s, gumijas z\u0101b\u0101kos (..); \u017e\u0101v\u0113jot samazin\u0101s bakt\u0113riju skaits; nov\u0113r&scaron; nepat\u012bkamo arom\u0101tu; kompakts, portat\u012bvs, viegls. atveres gaisa cirkul\u0101cijai; 230V \/ 50Hz vai 12V; jauda: 230 W; svars: 220 g; Pieejamas ar\u012b sekojo&scaron;as versijas: Circulation Green &#8211; elegant\u0101 [&hellip;]<\/p>\n","protected":false},"featured_media":0,"template":"","meta":[],"product_brand":[3346],"product_cat":[4582,4640],"product_tag":[],"class_list":{"0":"post-75910","1":"product","2":"type-product","3":"status-publish","5":"product_brand-alpenheat","6":"product_cat-shoe-dryers-winter-boots","7":"product_cat-recreation","9":"first","10":"instock","11":"shipping-taxable","12":"purchasable","13":"product-type-simple"},"_links":{"self":[{"href":"https:\/\/sezona.lv\/en\/wp-json\/wp\/v2\/product\/75910","targetHints":{"allow":["GET"]}}],"collection":[{"href":"https:\/\/sezona.lv\/en\/wp-json\/wp\/v2\/product"}],"about":[{"href":"https:\/\/sezona.lv\/en\/wp-json\/wp\/v2\/types\/product"}],"wp:attachment":[{"href":"https:\/\/sezona.lv\/en\/wp-json\/wp\/v2\/media?parent=75910"}],"wp:term":[{"taxonomy":"product_brand","embeddable":true,"href":"https:\/\/sezona.lv\/en\/wp-json\/wp\/v2\/product_brand?post=75910"},{"taxonomy":"product_cat","embeddable":true,"href":"https:\/\/sezona.lv\/en\/wp-json\/wp\/v2\/product_cat?post=75910"},{"taxonomy":"product_tag","embeddable":true,"href":"https:\/\/sezona.lv\/en\/wp-json\/wp\/v2\/product_tag?post=75910"}],"curies":[{"name":"wp","href":"https:\/\/api.w.org\/{rel}","templated":true}]}}