{"id":75911,"date":"2025-07-11T15:34:38","date_gmt":"2025-07-11T12:34:38","guid":{"rendered":"https:\/\/demo8.ecube.lv\/sezona.lv\/products\/apavu-zavetajs-alpenheat-compact-dry\/"},"modified":"2025-07-14T14:42:51","modified_gmt":"2025-07-14T11:42:51","slug":"apavu-zavetajs-alpenheat-compact-dry","status":"publish","type":"product","link":"https:\/\/sezona.lv\/en\/products\/apavu-zavetajs-alpenheat-compact-dry\/","title":{"rendered":"Apavu \u017e\u0101v\u0113t\u0101js ALPENHEAT COMPACT DRY"},"content":{"rendered":"<ul>\n<li>s\u0101nu un aug&scaron;\u0113j\u0101s gaisa atveres \u0101trai \u017e\u0101v\u0113&scaron;anai; <\/li>\n<li>\u017e\u0101v\u0113&scaron;anas laiks 1 &#8211; 2 stundas;<\/li>\n<li>taimeris l\u012bdz 2 stund\u0101m;<\/li>\n<li>izb\u012bd\u0101mas k\u0101ji\u0146as.<\/li>\n<\/ul>\n<p>Specifik\u0101cija:<\/p>\n<ul>\n<li>jauda 180 W;<\/li>\n<li>svars 1,5 kg;<\/li>\n<li>izm\u0113ri 28 x 18 x 10 cm. <\/li>\n<\/ul>\n<p>ALPENHEAT apavu \u017e\u0101v\u0113t\u0101js CompactDry Ionizer ir apbalvots ar Plus X Godalgu &bdquo;2012. gada lab\u0101kais<\/p>\n<p>produkts&#8221;.<\/p>\n<p>Plus X Godalga tiek uzskat\u012bta par pasaul\u0113 vissvar\u012bg\u0101ko inov\u0101ciju godalgu tehnolo\u0123iskajiem, sporta un<\/p>\n<p>dz\u012bves stila produktiem. T\u0101 tiek pie&scaron;\u0137irta izcil\u0101kajiem produktiem vair\u0101k\u0101s kategorij\u0101s, piem\u0113ram, par<\/p>\n<p>augstu kvalit\u0101ti un funkcionalit\u0101ti, izsakot atzin\u012bbu tagadnes un n\u0101kotnes produktiem.<\/p>\n<p>Pavisam \u012bs\u0101 laika spr\u012bd\u012b elektriskais un gandr\u012bz piln\u012bgi klusais Alpenheat apavu \u017e\u0101v\u0113t\u0101js efekt\u012bvi iz\u017e\u0101v\u0113<\/p>\n<p>mitrus apavus un cimdus. Da\u017e\u0101die iestat\u012bjumi \u013cauj main\u012bt \u017e\u0101v\u0113&scaron;anas ilgumu un iesl\u0113gt joniz\u0113&scaron;anas<\/p>\n<p>funkciju, kas samazina kait\u012bg\u0101s bakt\u0113rijas.<\/p>\n<p>&nbsp;<\/p>\n","protected":false},"excerpt":{"rendered":"<p>s\u0101nu un aug&scaron;\u0113j\u0101s gaisa atveres \u0101trai \u017e\u0101v\u0113&scaron;anai; \u017e\u0101v\u0113&scaron;anas laiks 1 &#8211; 2 stundas; taimeris l\u012bdz 2 stund\u0101m; izb\u012bd\u0101mas k\u0101ji\u0146as. Specifik\u0101cija: jauda 180 W; svars 1,5 kg; izm\u0113ri 28 x 18 x 10 cm. ALPENHEAT apavu \u017e\u0101v\u0113t\u0101js CompactDry Ionizer ir apbalvots ar Plus X Godalgu &bdquo;2012. gada lab\u0101kais produkts&#8221;. Plus X Godalga tiek uzskat\u012bta par pasaul\u0113 [&hellip;]<\/p>\n","protected":false},"featured_media":59511,"template":"","meta":[],"product_brand":[3346],"product_cat":[4582],"product_tag":[],"class_list":{"0":"post-75911","1":"product","2":"type-product","3":"status-publish","4":"has-post-thumbnail","6":"product_brand-alpenheat","7":"product_cat-shoe-dryers-winter-boots","9":"first","10":"instock","11":"shipping-taxable","12":"purchasable","13":"product-type-simple"},"_links":{"self":[{"href":"https:\/\/sezona.lv\/en\/wp-json\/wp\/v2\/product\/75911","targetHints":{"allow":["GET"]}}],"collection":[{"href":"https:\/\/sezona.lv\/en\/wp-json\/wp\/v2\/product"}],"about":[{"href":"https:\/\/sezona.lv\/en\/wp-json\/wp\/v2\/types\/product"}],"wp:featuredmedia":[{"embeddable":true,"href":"https:\/\/sezona.lv\/en\/wp-json\/wp\/v2\/media\/59511"}],"wp:attachment":[{"href":"https:\/\/sezona.lv\/en\/wp-json\/wp\/v2\/media?parent=75911"}],"wp:term":[{"taxonomy":"product_brand","embeddable":true,"href":"https:\/\/sezona.lv\/en\/wp-json\/wp\/v2\/product_brand?post=75911"},{"taxonomy":"product_cat","embeddable":true,"href":"https:\/\/sezona.lv\/en\/wp-json\/wp\/v2\/product_cat?post=75911"},{"taxonomy":"product_tag","embeddable":true,"href":"https:\/\/sezona.lv\/en\/wp-json\/wp\/v2\/product_tag?post=75911"}],"curies":[{"name":"wp","href":"https:\/\/api.w.org\/{rel}","templated":true}]}}