{"id":75912,"date":"2025-07-11T15:34:40","date_gmt":"2025-07-11T12:34:40","guid":{"rendered":"https:\/\/demo8.ecube.lv\/sezona.lv\/products\/apavu-zavetajs-alpenheat-universal-dry\/"},"modified":"2025-07-14T14:42:52","modified_gmt":"2025-07-14T11:42:52","slug":"apavu-zavetajs-alpenheat-universal-dry","status":"publish","type":"product","link":"https:\/\/sezona.lv\/en\/products\/apavu-zavetajs-alpenheat-universal-dry\/","title":{"rendered":"Apavu \u017e\u0101v\u0113t\u0101js ALPENHEAT UNIVERSAL DRY"},"content":{"rendered":"<ul>\n<li>3 da\u017e\u0101di gaisa adapteri (1 &#8211; 2 apavu p\u0101riem, lokanas caurul\u012btes 1 apavu p\u0101rim)<\/li>\n<li>nep\u0101rtraukts darb\u012bbas re\u017e\u012bms vai taimeris l\u012bdz 3 stund\u0101m;<\/li>\n<li>br\u012bivi novietojams jebkur\u0101 vieta vai stiprin\u0101ms pie sienas;<\/li>\n<li>ieteicamais \u017e\u0101v\u0113&scaron;anas ilgums 1 &#8211; 3 stundas;<\/li>\n<\/ul>\n<p>Specifik\u0101cija:<\/p>\n<ul>\n<li>vad\u012bba: iesl\u0113gt\/izsl\u0113gt, taimeris;<\/li>\n<li>jauda 230 W;<\/li>\n<li>svars 1,5 kg;<\/li>\n<li>izm\u0113ri 27 x 37 x 23 cm.<\/li>\n<\/ul>\n","protected":false},"excerpt":{"rendered":"<p>3 da\u017e\u0101di gaisa adapteri (1 &#8211; 2 apavu p\u0101riem, lokanas caurul\u012btes 1 apavu p\u0101rim) nep\u0101rtraukts darb\u012bbas re\u017e\u012bms vai taimeris l\u012bdz 3 stund\u0101m; br\u012bivi novietojams jebkur\u0101 vieta vai stiprin\u0101ms pie sienas; ieteicamais \u017e\u0101v\u0113&scaron;anas ilgums 1 &#8211; 3 stundas; Specifik\u0101cija: vad\u012bba: iesl\u0113gt\/izsl\u0113gt, taimeris; jauda 230 W; svars 1,5 kg; izm\u0113ri 27 x 37 x 23 cm.<\/p>\n","protected":false},"featured_media":59520,"template":"","meta":[],"product_brand":[3346],"product_cat":[4582],"product_tag":[],"class_list":{"0":"post-75912","1":"product","2":"type-product","3":"status-publish","4":"has-post-thumbnail","6":"product_brand-alpenheat","7":"product_cat-shoe-dryers-winter-boots","9":"first","10":"instock","11":"shipping-taxable","12":"purchasable","13":"product-type-simple"},"_links":{"self":[{"href":"https:\/\/sezona.lv\/en\/wp-json\/wp\/v2\/product\/75912","targetHints":{"allow":["GET"]}}],"collection":[{"href":"https:\/\/sezona.lv\/en\/wp-json\/wp\/v2\/product"}],"about":[{"href":"https:\/\/sezona.lv\/en\/wp-json\/wp\/v2\/types\/product"}],"wp:featuredmedia":[{"embeddable":true,"href":"https:\/\/sezona.lv\/en\/wp-json\/wp\/v2\/media\/59520"}],"wp:attachment":[{"href":"https:\/\/sezona.lv\/en\/wp-json\/wp\/v2\/media?parent=75912"}],"wp:term":[{"taxonomy":"product_brand","embeddable":true,"href":"https:\/\/sezona.lv\/en\/wp-json\/wp\/v2\/product_brand?post=75912"},{"taxonomy":"product_cat","embeddable":true,"href":"https:\/\/sezona.lv\/en\/wp-json\/wp\/v2\/product_cat?post=75912"},{"taxonomy":"product_tag","embeddable":true,"href":"https:\/\/sezona.lv\/en\/wp-json\/wp\/v2\/product_tag?post=75912"}],"curies":[{"name":"wp","href":"https:\/\/api.w.org\/{rel}","templated":true}]}}