{"id":75913,"date":"2025-07-11T15:34:41","date_gmt":"2025-07-11T12:34:41","guid":{"rendered":"https:\/\/demo8.ecube.lv\/sezona.lv\/products\/apavu-zavetajs-alpenheat-radiator\/"},"modified":"2025-07-14T14:42:53","modified_gmt":"2025-07-14T11:42:53","slug":"apavu-zavetajs-alpenheat-radiator","status":"publish","type":"product","link":"https:\/\/sezona.lv\/en\/products\/apavu-zavetajs-alpenheat-radiator\/","title":{"rendered":"Apavu \u017e\u0101v\u0113t\u0101js ALPENHEAT RADIATOR"},"content":{"rendered":"<ul>\n<li>stiprin\u0101ms gan pie sienas, gan br\u012bvi novietojams jebkur\u0101 Jums \u0113rt\u0101 viet\u0101;<\/li>\n<li>ieteicamais \u017e\u0101v\u0113&scaron;anas ilgums 1 &#8211; 3 stundas;<\/li>\n<li>aiz\u0146em maz vietas;<\/li>\n<li>kluss.<\/li>\n<\/ul>\n<p>Specifik\u0101cija:<\/p>\n<ul>\n<li>t\u0113rauds ar pulverkr\u0101sas p\u0101rkl\u0101jumu.<\/li>\n<li>vad\u012bba iesl\u0113gt \/ izsl\u0113gt;<\/li>\n<li>baro&scaron;ana 230V \/ 50Hz;<\/li>\n<li>izm\u0113ri 65 x 33 x 10 cm;<\/li>\n<li>jauda 26W;<\/li>\n<li>svars 3,5 kg;<\/li>\n<\/ul>\n","protected":false},"excerpt":{"rendered":"<p>stiprin\u0101ms gan pie sienas, gan br\u012bvi novietojams jebkur\u0101 Jums \u0113rt\u0101 viet\u0101; ieteicamais \u017e\u0101v\u0113&scaron;anas ilgums 1 &#8211; 3 stundas; aiz\u0146em maz vietas; kluss. Specifik\u0101cija: t\u0113rauds ar pulverkr\u0101sas p\u0101rkl\u0101jumu. vad\u012bba iesl\u0113gt \/ izsl\u0113gt; baro&scaron;ana 230V \/ 50Hz; izm\u0113ri 65 x 33 x 10 cm; jauda 26W; svars 3,5 kg;<\/p>\n","protected":false},"featured_media":59529,"template":"","meta":[],"product_brand":[3346],"product_cat":[4582],"product_tag":[],"class_list":{"0":"post-75913","1":"product","2":"type-product","3":"status-publish","4":"has-post-thumbnail","6":"product_brand-alpenheat","7":"product_cat-shoe-dryers-winter-boots","9":"first","10":"instock","11":"shipping-taxable","12":"purchasable","13":"product-type-simple"},"_links":{"self":[{"href":"https:\/\/sezona.lv\/en\/wp-json\/wp\/v2\/product\/75913","targetHints":{"allow":["GET"]}}],"collection":[{"href":"https:\/\/sezona.lv\/en\/wp-json\/wp\/v2\/product"}],"about":[{"href":"https:\/\/sezona.lv\/en\/wp-json\/wp\/v2\/types\/product"}],"wp:featuredmedia":[{"embeddable":true,"href":"https:\/\/sezona.lv\/en\/wp-json\/wp\/v2\/media\/59529"}],"wp:attachment":[{"href":"https:\/\/sezona.lv\/en\/wp-json\/wp\/v2\/media?parent=75913"}],"wp:term":[{"taxonomy":"product_brand","embeddable":true,"href":"https:\/\/sezona.lv\/en\/wp-json\/wp\/v2\/product_brand?post=75913"},{"taxonomy":"product_cat","embeddable":true,"href":"https:\/\/sezona.lv\/en\/wp-json\/wp\/v2\/product_cat?post=75913"},{"taxonomy":"product_tag","embeddable":true,"href":"https:\/\/sezona.lv\/en\/wp-json\/wp\/v2\/product_tag?post=75913"}],"curies":[{"name":"wp","href":"https:\/\/api.w.org\/{rel}","templated":true}]}}