{"id":75914,"date":"2025-07-11T15:34:42","date_gmt":"2025-07-11T12:34:42","guid":{"rendered":"https:\/\/demo8.ecube.lv\/sezona.lv\/products\/ziemas-makskere-pirs-406-04\/"},"modified":"2025-07-14T14:42:54","modified_gmt":"2025-07-14T11:42:54","slug":"ziemas-makskere-pirs-406-04","status":"publish","type":"product","link":"https:\/\/sezona.lv\/en\/products\/ziemas-makskere-pirs-406-04\/","title":{"rendered":"Ziemas mak\u0161\u0137ere PIRS (406-04)"},"content":{"rendered":"<p>Popul\u0101ra ziemas mak&scaron;\u0137ere ar atv\u0113rto spoli, tausti\u0146veida bremzi un  no\u0146emamas atbalsta k\u0101ji\u0146as, viegl\u0101kai mak&scaron;\u0137eres novieto&scaron;anai uz ledus.<\/p>\n<p>Spoles diametrs: 75mm<\/p>\n","protected":false},"excerpt":{"rendered":"<p>Popul\u0101ra ziemas mak&scaron;\u0137ere ar atv\u0113rto spoli, tausti\u0146veida bremzi un no\u0146emamas atbalsta k\u0101ji\u0146as, viegl\u0101kai mak&scaron;\u0137eres novieto&scaron;anai uz ledus. Spoles diametrs: 75mm<\/p>\n","protected":false},"featured_media":0,"template":"","meta":[],"product_brand":[894],"product_cat":[4585,4586],"product_tag":[],"class_list":{"0":"post-75914","1":"product","2":"type-product","3":"status-publish","5":"product_brand-salmo","6":"product_cat-winter-fishing-equipment-recreation","7":"product_cat-winter-fishing-rod-winter-fishing-equipment-recreation","9":"first","10":"instock","11":"shipping-taxable","12":"purchasable","13":"product-type-simple"},"_links":{"self":[{"href":"https:\/\/sezona.lv\/en\/wp-json\/wp\/v2\/product\/75914","targetHints":{"allow":["GET"]}}],"collection":[{"href":"https:\/\/sezona.lv\/en\/wp-json\/wp\/v2\/product"}],"about":[{"href":"https:\/\/sezona.lv\/en\/wp-json\/wp\/v2\/types\/product"}],"wp:attachment":[{"href":"https:\/\/sezona.lv\/en\/wp-json\/wp\/v2\/media?parent=75914"}],"wp:term":[{"taxonomy":"product_brand","embeddable":true,"href":"https:\/\/sezona.lv\/en\/wp-json\/wp\/v2\/product_brand?post=75914"},{"taxonomy":"product_cat","embeddable":true,"href":"https:\/\/sezona.lv\/en\/wp-json\/wp\/v2\/product_cat?post=75914"},{"taxonomy":"product_tag","embeddable":true,"href":"https:\/\/sezona.lv\/en\/wp-json\/wp\/v2\/product_tag?post=75914"}],"curies":[{"name":"wp","href":"https:\/\/api.w.org\/{rel}","templated":true}]}}