{"id":75916,"date":"2025-07-11T15:34:44","date_gmt":"2025-07-11T12:34:44","guid":{"rendered":"https:\/\/demo8.ecube.lv\/sezona.lv\/products\/ziemas-makskere-fin-422-02\/"},"modified":"2025-07-14T14:42:56","modified_gmt":"2025-07-14T11:42:56","slug":"ziemas-makskere-fin-422-02","status":"publish","type":"product","link":"https:\/\/sezona.lv\/en\/products\/ziemas-makskere-fin-422-02\/","title":{"rendered":"Ziemas mak\u0161\u0137ere FIN (422-02)"},"content":{"rendered":"<p>Popul\u0101ras, skandin\u0101vu stil\u0101 izgatavotas ziemas mak&scaron;\u0137eres. Spices  komplekt\u0113tas ar gala ri\u0146\u0137iem. Ieteicamas darbam ar vertik\u0101lajiem un  horizont\u0101lajiem ziemas vizu\u013ciem, bet vienl\u012bdz veiksm\u012bgi izmantojamas ar\u012b  citiem \u0137er&scaron;anas veidiem.<\/p>\n<p>-garums 32cm<\/p>\n<p>-spoles diametrs 55mm<\/p>\n","protected":false},"excerpt":{"rendered":"<p>Popul\u0101ras, skandin\u0101vu stil\u0101 izgatavotas ziemas mak&scaron;\u0137eres. Spices komplekt\u0113tas ar gala ri\u0146\u0137iem. Ieteicamas darbam ar vertik\u0101lajiem un horizont\u0101lajiem ziemas vizu\u013ciem, bet vienl\u012bdz veiksm\u012bgi izmantojamas ar\u012b citiem \u0137er&scaron;anas veidiem. -garums 32cm -spoles diametrs 55mm<\/p>\n","protected":false},"featured_media":107863,"template":"","meta":[],"product_brand":[894],"product_cat":[4586],"product_tag":[],"class_list":{"0":"post-75916","1":"product","2":"type-product","3":"status-publish","4":"has-post-thumbnail","6":"product_brand-salmo","7":"product_cat-winter-fishing-rod-winter-fishing-equipment-recreation","9":"first","10":"instock","11":"shipping-taxable","12":"purchasable","13":"product-type-simple"},"_links":{"self":[{"href":"https:\/\/sezona.lv\/en\/wp-json\/wp\/v2\/product\/75916","targetHints":{"allow":["GET"]}}],"collection":[{"href":"https:\/\/sezona.lv\/en\/wp-json\/wp\/v2\/product"}],"about":[{"href":"https:\/\/sezona.lv\/en\/wp-json\/wp\/v2\/types\/product"}],"wp:featuredmedia":[{"embeddable":true,"href":"https:\/\/sezona.lv\/en\/wp-json\/wp\/v2\/media\/107863"}],"wp:attachment":[{"href":"https:\/\/sezona.lv\/en\/wp-json\/wp\/v2\/media?parent=75916"}],"wp:term":[{"taxonomy":"product_brand","embeddable":true,"href":"https:\/\/sezona.lv\/en\/wp-json\/wp\/v2\/product_brand?post=75916"},{"taxonomy":"product_cat","embeddable":true,"href":"https:\/\/sezona.lv\/en\/wp-json\/wp\/v2\/product_cat?post=75916"},{"taxonomy":"product_tag","embeddable":true,"href":"https:\/\/sezona.lv\/en\/wp-json\/wp\/v2\/product_tag?post=75916"}],"curies":[{"name":"wp","href":"https:\/\/api.w.org\/{rel}","templated":true}]}}