{"id":75917,"date":"2025-07-11T15:34:45","date_gmt":"2025-07-11T12:34:45","guid":{"rendered":"https:\/\/demo8.ecube.lv\/sezona.lv\/products\/ziemas-makskere-fin-422-03\/"},"modified":"2025-07-14T14:42:57","modified_gmt":"2025-07-14T11:42:57","slug":"ziemas-makskere-fin-422-03","status":"publish","type":"product","link":"https:\/\/sezona.lv\/en\/products\/ziemas-makskere-fin-422-03\/","title":{"rendered":"Ziemas mak\u0161\u0137ere FIN (422-03)"},"content":{"rendered":"<p>Popul\u0101ras, skandin\u0101vu stil\u0101 izgatavotas ziemas mak&scaron;\u0137eres. Spices  komplekt\u0113tas ar gala ri\u0146\u0137iem. Ieteicamas darbam ar vertik\u0101lajiem un  horizont\u0101lajiem ziemas vizu\u013ciem, bet vienl\u012bdz veiksm\u012bgi izmantojamas ar\u012b  citiem \u0137er&scaron;anas veidiem.<\/p>\n<p>-garums 31cm<\/p>\n<p>-spoles diametrs 55mm<\/p>\n","protected":false},"excerpt":{"rendered":"<p>Popul\u0101ras, skandin\u0101vu stil\u0101 izgatavotas ziemas mak&scaron;\u0137eres. Spices komplekt\u0113tas ar gala ri\u0146\u0137iem. Ieteicamas darbam ar vertik\u0101lajiem un horizont\u0101lajiem ziemas vizu\u013ciem, bet vienl\u012bdz veiksm\u012bgi izmantojamas ar\u012b citiem \u0137er&scaron;anas veidiem. -garums 31cm -spoles diametrs 55mm<\/p>\n","protected":false},"featured_media":0,"template":"","meta":[],"product_brand":[894],"product_cat":[4586],"product_tag":[],"class_list":{"0":"post-75917","1":"product","2":"type-product","3":"status-publish","5":"product_brand-salmo","6":"product_cat-winter-fishing-rod-winter-fishing-equipment-recreation","8":"first","9":"instock","10":"shipping-taxable","11":"purchasable","12":"product-type-simple"},"_links":{"self":[{"href":"https:\/\/sezona.lv\/en\/wp-json\/wp\/v2\/product\/75917","targetHints":{"allow":["GET"]}}],"collection":[{"href":"https:\/\/sezona.lv\/en\/wp-json\/wp\/v2\/product"}],"about":[{"href":"https:\/\/sezona.lv\/en\/wp-json\/wp\/v2\/types\/product"}],"wp:attachment":[{"href":"https:\/\/sezona.lv\/en\/wp-json\/wp\/v2\/media?parent=75917"}],"wp:term":[{"taxonomy":"product_brand","embeddable":true,"href":"https:\/\/sezona.lv\/en\/wp-json\/wp\/v2\/product_brand?post=75917"},{"taxonomy":"product_cat","embeddable":true,"href":"https:\/\/sezona.lv\/en\/wp-json\/wp\/v2\/product_cat?post=75917"},{"taxonomy":"product_tag","embeddable":true,"href":"https:\/\/sezona.lv\/en\/wp-json\/wp\/v2\/product_tag?post=75917"}],"curies":[{"name":"wp","href":"https:\/\/api.w.org\/{rel}","templated":true}]}}